{"id":3898,"date":"2018-02-27T10:11:47","date_gmt":"2018-02-27T10:11:47","guid":{"rendered":"https:\/\/www.mimikastudio.com\/o-nas\/"},"modified":"2026-01-09T11:14:11","modified_gmt":"2026-01-09T10:14:11","slug":"about-us","status":"publish","type":"page","link":"https:\/\/www.mimikastudio.com\/en\/about-us\/","title":{"rendered":"About us"},"content":{"rendered":"<p>[vc_row row_content_width=&#8221;grid&#8221; content_text_aligment=&#8221;center&#8221; css=&#8221;.vc_custom_1521560323992{padding-top: 85px !important;padding-bottom: 92px !important;}&#8221;][vc_column]<div class=\"qodef-elements-holder   qodef-one-column  qodef-responsive-mode-768 \" ><div class=\"qodef-eh-item    \"  data-item-class=\"qodef-eh-custom-2898\" data-1280-1600=\"0px 22%\" data-1024-1280=\"0px 23%\" data-768-1024=\"0px 12%\" data-680-768=\"0px\" data-680=\"0px\">\n\t<div class=\"qodef-eh-item-inner\">\n\t\t<div class=\"qodef-eh-item-content qodef-eh-custom-2898\" style=\"padding: 0px 27%\">\n\t\t\t<div class=\"qodef-section-title-holder  qodef-st-standard qodef-st-title-left qodef-st-normal-space \" >\n\t<div class=\"qodef-st-inner\">\n\t\t\t\t\t<h1 class=\"qodef-st-title\" >\n\t\t\t\tMimika\t\t\t<\/h1>\n\t\t                    <div class=\"qodef-separator-holder clearfix   \">\n\t<div class=\"qodef-separator\" style=\"width: 48px\"><\/div>\n<\/div>\n        \t\t\t\t\t<p class=\"qodef-st-text\" >\n\t\t\t\tMIMIKA is a fashion collective shaped by the Polish\u2013Ecuadorian roots of Ewelina and Daniel. We operate on both the Polish and Ecuadorian markets, and the experience gained from these two places naturally influences our design process. MIMIKA was created for those who approach fashion consciously \u2014 as a form of expression rather than a passing trend. The brand\u2019s aesthetic balances boldness with timelessness, always grounded in fashion. It is a modern classic with character, designed for individuals who see style as a tool of expression, not decoration. The collections focus on leather garments with strong construction and refined detailing. These are pieces that build a distinctive look while remaining functional and easy to wear. Designed to live in the wardrobe for years, beyond seasons and temporary trends. Our designs gain depth and character over time. We never impose a single vision \u2014 clients are invited to co-create with us, adapting each piece to their needs and personality.\t\t\t<\/p>\n\t\t\t<\/div>\n<\/div>\t\t<\/div>\n\t<\/div>\n<\/div><\/div>[\/vc_column][\/vc_row][vc_row row_content_width=&#8221;grid&#8221; css=&#8221;.vc_custom_1519726484649{padding-bottom: 120px !important;}&#8221;][vc_column][\/vc_column][\/vc_row][vc_row row_content_width=&#8221;grid&#8221; css=&#8221;.vc_custom_1520004418865{padding-bottom: 70px !important;}&#8221;][vc_column width=&#8221;1\/2&#8243;]<div class=\"qodef-elements-holder   qodef-one-column  qodef-responsive-mode-768 \" ><div class=\"qodef-eh-item    \"  data-item-class=\"qodef-eh-custom-7100\" data-1280-1600=\"115px 14% 0px\" data-1024-1280=\"128px 14% 0px\" data-768-1024=\"50px 0px 0px\" data-680-768=\"0px\" data-680=\"0px\">\n\t<div class=\"qodef-eh-item-inner\">\n\t\t<div class=\"qodef-eh-item-content qodef-eh-custom-7100\" style=\"padding: 183px 21% 0px 13%\">\n\t\t\t<div class=\"qodef-section-title-holder  qodef-st-standard qodef-st-title-left qodef-st-normal-space \" >\n\t<div class=\"qodef-st-inner\">\n\t\t\t\t\t<h1 class=\"qodef-st-title\" >\n\t\t\t\tInspiration\t\t\t<\/h1>\n\t\t                    <div class=\"qodef-separator-holder clearfix   \">\n\t<div class=\"qodef-separator\" style=\"width: 48px\"><\/div>\n<\/div>\n        \t\t\t\t\t<p class=\"qodef-st-text\" >\n\t\t\t\tWe treat style as a dialogue based on individuality and authenticity. MIMIKA is a choice for those who know what they expect from style \u2014 for people who value coherence, quality, and a strong sense of personality. We draw inspiration globally \u2014 from observing the world, people, and contemporary culture, without geographical limitations. MIMIKA\u2019s inspirations also reach into cinema, literature, and art. We are influenced by the saturated visuals of Almod\u00f3var\u2019s films and the tension and narrative of Tarantino\u2019s cinema. We are equally inspired by the work of Marek H\u0142asko, Allen Ginsberg, and Jack Kerouac, as well as the art of Pablo Picasso, Salvador Dal\u00ed, and Tamara de Lempicka. Leather is our key medium \u2014 a material that lives, evolves, and gains character over time. We value it for its durability and authenticity, and we invite you to discover its potential together with us.\t\t\t<\/p>\n\t\t\t<\/div>\n<\/div>[vc_empty_space]<a itemprop=\"url\" href=\"#\" target=\"_self\"  class=\"qodef-btn qodef-btn-large qodef-btn-outline\"  >\n    <span class=\"qodef-btn-text\">Czytaj wi\u0119cej<\/span>\n    <\/a>\t\t<\/div>\n\t<\/div>\n<\/div><\/div>[vc_empty_space height=&#8221;50px&#8221;][\/vc_column][vc_column width=&#8221;1\/2&#8243;]<div class=\"qodef-elements-holder   qodef-one-column  qodef-responsive-mode-768 \" ><div class=\"qodef-eh-item    \"  data-item-class=\"qodef-eh-custom-9692\" data-1280-1600=\"0px 13% 0px 0px\" data-1024-1280=\"0px 13% 0px 0px\" data-768-1024=\"0px\" data-680-768=\"0px\" data-680=\"0px\">\n\t<div class=\"qodef-eh-item-inner\">\n\t\t<div class=\"qodef-eh-item-content qodef-eh-custom-9692\" style=\"padding: 0px 13% 0px 0px\">\n\t\t\t<div class=\"qodef-image-gallery  qodef-ig-slider-type qodef-no-space  \" >\n\t\t<div class=\"qodef-ig-slider qodef-owl-slider\" data-number-of-items=\"1\" data-enable-loop=\"yes\" data-enable-autoplay=\"yes\" data-slider-speed=\"5000\" data-slider-speed-animation=\"600\" data-slider-padding=\"no\" data-enable-navigation=\"yes\" data-enable-pagination=\"yes\">\n\t\t\t\t\t<div class=\"qodef-ig-image\">\n\t\t\t\t\t\t\t\t\t<img loading=\"lazy\" decoding=\"async\" width=\"1081\" height=\"1920\" src=\"https:\/\/www.mimikastudio.com\/wp-content\/uploads\/2023\/11\/DSC07172.jpeg\" class=\"attachment-full size-full\" alt=\"\" srcset=\"https:\/\/www.mimikastudio.com\/wp-content\/uploads\/2023\/11\/DSC07172.jpeg 1081w, https:\/\/www.mimikastudio.com\/wp-content\/uploads\/2023\/11\/DSC07172-282x500.jpeg 282w, https:\/\/www.mimikastudio.com\/wp-content\/uploads\/2023\/11\/DSC07172-577x1024.jpeg 577w, https:\/\/www.mimikastudio.com\/wp-content\/uploads\/2023\/11\/DSC07172-768x1364.jpeg 768w, https:\/\/www.mimikastudio.com\/wp-content\/uploads\/2023\/11\/DSC07172-865x1536.jpeg 865w, https:\/\/www.mimikastudio.com\/wp-content\/uploads\/2023\/11\/DSC07172-600x1066.jpeg 600w\" sizes=\"(max-width: 1081px) 100vw, 1081px\" \/>\t\t\t\t\t\t\t<\/div>\n\t\t\t\t\t<div class=\"qodef-ig-image\">\n\t\t\t\t\t\t\t\t\t<img loading=\"lazy\" decoding=\"async\" width=\"1920\" height=\"2560\" src=\"https:\/\/www.mimikastudio.com\/wp-content\/uploads\/2023\/11\/IMG_2503.jpg\" class=\"attachment-full size-full\" alt=\"\" \/>\t\t\t\t\t\t\t<\/div>\n\t\t\t\t\t<div class=\"qodef-ig-image\">\n\t\t\t\t\t\t\t\t\t<img loading=\"lazy\" decoding=\"async\" width=\"1923\" height=\"2560\" src=\"https:\/\/www.mimikastudio.com\/wp-content\/uploads\/2023\/11\/OQJG9996.jpeg\" class=\"attachment-full size-full\" alt=\"\" \/>\t\t\t\t\t\t\t<\/div>\n\t\t\t\t\t<div class=\"qodef-ig-image\">\n\t\t\t\t\t\t\t\t\t<img loading=\"lazy\" decoding=\"async\" width=\"1675\" height=\"2560\" src=\"https:\/\/www.mimikastudio.com\/wp-content\/uploads\/2023\/11\/IMG_7118.jpg\" class=\"attachment-full size-full\" alt=\"\" \/>\t\t\t\t\t\t\t<\/div>\n\t\t\t<\/div>\n<\/div><div class=\"qodef-image-gallery  qodef-ig-grid-type qodef-no-space  \">\n\t<div class=\"qodef-ig-inner qodef-outer-space qodef-ig-grid qodef-ig-two-columns\">\n\t\t\t<\/div>\n<\/div>[vc_empty_space height=&#8221;50px&#8221;]\t\t<\/div>\n\t<\/div>\n<\/div><\/div>[\/vc_column][\/vc_row]<\/p>\n","protected":false},"excerpt":{"rendered":"<p>[vc_row row_content_width=&#8221;grid&#8221; content_text_aligment=&#8221;center&#8221; css=&#8221;.vc_custom_1521560323992{padding-top: 85px !important;padding-bottom: 92px !important;}&#8221;][vc_column][\/vc_column][\/vc_row][vc_row row_content_width=&#8221;grid&#8221; css=&#8221;.vc_custom_1519726484649{padding-bottom: 120px !important;}&#8221;][vc_column][\/vc_column][\/vc_row][vc_row row_content_width=&#8221;grid&#8221; css=&#8221;.vc_custom_1520004418865{padding-bottom: 70px !important;}&#8221;][vc_column width=&#8221;1\/2&#8243;][vc_empty_space height=&#8221;50px&#8221;][\/vc_column][vc_column width=&#8221;1\/2&#8243;][\/vc_column][\/vc_row]<\/p>\n","protected":false},"author":1,"featured_media":0,"parent":0,"menu_order":0,"comment_status":"closed","ping_status":"closed","template":"full-width.php","meta":{"footnotes":""},"yoast_head":"<!-- This site is optimized with the Yoast SEO plugin v22.2 - https:\/\/yoast.com\/wordpress\/plugins\/seo\/ -->\n<title>About us - Mimika Studio Odzie\u017c sk\u00f3rzana<\/title>\n<meta name=\"robots\" content=\"index, follow, max-snippet:-1, max-image-preview:large, max-video-preview:-1\" \/>\n<link rel=\"canonical\" href=\"https:\/\/www.mimikastudio.com\/en\/about-us\/\" \/>\n<meta property=\"og:locale\" content=\"en_US\" \/>\n<meta property=\"og:type\" content=\"article\" \/>\n<meta property=\"og:title\" content=\"About us - Mimika Studio Odzie\u017c sk\u00f3rzana\" \/>\n<meta property=\"og:description\" content=\"[vc_row row_content_width=&#8221;grid&#8221; content_text_aligment=&#8221;center&#8221; css=&#8221;.vc_custom_1521560323992{padding-top: 85px !important;padding-bottom: 92px !important;}&#8221;][vc_column][\/vc_column][\/vc_row][vc_row row_content_width=&#8221;grid&#8221; css=&#8221;.vc_custom_1519726484649{padding-bottom: 120px !important;}&#8221;][vc_column][\/vc_column][\/vc_row][vc_row row_content_width=&#8221;grid&#8221; css=&#8221;.vc_custom_1520004418865{padding-bottom: 70px !important;}&#8221;][vc_column width=&#8221;1\/2&#8243;][vc_empty_space height=&#8221;50px&#8221;][\/vc_column][vc_column width=&#8221;1\/2&#8243;][\/vc_column][\/vc_row]\" \/>\n<meta property=\"og:url\" content=\"https:\/\/www.mimikastudio.com\/en\/about-us\/\" \/>\n<meta property=\"og:site_name\" content=\"Mimika Studio Odzie\u017c sk\u00f3rzana\" \/>\n<meta property=\"article:publisher\" content=\"https:\/\/www.facebook.com\/mimikaleather\" \/>\n<meta property=\"article:modified_time\" content=\"2026-01-09T10:14:11+00:00\" \/>\n<meta name=\"twitter:card\" content=\"summary_large_image\" \/>\n<meta name=\"twitter:label1\" content=\"Est. reading time\" \/>\n\t<meta name=\"twitter:data1\" content=\"3 minutes\" \/>\n<script type=\"application\/ld+json\" class=\"yoast-schema-graph\">{\"@context\":\"https:\/\/schema.org\",\"@graph\":[{\"@type\":\"WebPage\",\"@id\":\"https:\/\/www.mimikastudio.com\/en\/about-us\/\",\"url\":\"https:\/\/www.mimikastudio.com\/en\/about-us\/\",\"name\":\"About us - Mimika Studio Odzie\u017c sk\u00f3rzana\",\"isPartOf\":{\"@id\":\"https:\/\/www.mimikastudio.com\/#website\"},\"datePublished\":\"2018-02-27T10:11:47+00:00\",\"dateModified\":\"2026-01-09T10:14:11+00:00\",\"breadcrumb\":{\"@id\":\"https:\/\/www.mimikastudio.com\/en\/about-us\/#breadcrumb\"},\"inLanguage\":\"en-US\",\"potentialAction\":[{\"@type\":\"ReadAction\",\"target\":[\"https:\/\/www.mimikastudio.com\/en\/about-us\/\"]}]},{\"@type\":\"BreadcrumbList\",\"@id\":\"https:\/\/www.mimikastudio.com\/en\/about-us\/#breadcrumb\",\"itemListElement\":[{\"@type\":\"ListItem\",\"position\":1,\"name\":\"Home\",\"item\":\"https:\/\/www.mimikastudio.com\/en\/\"},{\"@type\":\"ListItem\",\"position\":2,\"name\":\"About us\"}]},{\"@type\":\"WebSite\",\"@id\":\"https:\/\/www.mimikastudio.com\/#website\",\"url\":\"https:\/\/www.mimikastudio.com\/\",\"name\":\"Mimika Studio Odzie\u017c sk\u00f3rzana\",\"description\":\"Mimika Studio Odzie\u017c sk\u00f3rzana\",\"potentialAction\":[{\"@type\":\"SearchAction\",\"target\":{\"@type\":\"EntryPoint\",\"urlTemplate\":\"https:\/\/www.mimikastudio.com\/?s={search_term_string}\"},\"query-input\":\"required name=search_term_string\"}],\"inLanguage\":\"en-US\"}]}<\/script>\n<!-- \/ Yoast SEO plugin. -->","yoast_head_json":{"title":"About us - Mimika Studio Odzie\u017c sk\u00f3rzana","robots":{"index":"index","follow":"follow","max-snippet":"max-snippet:-1","max-image-preview":"max-image-preview:large","max-video-preview":"max-video-preview:-1"},"canonical":"https:\/\/www.mimikastudio.com\/en\/about-us\/","og_locale":"en_US","og_type":"article","og_title":"About us - Mimika Studio Odzie\u017c sk\u00f3rzana","og_description":"[vc_row row_content_width=&#8221;grid&#8221; content_text_aligment=&#8221;center&#8221; css=&#8221;.vc_custom_1521560323992{padding-top: 85px !important;padding-bottom: 92px !important;}&#8221;][vc_column][\/vc_column][\/vc_row][vc_row row_content_width=&#8221;grid&#8221; css=&#8221;.vc_custom_1519726484649{padding-bottom: 120px !important;}&#8221;][vc_column][\/vc_column][\/vc_row][vc_row row_content_width=&#8221;grid&#8221; css=&#8221;.vc_custom_1520004418865{padding-bottom: 70px !important;}&#8221;][vc_column width=&#8221;1\/2&#8243;][vc_empty_space height=&#8221;50px&#8221;][\/vc_column][vc_column width=&#8221;1\/2&#8243;][\/vc_column][\/vc_row]","og_url":"https:\/\/www.mimikastudio.com\/en\/about-us\/","og_site_name":"Mimika Studio Odzie\u017c sk\u00f3rzana","article_publisher":"https:\/\/www.facebook.com\/mimikaleather","article_modified_time":"2026-01-09T10:14:11+00:00","twitter_card":"summary_large_image","twitter_misc":{"Est. reading time":"3 minutes"},"schema":{"@context":"https:\/\/schema.org","@graph":[{"@type":"WebPage","@id":"https:\/\/www.mimikastudio.com\/en\/about-us\/","url":"https:\/\/www.mimikastudio.com\/en\/about-us\/","name":"About us - Mimika Studio Odzie\u017c sk\u00f3rzana","isPartOf":{"@id":"https:\/\/www.mimikastudio.com\/#website"},"datePublished":"2018-02-27T10:11:47+00:00","dateModified":"2026-01-09T10:14:11+00:00","breadcrumb":{"@id":"https:\/\/www.mimikastudio.com\/en\/about-us\/#breadcrumb"},"inLanguage":"en-US","potentialAction":[{"@type":"ReadAction","target":["https:\/\/www.mimikastudio.com\/en\/about-us\/"]}]},{"@type":"BreadcrumbList","@id":"https:\/\/www.mimikastudio.com\/en\/about-us\/#breadcrumb","itemListElement":[{"@type":"ListItem","position":1,"name":"Home","item":"https:\/\/www.mimikastudio.com\/en\/"},{"@type":"ListItem","position":2,"name":"About us"}]},{"@type":"WebSite","@id":"https:\/\/www.mimikastudio.com\/#website","url":"https:\/\/www.mimikastudio.com\/","name":"Mimika Studio Odzie\u017c sk\u00f3rzana","description":"Mimika Studio Odzie\u017c sk\u00f3rzana","potentialAction":[{"@type":"SearchAction","target":{"@type":"EntryPoint","urlTemplate":"https:\/\/www.mimikastudio.com\/?s={search_term_string}"},"query-input":"required name=search_term_string"}],"inLanguage":"en-US"}]}},"_links":{"self":[{"href":"https:\/\/www.mimikastudio.com\/en\/wp-json\/wp\/v2\/pages\/3898\/"}],"collection":[{"href":"https:\/\/www.mimikastudio.com\/en\/wp-json\/wp\/v2\/pages\/"}],"about":[{"href":"https:\/\/www.mimikastudio.com\/en\/wp-json\/wp\/v2\/types\/page\/"}],"author":[{"embeddable":true,"href":"https:\/\/www.mimikastudio.com\/en\/wp-json\/wp\/v2\/users\/1\/"}],"replies":[{"embeddable":true,"href":"https:\/\/www.mimikastudio.com\/en\/wp-json\/wp\/v2\/comments\/?post=3898"}],"version-history":[{"count":10,"href":"https:\/\/www.mimikastudio.com\/en\/wp-json\/wp\/v2\/pages\/3898\/revisions\/"}],"predecessor-version":[{"id":9540,"href":"https:\/\/www.mimikastudio.com\/en\/wp-json\/wp\/v2\/pages\/3898\/revisions\/9540\/"}],"wp:attachment":[{"href":"https:\/\/www.mimikastudio.com\/en\/wp-json\/wp\/v2\/media\/?parent=3898"}],"curies":[{"name":"wp","href":"https:\/\/api.w.org\/{rel}","templated":true}]}}