{"id":3907,"date":"2018-03-07T09:09:56","date_gmt":"2018-03-07T09:09:56","guid":{"rendered":"https:\/\/www.mimikastudio.com\/lookbook\/"},"modified":"2025-02-13T16:16:14","modified_gmt":"2025-02-13T15:16:14","slug":"lookbook","status":"publish","type":"page","link":"https:\/\/www.mimikastudio.com\/en\/lookbook\/","title":{"rendered":"Lookbook"},"content":{"rendered":"<p>[vc_row row_content_width=&#8221;grid&#8221; content_text_aligment=&#8221;center&#8221; css=&#8221;.vc_custom_1520424506203{padding-top: 85px !important;padding-bottom: 80px !important;}&#8221;][vc_column]<div class=\"qodef-elements-holder   qodef-one-column  qodef-responsive-mode-768 \" ><div class=\"qodef-eh-item   qodef-horizontal-alignment-center \"  data-item-class=\"qodef-eh-custom-2119\" data-1280-1600=\"0 28%\" data-1024-1280=\"0 26%\" data-768-1024=\"0 16%\" data-680-768=\"0 6%\" data-680=\"0%\">\n\t<div class=\"qodef-eh-item-inner\">\n\t\t<div class=\"qodef-eh-item-content qodef-eh-custom-2119\" style=\"padding: 0 30%\">\n\t\t\t<div class=\"qodef-section-title-holder  qodef-st-standard qodef-st-title-left qodef-st-normal-space \" >\n\t<div class=\"qodef-st-inner\">\n\t\t\t\t\t<h1 class=\"qodef-st-title\" >\n\t\t\t\tLookbook\t\t\t<\/h1>\n\t\t                    <div class=\"qodef-separator-holder clearfix   \">\n\t<div class=\"qodef-separator\" style=\"width: 48px\"><\/div>\n<\/div>\n        \t\t\t<\/div>\n<\/div>\t\t<\/div>\n\t<\/div>\n<\/div><\/div>[\/vc_column][\/vc_row][vc_row full_width=&#8221;stretch_row_content&#8221;][vc_column width=&#8221;1\/2&#8243;]<div class=\"qodef-single-image-holder  qodef-has-shadow qodef-image-behavior-custom-link\">\n    <div class=\"qodef-si-inner\" >\n        \t            <a itemprop=\"url\" href=\"https:\/\/www.mimikastudio.com\/yo-minoria-absoluta\/\" target=\"_self\">\n                                    <img loading=\"lazy\" decoding=\"async\" width=\"2048\" height=\"1324\" src=\"https:\/\/www.mimikastudio.com\/wp-content\/uploads\/2025\/02\/Zdjecie-WhatsApp-2025-02-13-o-15.28.36_978ea9b7.jpg\" class=\"attachment-full size-full\" alt=\"\" srcset=\"https:\/\/www.mimikastudio.com\/wp-content\/uploads\/2025\/02\/Zdjecie-WhatsApp-2025-02-13-o-15.28.36_978ea9b7.jpg 2048w, https:\/\/www.mimikastudio.com\/wp-content\/uploads\/2025\/02\/Zdjecie-WhatsApp-2025-02-13-o-15.28.36_978ea9b7-500x323.jpg 500w, https:\/\/www.mimikastudio.com\/wp-content\/uploads\/2025\/02\/Zdjecie-WhatsApp-2025-02-13-o-15.28.36_978ea9b7-1024x662.jpg 1024w, https:\/\/www.mimikastudio.com\/wp-content\/uploads\/2025\/02\/Zdjecie-WhatsApp-2025-02-13-o-15.28.36_978ea9b7-768x497.jpg 768w, https:\/\/www.mimikastudio.com\/wp-content\/uploads\/2025\/02\/Zdjecie-WhatsApp-2025-02-13-o-15.28.36_978ea9b7-1536x993.jpg 1536w, https:\/\/www.mimikastudio.com\/wp-content\/uploads\/2025\/02\/Zdjecie-WhatsApp-2025-02-13-o-15.28.36_978ea9b7-600x388.jpg 600w\" sizes=\"(max-width: 2048px) 100vw, 2048px\" \/>                                <\/a>\n            <\/div>\n<\/div>[vc_empty_space]<a itemprop=\"url\" href=\"https:\/\/www.mimikastudio.com\/yo-minoria-absoluta\/\" target=\"_self\" style=\"text-transform: capitalize\" class=\"qodef-btn qodef-btn-huge qodef-btn-outline\"  >\n    <span class=\"qodef-btn-text\">More photos<\/span>\n    <\/a>[vc_empty_space][\/vc_column][vc_column width=&#8221;1\/2&#8243;]<div class=\"qodef-single-image-holder  qodef-has-shadow qodef-image-behavior-custom-link\">\n    <div class=\"qodef-si-inner\" >\n        \t            <a itemprop=\"url\" href=\"https:\/\/www.mimikastudio.com\/audiencia-maxima-vol-1\/\" target=\"_self\">\n                                    <img loading=\"lazy\" decoding=\"async\" width=\"1365\" height=\"2048\" src=\"https:\/\/www.mimikastudio.com\/wp-content\/uploads\/2025\/02\/Zdjecie-WhatsApp-2025-02-13-o-15.28.36_978ea9b7-3.jpg\" class=\"attachment-full size-full\" alt=\"\" srcset=\"https:\/\/www.mimikastudio.com\/wp-content\/uploads\/2025\/02\/Zdjecie-WhatsApp-2025-02-13-o-15.28.36_978ea9b7-3.jpg 1365w, https:\/\/www.mimikastudio.com\/wp-content\/uploads\/2025\/02\/Zdjecie-WhatsApp-2025-02-13-o-15.28.36_978ea9b7-3-333x500.jpg 333w, https:\/\/www.mimikastudio.com\/wp-content\/uploads\/2025\/02\/Zdjecie-WhatsApp-2025-02-13-o-15.28.36_978ea9b7-3-683x1024.jpg 683w, https:\/\/www.mimikastudio.com\/wp-content\/uploads\/2025\/02\/Zdjecie-WhatsApp-2025-02-13-o-15.28.36_978ea9b7-3-768x1152.jpg 768w, https:\/\/www.mimikastudio.com\/wp-content\/uploads\/2025\/02\/Zdjecie-WhatsApp-2025-02-13-o-15.28.36_978ea9b7-3-1024x1536.jpg 1024w, https:\/\/www.mimikastudio.com\/wp-content\/uploads\/2025\/02\/Zdjecie-WhatsApp-2025-02-13-o-15.28.36_978ea9b7-3-500x750.jpg 500w, https:\/\/www.mimikastudio.com\/wp-content\/uploads\/2025\/02\/Zdjecie-WhatsApp-2025-02-13-o-15.28.36_978ea9b7-3-600x900.jpg 600w\" sizes=\"(max-width: 1365px) 100vw, 1365px\" \/>                                <\/a>\n            <\/div>\n<\/div>[vc_empty_space]<a itemprop=\"url\" href=\"https:\/\/www.mimikastudio.com\/audiencia-maxima-vol-1\/\" target=\"_self\" style=\"text-transform: capitalize\" class=\"qodef-btn qodef-btn-huge qodef-btn-outline\"  >\n    <span class=\"qodef-btn-text\">More photos<\/span>\n    <\/a>[vc_empty_space][\/vc_column][\/vc_row]<\/p>\n","protected":false},"excerpt":{"rendered":"<p>[vc_row row_content_width=&#8221;grid&#8221; content_text_aligment=&#8221;center&#8221; css=&#8221;.vc_custom_1520424506203{padding-top: 85px !important;padding-bottom: 80px !important;}&#8221;][vc_column][\/vc_column][\/vc_row][vc_row full_width=&#8221;stretch_row_content&#8221;][vc_column width=&#8221;1\/2&#8243;][vc_empty_space][vc_empty_space][\/vc_column][vc_column width=&#8221;1\/2&#8243;][vc_empty_space][vc_empty_space][\/vc_column][\/vc_row]<\/p>\n","protected":false},"author":1,"featured_media":0,"parent":0,"menu_order":0,"comment_status":"closed","ping_status":"closed","template":"full-width.php","meta":{"footnotes":""},"yoast_head":"<!-- This site is optimized with the Yoast SEO plugin v22.2 - https:\/\/yoast.com\/wordpress\/plugins\/seo\/ -->\n<title>Lookbook - Mimika Studio Odzie\u017c sk\u00f3rzana<\/title>\n<meta name=\"robots\" content=\"index, follow, max-snippet:-1, max-image-preview:large, max-video-preview:-1\" \/>\n<link rel=\"canonical\" href=\"https:\/\/www.mimikastudio.com\/lookbook\/\" \/>\n<meta property=\"og:locale\" content=\"en_US\" \/>\n<meta property=\"og:type\" content=\"article\" \/>\n<meta property=\"og:title\" content=\"Lookbook - Mimika Studio Odzie\u017c sk\u00f3rzana\" \/>\n<meta property=\"og:description\" content=\"[vc_row row_content_width=&#8221;grid&#8221; content_text_aligment=&#8221;center&#8221; css=&#8221;.vc_custom_1520424506203{padding-top: 85px !important;padding-bottom: 80px !important;}&#8221;][vc_column][\/vc_column][\/vc_row][vc_row full_width=&#8221;stretch_row_content&#8221;][vc_column width=&#8221;1\/2&#8243;][vc_empty_space][vc_empty_space][\/vc_column][vc_column width=&#8221;1\/2&#8243;][vc_empty_space][vc_empty_space][\/vc_column][\/vc_row]\" \/>\n<meta property=\"og:url\" content=\"https:\/\/www.mimikastudio.com\/lookbook\/\" \/>\n<meta property=\"og:site_name\" content=\"Mimika Studio Odzie\u017c sk\u00f3rzana\" \/>\n<meta property=\"article:publisher\" content=\"https:\/\/www.facebook.com\/mimikaleather\" \/>\n<meta property=\"article:modified_time\" content=\"2025-02-13T15:16:14+00:00\" \/>\n<meta name=\"twitter:card\" content=\"summary_large_image\" \/>\n<meta name=\"twitter:label1\" content=\"Est. reading time\" \/>\n\t<meta name=\"twitter:data1\" content=\"1 minute\" \/>\n<script type=\"application\/ld+json\" class=\"yoast-schema-graph\">{\"@context\":\"https:\/\/schema.org\",\"@graph\":[{\"@type\":\"WebPage\",\"@id\":\"https:\/\/www.mimikastudio.com\/lookbook\/\",\"url\":\"https:\/\/www.mimikastudio.com\/lookbook\/\",\"name\":\"Lookbook - Mimika Studio Odzie\u017c sk\u00f3rzana\",\"isPartOf\":{\"@id\":\"https:\/\/www.mimikastudio.com\/#website\"},\"datePublished\":\"2018-03-07T09:09:56+00:00\",\"dateModified\":\"2025-02-13T15:16:14+00:00\",\"breadcrumb\":{\"@id\":\"https:\/\/www.mimikastudio.com\/lookbook\/#breadcrumb\"},\"inLanguage\":\"en-US\",\"potentialAction\":[{\"@type\":\"ReadAction\",\"target\":[\"https:\/\/www.mimikastudio.com\/lookbook\/\"]}]},{\"@type\":\"BreadcrumbList\",\"@id\":\"https:\/\/www.mimikastudio.com\/lookbook\/#breadcrumb\",\"itemListElement\":[{\"@type\":\"ListItem\",\"position\":1,\"name\":\"Home\",\"item\":\"https:\/\/www.mimikastudio.com\/en\/\"},{\"@type\":\"ListItem\",\"position\":2,\"name\":\"Lookbook\"}]},{\"@type\":\"WebSite\",\"@id\":\"https:\/\/www.mimikastudio.com\/#website\",\"url\":\"https:\/\/www.mimikastudio.com\/\",\"name\":\"Mimika Studio Odzie\u017c sk\u00f3rzana\",\"description\":\"Mimika Studio Odzie\u017c sk\u00f3rzana\",\"potentialAction\":[{\"@type\":\"SearchAction\",\"target\":{\"@type\":\"EntryPoint\",\"urlTemplate\":\"https:\/\/www.mimikastudio.com\/?s={search_term_string}\"},\"query-input\":\"required name=search_term_string\"}],\"inLanguage\":\"en-US\"}]}<\/script>\n<!-- \/ Yoast SEO plugin. -->","yoast_head_json":{"title":"Lookbook - Mimika Studio Odzie\u017c sk\u00f3rzana","robots":{"index":"index","follow":"follow","max-snippet":"max-snippet:-1","max-image-preview":"max-image-preview:large","max-video-preview":"max-video-preview:-1"},"canonical":"https:\/\/www.mimikastudio.com\/lookbook\/","og_locale":"en_US","og_type":"article","og_title":"Lookbook - Mimika Studio Odzie\u017c sk\u00f3rzana","og_description":"[vc_row row_content_width=&#8221;grid&#8221; content_text_aligment=&#8221;center&#8221; css=&#8221;.vc_custom_1520424506203{padding-top: 85px !important;padding-bottom: 80px !important;}&#8221;][vc_column][\/vc_column][\/vc_row][vc_row full_width=&#8221;stretch_row_content&#8221;][vc_column width=&#8221;1\/2&#8243;][vc_empty_space][vc_empty_space][\/vc_column][vc_column width=&#8221;1\/2&#8243;][vc_empty_space][vc_empty_space][\/vc_column][\/vc_row]","og_url":"https:\/\/www.mimikastudio.com\/lookbook\/","og_site_name":"Mimika Studio Odzie\u017c sk\u00f3rzana","article_publisher":"https:\/\/www.facebook.com\/mimikaleather","article_modified_time":"2025-02-13T15:16:14+00:00","twitter_card":"summary_large_image","twitter_misc":{"Est. reading time":"1 minute"},"schema":{"@context":"https:\/\/schema.org","@graph":[{"@type":"WebPage","@id":"https:\/\/www.mimikastudio.com\/lookbook\/","url":"https:\/\/www.mimikastudio.com\/lookbook\/","name":"Lookbook - Mimika Studio Odzie\u017c sk\u00f3rzana","isPartOf":{"@id":"https:\/\/www.mimikastudio.com\/#website"},"datePublished":"2018-03-07T09:09:56+00:00","dateModified":"2025-02-13T15:16:14+00:00","breadcrumb":{"@id":"https:\/\/www.mimikastudio.com\/lookbook\/#breadcrumb"},"inLanguage":"en-US","potentialAction":[{"@type":"ReadAction","target":["https:\/\/www.mimikastudio.com\/lookbook\/"]}]},{"@type":"BreadcrumbList","@id":"https:\/\/www.mimikastudio.com\/lookbook\/#breadcrumb","itemListElement":[{"@type":"ListItem","position":1,"name":"Home","item":"https:\/\/www.mimikastudio.com\/en\/"},{"@type":"ListItem","position":2,"name":"Lookbook"}]},{"@type":"WebSite","@id":"https:\/\/www.mimikastudio.com\/#website","url":"https:\/\/www.mimikastudio.com\/","name":"Mimika Studio Odzie\u017c sk\u00f3rzana","description":"Mimika Studio Odzie\u017c sk\u00f3rzana","potentialAction":[{"@type":"SearchAction","target":{"@type":"EntryPoint","urlTemplate":"https:\/\/www.mimikastudio.com\/?s={search_term_string}"},"query-input":"required name=search_term_string"}],"inLanguage":"en-US"}]}},"_links":{"self":[{"href":"https:\/\/www.mimikastudio.com\/en\/wp-json\/wp\/v2\/pages\/3907\/"}],"collection":[{"href":"https:\/\/www.mimikastudio.com\/en\/wp-json\/wp\/v2\/pages\/"}],"about":[{"href":"https:\/\/www.mimikastudio.com\/en\/wp-json\/wp\/v2\/types\/page\/"}],"author":[{"embeddable":true,"href":"https:\/\/www.mimikastudio.com\/en\/wp-json\/wp\/v2\/users\/1\/"}],"replies":[{"embeddable":true,"href":"https:\/\/www.mimikastudio.com\/en\/wp-json\/wp\/v2\/comments\/?post=3907"}],"version-history":[{"count":17,"href":"https:\/\/www.mimikastudio.com\/en\/wp-json\/wp\/v2\/pages\/3907\/revisions\/"}],"predecessor-version":[{"id":9262,"href":"https:\/\/www.mimikastudio.com\/en\/wp-json\/wp\/v2\/pages\/3907\/revisions\/9262\/"}],"wp:attachment":[{"href":"https:\/\/www.mimikastudio.com\/en\/wp-json\/wp\/v2\/media\/?parent=3907"}],"curies":[{"name":"wp","href":"https:\/\/api.w.org\/{rel}","templated":true}]}}