{"id":3911,"date":"2018-03-12T14:28:14","date_gmt":"2018-03-12T14:28:14","guid":{"rendered":"https:\/\/www.mimikastudio.com\/press\/"},"modified":"2025-12-08T09:49:44","modified_gmt":"2025-12-08T08:49:44","slug":"press","status":"publish","type":"page","link":"https:\/\/www.mimikastudio.com\/en\/press\/","title":{"rendered":"Collab"},"content":{"rendered":"<p>[vc_row row_content_width=&#8221;grid&#8221; content_text_aligment=&#8221;center&#8221; css=&#8221;.vc_custom_1535718851562{padding-top: 120px !important;padding-bottom: 113px !important;}&#8221;][vc_column]<div class=\"qodef-image-gallery  qodef-ig-masonry-type qodef-small-space qodef-has-shadow qodef-image-behavior-grayscale\">\n\t<div class=\"qodef-ig-inner qodef-outer-space qodef-ig-masonry qodef-ig-three-columns\">\n\t\t<div class=\"qodef-ig-grid-sizer\"><\/div>\n\t\t<div class=\"qodef-ig-grid-gutter\"><\/div>\n\t\t\t\t\t\t\t\t<div class=\"qodef-ig-image qodef-item-space \">\n\t\t\t\t<div class=\"qodef-ig-image-inner\">\n\t\t\t\t\t\t\t\t\t\t\t<img loading=\"lazy\" decoding=\"async\" width=\"1600\" height=\"1306\" src=\"https:\/\/www.mimikastudio.com\/wp-content\/uploads\/2018\/08\/FQ1C4103.jpg\" class=\"attachment-full size-full\" alt=\"\" srcset=\"https:\/\/www.mimikastudio.com\/wp-content\/uploads\/2018\/08\/FQ1C4103.jpg 1600w, https:\/\/www.mimikastudio.com\/wp-content\/uploads\/2018\/08\/FQ1C4103-300x245.jpg 300w, https:\/\/www.mimikastudio.com\/wp-content\/uploads\/2018\/08\/FQ1C4103-768x627.jpg 768w, https:\/\/www.mimikastudio.com\/wp-content\/uploads\/2018\/08\/FQ1C4103-1024x836.jpg 1024w, https:\/\/www.mimikastudio.com\/wp-content\/uploads\/2018\/08\/FQ1C4103-600x490.jpg 600w\" sizes=\"(max-width: 1600px) 100vw, 1600px\" \/>\t\t\t\t\t\t\t\t\t<\/div>\n\t\t\t<\/div>\n\t\t\t\t\t\t\t\t<div class=\"qodef-ig-image qodef-item-space \">\n\t\t\t\t<div class=\"qodef-ig-image-inner\">\n\t\t\t\t\t\t\t\t\t\t\t<img loading=\"lazy\" decoding=\"async\" width=\"1600\" height=\"2243\" src=\"https:\/\/www.mimikastudio.com\/wp-content\/uploads\/2018\/08\/FQ1C4008.jpg\" class=\"attachment-full size-full\" alt=\"\" srcset=\"https:\/\/www.mimikastudio.com\/wp-content\/uploads\/2018\/08\/FQ1C4008.jpg 1600w, https:\/\/www.mimikastudio.com\/wp-content\/uploads\/2018\/08\/FQ1C4008-214x300.jpg 214w, https:\/\/www.mimikastudio.com\/wp-content\/uploads\/2018\/08\/FQ1C4008-768x1077.jpg 768w, https:\/\/www.mimikastudio.com\/wp-content\/uploads\/2018\/08\/FQ1C4008-730x1024.jpg 730w, https:\/\/www.mimikastudio.com\/wp-content\/uploads\/2018\/08\/FQ1C4008-600x841.jpg 600w\" sizes=\"(max-width: 1600px) 100vw, 1600px\" \/>\t\t\t\t\t\t\t\t\t<\/div>\n\t\t\t<\/div>\n\t\t\t\t\t\t\t\t<div class=\"qodef-ig-image qodef-item-space \">\n\t\t\t\t<div class=\"qodef-ig-image-inner\">\n\t\t\t\t\t\t\t\t\t\t\t<img loading=\"lazy\" decoding=\"async\" width=\"1600\" height=\"1911\" src=\"https:\/\/www.mimikastudio.com\/wp-content\/uploads\/2018\/08\/beata.jpg\" class=\"attachment-full size-full\" alt=\"\" srcset=\"https:\/\/www.mimikastudio.com\/wp-content\/uploads\/2018\/08\/beata.jpg 1600w, https:\/\/www.mimikastudio.com\/wp-content\/uploads\/2018\/08\/beata-251x300.jpg 251w, https:\/\/www.mimikastudio.com\/wp-content\/uploads\/2018\/08\/beata-768x917.jpg 768w, https:\/\/www.mimikastudio.com\/wp-content\/uploads\/2018\/08\/beata-857x1024.jpg 857w, https:\/\/www.mimikastudio.com\/wp-content\/uploads\/2018\/08\/beata-600x717.jpg 600w\" sizes=\"(max-width: 1600px) 100vw, 1600px\" \/>\t\t\t\t\t\t\t\t\t<\/div>\n\t\t\t<\/div>\n\t\t\t\t\t\t\t\t<div class=\"qodef-ig-image qodef-item-space \">\n\t\t\t\t<div class=\"qodef-ig-image-inner\">\n\t\t\t\t\t\t\t\t\t\t\t<img loading=\"lazy\" decoding=\"async\" width=\"1600\" height=\"2393\" src=\"https:\/\/www.mimikastudio.com\/wp-content\/uploads\/2018\/08\/20170318_ZUZA_PLUS_BEATAKOZIDRAK_0756.jpg\" class=\"attachment-full size-full\" alt=\"\" srcset=\"https:\/\/www.mimikastudio.com\/wp-content\/uploads\/2018\/08\/20170318_ZUZA_PLUS_BEATAKOZIDRAK_0756.jpg 1600w, https:\/\/www.mimikastudio.com\/wp-content\/uploads\/2018\/08\/20170318_ZUZA_PLUS_BEATAKOZIDRAK_0756-201x300.jpg 201w, https:\/\/www.mimikastudio.com\/wp-content\/uploads\/2018\/08\/20170318_ZUZA_PLUS_BEATAKOZIDRAK_0756-768x1149.jpg 768w, https:\/\/www.mimikastudio.com\/wp-content\/uploads\/2018\/08\/20170318_ZUZA_PLUS_BEATAKOZIDRAK_0756-685x1024.jpg 685w, https:\/\/www.mimikastudio.com\/wp-content\/uploads\/2018\/08\/20170318_ZUZA_PLUS_BEATAKOZIDRAK_0756-600x897.jpg 600w\" sizes=\"(max-width: 1600px) 100vw, 1600px\" \/>\t\t\t\t\t\t\t\t\t<\/div>\n\t\t\t<\/div>\n\t\t\t\t\t\t\t\t<div class=\"qodef-ig-image qodef-item-space \">\n\t\t\t\t<div class=\"qodef-ig-image-inner\">\n\t\t\t\t\t\t\t\t\t\t\t<img loading=\"lazy\" decoding=\"async\" width=\"1600\" height=\"1070\" src=\"https:\/\/www.mimikastudio.com\/wp-content\/uploads\/2018\/08\/20170318_ZUZA_PLUS_BEATAKOZIDRAK_0691.jpg\" class=\"attachment-full size-full\" alt=\"\" srcset=\"https:\/\/www.mimikastudio.com\/wp-content\/uploads\/2018\/08\/20170318_ZUZA_PLUS_BEATAKOZIDRAK_0691.jpg 1600w, https:\/\/www.mimikastudio.com\/wp-content\/uploads\/2018\/08\/20170318_ZUZA_PLUS_BEATAKOZIDRAK_0691-300x201.jpg 300w, https:\/\/www.mimikastudio.com\/wp-content\/uploads\/2018\/08\/20170318_ZUZA_PLUS_BEATAKOZIDRAK_0691-768x514.jpg 768w, https:\/\/www.mimikastudio.com\/wp-content\/uploads\/2018\/08\/20170318_ZUZA_PLUS_BEATAKOZIDRAK_0691-1024x685.jpg 1024w, https:\/\/www.mimikastudio.com\/wp-content\/uploads\/2018\/08\/20170318_ZUZA_PLUS_BEATAKOZIDRAK_0691-600x401.jpg 600w\" sizes=\"(max-width: 1600px) 100vw, 1600px\" \/>\t\t\t\t\t\t\t\t\t<\/div>\n\t\t\t<\/div>\n\t\t\t\t\t\t\t\t<div class=\"qodef-ig-image qodef-item-space \">\n\t\t\t\t<div class=\"qodef-ig-image-inner\">\n\t\t\t\t\t\t\t\t\t\t\t<img loading=\"lazy\" decoding=\"async\" width=\"1600\" height=\"1070\" src=\"https:\/\/www.mimikastudio.com\/wp-content\/uploads\/2018\/08\/20170318_ZUZA_PLUS_BEATAKOZIDRAK_0665.jpg\" class=\"attachment-full size-full\" alt=\"\" srcset=\"https:\/\/www.mimikastudio.com\/wp-content\/uploads\/2018\/08\/20170318_ZUZA_PLUS_BEATAKOZIDRAK_0665.jpg 1600w, https:\/\/www.mimikastudio.com\/wp-content\/uploads\/2018\/08\/20170318_ZUZA_PLUS_BEATAKOZIDRAK_0665-300x201.jpg 300w, https:\/\/www.mimikastudio.com\/wp-content\/uploads\/2018\/08\/20170318_ZUZA_PLUS_BEATAKOZIDRAK_0665-768x514.jpg 768w, https:\/\/www.mimikastudio.com\/wp-content\/uploads\/2018\/08\/20170318_ZUZA_PLUS_BEATAKOZIDRAK_0665-1024x685.jpg 1024w, https:\/\/www.mimikastudio.com\/wp-content\/uploads\/2018\/08\/20170318_ZUZA_PLUS_BEATAKOZIDRAK_0665-600x401.jpg 600w\" sizes=\"(max-width: 1600px) 100vw, 1600px\" \/>\t\t\t\t\t\t\t\t\t<\/div>\n\t\t\t<\/div>\n\t\t\t\t\t\t\t\t<div class=\"qodef-ig-image qodef-item-space \">\n\t\t\t\t<div class=\"qodef-ig-image-inner\">\n\t\t\t\t\t\t\t\t\t\t\t<img loading=\"lazy\" decoding=\"async\" width=\"800\" height=\"528\" src=\"https:\/\/www.mimikastudio.com\/wp-content\/uploads\/2020\/01\/Beata-Kozidrak-komplet-1.jpg\" class=\"attachment-full size-full\" alt=\"\" srcset=\"https:\/\/www.mimikastudio.com\/wp-content\/uploads\/2020\/01\/Beata-Kozidrak-komplet-1.jpg 800w, https:\/\/www.mimikastudio.com\/wp-content\/uploads\/2020\/01\/Beata-Kozidrak-komplet-1-500x330.jpg 500w, https:\/\/www.mimikastudio.com\/wp-content\/uploads\/2020\/01\/Beata-Kozidrak-komplet-1-768x507.jpg 768w, https:\/\/www.mimikastudio.com\/wp-content\/uploads\/2020\/01\/Beata-Kozidrak-komplet-1-600x396.jpg 600w\" sizes=\"(max-width: 800px) 100vw, 800px\" \/>\t\t\t\t\t\t\t\t\t<\/div>\n\t\t\t<\/div>\n\t\t\t\t\t\t\t\t<div class=\"qodef-ig-image qodef-item-space \">\n\t\t\t\t<div class=\"qodef-ig-image-inner\">\n\t\t\t\t\t\t\t\t\t\t\t<img loading=\"lazy\" decoding=\"async\" width=\"800\" height=\"555\" src=\"https:\/\/www.mimikastudio.com\/wp-content\/uploads\/2020\/01\/Beata-Kozidrak-komplet-2.jpg\" class=\"attachment-full size-full\" alt=\"\" srcset=\"https:\/\/www.mimikastudio.com\/wp-content\/uploads\/2020\/01\/Beata-Kozidrak-komplet-2.jpg 800w, https:\/\/www.mimikastudio.com\/wp-content\/uploads\/2020\/01\/Beata-Kozidrak-komplet-2-500x347.jpg 500w, https:\/\/www.mimikastudio.com\/wp-content\/uploads\/2020\/01\/Beata-Kozidrak-komplet-2-768x533.jpg 768w, https:\/\/www.mimikastudio.com\/wp-content\/uploads\/2020\/01\/Beata-Kozidrak-komplet-2-600x416.jpg 600w\" sizes=\"(max-width: 800px) 100vw, 800px\" \/>\t\t\t\t\t\t\t\t\t<\/div>\n\t\t\t<\/div>\n\t\t\t\t\t\t\t\t<div class=\"qodef-ig-image qodef-item-space \">\n\t\t\t\t<div class=\"qodef-ig-image-inner\">\n\t\t\t\t\t\t\t\t\t\t\t<img loading=\"lazy\" decoding=\"async\" width=\"800\" height=\"991\" src=\"https:\/\/www.mimikastudio.com\/wp-content\/uploads\/2020\/01\/Beata-Kozidrak-komplet-fr\u0119dzle.jpg\" class=\"attachment-full size-full\" alt=\"\" srcset=\"https:\/\/www.mimikastudio.com\/wp-content\/uploads\/2020\/01\/Beata-Kozidrak-komplet-fr\u0119dzle.jpg 800w, https:\/\/www.mimikastudio.com\/wp-content\/uploads\/2020\/01\/Beata-Kozidrak-komplet-fr\u0119dzle-404x500.jpg 404w, https:\/\/www.mimikastudio.com\/wp-content\/uploads\/2020\/01\/Beata-Kozidrak-komplet-fr\u0119dzle-768x951.jpg 768w, https:\/\/www.mimikastudio.com\/wp-content\/uploads\/2020\/01\/Beata-Kozidrak-komplet-fr\u0119dzle-600x743.jpg 600w\" sizes=\"(max-width: 800px) 100vw, 800px\" \/>\t\t\t\t\t\t\t\t\t<\/div>\n\t\t\t<\/div>\n\t\t\t\t\t\t\t\t<div class=\"qodef-ig-image qodef-item-space \">\n\t\t\t\t<div class=\"qodef-ig-image-inner\">\n\t\t\t\t\t\t\t\t\t\t\t<img loading=\"lazy\" decoding=\"async\" width=\"800\" height=\"994\" src=\"https:\/\/www.mimikastudio.com\/wp-content\/uploads\/2020\/01\/Beata-Kozidrak-komplet.jpg\" class=\"attachment-full size-full\" alt=\"\" srcset=\"https:\/\/www.mimikastudio.com\/wp-content\/uploads\/2020\/01\/Beata-Kozidrak-komplet.jpg 800w, https:\/\/www.mimikastudio.com\/wp-content\/uploads\/2020\/01\/Beata-Kozidrak-komplet-402x500.jpg 402w, https:\/\/www.mimikastudio.com\/wp-content\/uploads\/2020\/01\/Beata-Kozidrak-komplet-768x954.jpg 768w, https:\/\/www.mimikastudio.com\/wp-content\/uploads\/2020\/01\/Beata-Kozidrak-komplet-600x746.jpg 600w\" sizes=\"(max-width: 800px) 100vw, 800px\" \/>\t\t\t\t\t\t\t\t\t<\/div>\n\t\t\t<\/div>\n\t\t\t\t\t\t\t\t<div class=\"qodef-ig-image qodef-item-space \">\n\t\t\t\t<div class=\"qodef-ig-image-inner\">\n\t\t\t\t\t\t\t\t\t\t\t<img loading=\"lazy\" decoding=\"async\" width=\"800\" height=\"894\" src=\"https:\/\/www.mimikastudio.com\/wp-content\/uploads\/2020\/01\/Beata-Kozidrak-p\u0142aszcz.jpg\" class=\"attachment-full size-full\" alt=\"\" srcset=\"https:\/\/www.mimikastudio.com\/wp-content\/uploads\/2020\/01\/Beata-Kozidrak-p\u0142aszcz.jpg 800w, https:\/\/www.mimikastudio.com\/wp-content\/uploads\/2020\/01\/Beata-Kozidrak-p\u0142aszcz-447x500.jpg 447w, https:\/\/www.mimikastudio.com\/wp-content\/uploads\/2020\/01\/Beata-Kozidrak-p\u0142aszcz-768x858.jpg 768w, https:\/\/www.mimikastudio.com\/wp-content\/uploads\/2020\/01\/Beata-Kozidrak-p\u0142aszcz-600x671.jpg 600w\" sizes=\"(max-width: 800px) 100vw, 800px\" \/>\t\t\t\t\t\t\t\t\t<\/div>\n\t\t\t<\/div>\n\t\t\t\t\t\t\t\t<div class=\"qodef-ig-image qodef-item-space \">\n\t\t\t\t<div class=\"qodef-ig-image-inner\">\n\t\t\t\t\t\t\t\t\t\t\t<img loading=\"lazy\" decoding=\"async\" width=\"800\" height=\"1159\" src=\"https:\/\/www.mimikastudio.com\/wp-content\/uploads\/2020\/01\/Confashion-2.jpg\" class=\"attachment-full size-full\" alt=\"\" srcset=\"https:\/\/www.mimikastudio.com\/wp-content\/uploads\/2020\/01\/Confashion-2.jpg 800w, https:\/\/www.mimikastudio.com\/wp-content\/uploads\/2020\/01\/Confashion-2-345x500.jpg 345w, https:\/\/www.mimikastudio.com\/wp-content\/uploads\/2020\/01\/Confashion-2-707x1024.jpg 707w, https:\/\/www.mimikastudio.com\/wp-content\/uploads\/2020\/01\/Confashion-2-768x1113.jpg 768w, https:\/\/www.mimikastudio.com\/wp-content\/uploads\/2020\/01\/Confashion-2-600x869.jpg 600w\" sizes=\"(max-width: 800px) 100vw, 800px\" \/>\t\t\t\t\t\t\t\t\t<\/div>\n\t\t\t<\/div>\n\t\t\t\t\t\t\t\t<div class=\"qodef-ig-image qodef-item-space \">\n\t\t\t\t<div class=\"qodef-ig-image-inner\">\n\t\t\t\t\t\t\t\t\t\t\t<img loading=\"lazy\" decoding=\"async\" width=\"800\" height=\"1200\" src=\"https:\/\/www.mimikastudio.com\/wp-content\/uploads\/2020\/01\/Confassion-1.jpg\" class=\"attachment-full size-full\" alt=\"\" srcset=\"https:\/\/www.mimikastudio.com\/wp-content\/uploads\/2020\/01\/Confassion-1.jpg 800w, https:\/\/www.mimikastudio.com\/wp-content\/uploads\/2020\/01\/Confassion-1-333x500.jpg 333w, https:\/\/www.mimikastudio.com\/wp-content\/uploads\/2020\/01\/Confassion-1-683x1024.jpg 683w, https:\/\/www.mimikastudio.com\/wp-content\/uploads\/2020\/01\/Confassion-1-768x1152.jpg 768w, https:\/\/www.mimikastudio.com\/wp-content\/uploads\/2020\/01\/Confassion-1-500x750.jpg 500w, https:\/\/www.mimikastudio.com\/wp-content\/uploads\/2020\/01\/Confassion-1-600x900.jpg 600w\" sizes=\"(max-width: 800px) 100vw, 800px\" \/>\t\t\t\t\t\t\t\t\t<\/div>\n\t\t\t<\/div>\n\t\t\t\t\t\t\t\t<div class=\"qodef-ig-image qodef-item-space \">\n\t\t\t\t<div class=\"qodef-ig-image-inner\">\n\t\t\t\t\t\t\t\t\t\t\t<img loading=\"lazy\" decoding=\"async\" width=\"800\" height=\"1154\" src=\"https:\/\/www.mimikastudio.com\/wp-content\/uploads\/2020\/01\/Confassion-3.jpg\" class=\"attachment-full size-full\" alt=\"\" srcset=\"https:\/\/www.mimikastudio.com\/wp-content\/uploads\/2020\/01\/Confassion-3.jpg 800w, https:\/\/www.mimikastudio.com\/wp-content\/uploads\/2020\/01\/Confassion-3-347x500.jpg 347w, https:\/\/www.mimikastudio.com\/wp-content\/uploads\/2020\/01\/Confassion-3-710x1024.jpg 710w, https:\/\/www.mimikastudio.com\/wp-content\/uploads\/2020\/01\/Confassion-3-768x1108.jpg 768w, https:\/\/www.mimikastudio.com\/wp-content\/uploads\/2020\/01\/Confassion-3-600x866.jpg 600w\" sizes=\"(max-width: 800px) 100vw, 800px\" \/>\t\t\t\t\t\t\t\t\t<\/div>\n\t\t\t<\/div>\n\t\t\t\t\t\t\t\t<div class=\"qodef-ig-image qodef-item-space \">\n\t\t\t\t<div class=\"qodef-ig-image-inner\">\n\t\t\t\t\t\t\t\t\t\t\t<img loading=\"lazy\" decoding=\"async\" width=\"800\" height=\"1200\" src=\"https:\/\/www.mimikastudio.com\/wp-content\/uploads\/2020\/01\/Confassion.jpg\" class=\"attachment-full size-full\" alt=\"\" srcset=\"https:\/\/www.mimikastudio.com\/wp-content\/uploads\/2020\/01\/Confassion.jpg 800w, https:\/\/www.mimikastudio.com\/wp-content\/uploads\/2020\/01\/Confassion-333x500.jpg 333w, https:\/\/www.mimikastudio.com\/wp-content\/uploads\/2020\/01\/Confassion-683x1024.jpg 683w, https:\/\/www.mimikastudio.com\/wp-content\/uploads\/2020\/01\/Confassion-768x1152.jpg 768w, https:\/\/www.mimikastudio.com\/wp-content\/uploads\/2020\/01\/Confassion-500x750.jpg 500w, https:\/\/www.mimikastudio.com\/wp-content\/uploads\/2020\/01\/Confassion-600x900.jpg 600w\" sizes=\"(max-width: 800px) 100vw, 800px\" \/>\t\t\t\t\t\t\t\t\t<\/div>\n\t\t\t<\/div>\n\t\t\t\t\t\t\t\t<div class=\"qodef-ig-image qodef-item-space \">\n\t\t\t\t<div class=\"qodef-ig-image-inner\">\n\t\t\t\t\t\t\t\t\t\t\t<img loading=\"lazy\" decoding=\"async\" width=\"800\" height=\"980\" src=\"https:\/\/www.mimikastudio.com\/wp-content\/uploads\/2020\/01\/Julia-Wieniawa-sukienka-.jpg\" class=\"attachment-full size-full\" alt=\"\" srcset=\"https:\/\/www.mimikastudio.com\/wp-content\/uploads\/2020\/01\/Julia-Wieniawa-sukienka-.jpg 800w, https:\/\/www.mimikastudio.com\/wp-content\/uploads\/2020\/01\/Julia-Wieniawa-sukienka--408x500.jpg 408w, https:\/\/www.mimikastudio.com\/wp-content\/uploads\/2020\/01\/Julia-Wieniawa-sukienka--768x941.jpg 768w, https:\/\/www.mimikastudio.com\/wp-content\/uploads\/2020\/01\/Julia-Wieniawa-sukienka--600x735.jpg 600w\" sizes=\"(max-width: 800px) 100vw, 800px\" \/>\t\t\t\t\t\t\t\t\t<\/div>\n\t\t\t<\/div>\n\t\t\t\t\t\t\t\t<div class=\"qodef-ig-image qodef-item-space \">\n\t\t\t\t<div class=\"qodef-ig-image-inner\">\n\t\t\t\t\t\t\t\t\t\t\t<img loading=\"lazy\" decoding=\"async\" width=\"800\" height=\"1002\" src=\"https:\/\/www.mimikastudio.com\/wp-content\/uploads\/2020\/01\/Margaret-1.jpg\" class=\"attachment-full size-full\" alt=\"\" srcset=\"https:\/\/www.mimikastudio.com\/wp-content\/uploads\/2020\/01\/Margaret-1.jpg 800w, https:\/\/www.mimikastudio.com\/wp-content\/uploads\/2020\/01\/Margaret-1-399x500.jpg 399w, https:\/\/www.mimikastudio.com\/wp-content\/uploads\/2020\/01\/Margaret-1-768x962.jpg 768w, https:\/\/www.mimikastudio.com\/wp-content\/uploads\/2020\/01\/Margaret-1-600x752.jpg 600w\" sizes=\"(max-width: 800px) 100vw, 800px\" \/>\t\t\t\t\t\t\t\t\t<\/div>\n\t\t\t<\/div>\n\t\t\t\t\t\t\t\t<div class=\"qodef-ig-image qodef-item-space \">\n\t\t\t\t<div class=\"qodef-ig-image-inner\">\n\t\t\t\t\t\t\t\t\t\t\t<img loading=\"lazy\" decoding=\"async\" width=\"800\" height=\"998\" src=\"https:\/\/www.mimikastudio.com\/wp-content\/uploads\/2020\/01\/Margaret.jpg\" class=\"attachment-full size-full\" alt=\"\" srcset=\"https:\/\/www.mimikastudio.com\/wp-content\/uploads\/2020\/01\/Margaret.jpg 800w, https:\/\/www.mimikastudio.com\/wp-content\/uploads\/2020\/01\/Margaret-401x500.jpg 401w, https:\/\/www.mimikastudio.com\/wp-content\/uploads\/2020\/01\/Margaret-768x958.jpg 768w, https:\/\/www.mimikastudio.com\/wp-content\/uploads\/2020\/01\/Margaret-600x749.jpg 600w\" sizes=\"(max-width: 800px) 100vw, 800px\" \/>\t\t\t\t\t\t\t\t\t<\/div>\n\t\t\t<\/div>\n\t\t\t<\/div>\n<\/div>[\/vc_column][\/vc_row]<\/p>\n","protected":false},"excerpt":{"rendered":"<p>[vc_row row_content_width=&#8221;grid&#8221; content_text_aligment=&#8221;center&#8221; css=&#8221;.vc_custom_1535718851562{padding-top: 120px !important;padding-bottom: 113px !important;}&#8221;][vc_column][\/vc_column][\/vc_row]<\/p>\n","protected":false},"author":1,"featured_media":0,"parent":0,"menu_order":0,"comment_status":"closed","ping_status":"closed","template":"","meta":{"footnotes":""},"yoast_head":"<!-- This site is optimized with the Yoast SEO plugin v22.2 - https:\/\/yoast.com\/wordpress\/plugins\/seo\/ -->\n<title>Collab - Mimika Studio Odzie\u017c sk\u00f3rzana<\/title>\n<meta name=\"robots\" content=\"index, follow, max-snippet:-1, max-image-preview:large, max-video-preview:-1\" \/>\n<link rel=\"canonical\" href=\"https:\/\/www.mimikastudio.com\/en\/press\/\" \/>\n<meta property=\"og:locale\" content=\"en_US\" \/>\n<meta property=\"og:type\" content=\"article\" \/>\n<meta property=\"og:title\" content=\"Collab - Mimika Studio Odzie\u017c sk\u00f3rzana\" \/>\n<meta property=\"og:description\" content=\"[vc_row row_content_width=&#8221;grid&#8221; content_text_aligment=&#8221;center&#8221; css=&#8221;.vc_custom_1535718851562{padding-top: 120px !important;padding-bottom: 113px !important;}&#8221;][vc_column][\/vc_column][\/vc_row]\" \/>\n<meta property=\"og:url\" content=\"https:\/\/www.mimikastudio.com\/en\/press\/\" \/>\n<meta property=\"og:site_name\" content=\"Mimika Studio Odzie\u017c sk\u00f3rzana\" \/>\n<meta property=\"article:publisher\" content=\"https:\/\/www.facebook.com\/mimikaleather\" \/>\n<meta property=\"article:modified_time\" content=\"2025-12-08T08:49:44+00:00\" \/>\n<meta name=\"twitter:card\" content=\"summary_large_image\" \/>\n<meta name=\"twitter:label1\" content=\"Est. reading time\" \/>\n\t<meta name=\"twitter:data1\" content=\"1 minute\" \/>\n<script type=\"application\/ld+json\" class=\"yoast-schema-graph\">{\"@context\":\"https:\/\/schema.org\",\"@graph\":[{\"@type\":\"WebPage\",\"@id\":\"https:\/\/www.mimikastudio.com\/en\/press\/\",\"url\":\"https:\/\/www.mimikastudio.com\/en\/press\/\",\"name\":\"Collab - Mimika Studio Odzie\u017c sk\u00f3rzana\",\"isPartOf\":{\"@id\":\"https:\/\/www.mimikastudio.com\/#website\"},\"datePublished\":\"2018-03-12T14:28:14+00:00\",\"dateModified\":\"2025-12-08T08:49:44+00:00\",\"breadcrumb\":{\"@id\":\"https:\/\/www.mimikastudio.com\/en\/press\/#breadcrumb\"},\"inLanguage\":\"en-US\",\"potentialAction\":[{\"@type\":\"ReadAction\",\"target\":[\"https:\/\/www.mimikastudio.com\/en\/press\/\"]}]},{\"@type\":\"BreadcrumbList\",\"@id\":\"https:\/\/www.mimikastudio.com\/en\/press\/#breadcrumb\",\"itemListElement\":[{\"@type\":\"ListItem\",\"position\":1,\"name\":\"Home\",\"item\":\"https:\/\/www.mimikastudio.com\/en\/\"},{\"@type\":\"ListItem\",\"position\":2,\"name\":\"Collab\"}]},{\"@type\":\"WebSite\",\"@id\":\"https:\/\/www.mimikastudio.com\/#website\",\"url\":\"https:\/\/www.mimikastudio.com\/\",\"name\":\"Mimika Studio Odzie\u017c sk\u00f3rzana\",\"description\":\"Mimika Studio Odzie\u017c sk\u00f3rzana\",\"potentialAction\":[{\"@type\":\"SearchAction\",\"target\":{\"@type\":\"EntryPoint\",\"urlTemplate\":\"https:\/\/www.mimikastudio.com\/?s={search_term_string}\"},\"query-input\":\"required name=search_term_string\"}],\"inLanguage\":\"en-US\"}]}<\/script>\n<!-- \/ Yoast SEO plugin. -->","yoast_head_json":{"title":"Collab - Mimika Studio Odzie\u017c sk\u00f3rzana","robots":{"index":"index","follow":"follow","max-snippet":"max-snippet:-1","max-image-preview":"max-image-preview:large","max-video-preview":"max-video-preview:-1"},"canonical":"https:\/\/www.mimikastudio.com\/en\/press\/","og_locale":"en_US","og_type":"article","og_title":"Collab - Mimika Studio Odzie\u017c sk\u00f3rzana","og_description":"[vc_row row_content_width=&#8221;grid&#8221; content_text_aligment=&#8221;center&#8221; css=&#8221;.vc_custom_1535718851562{padding-top: 120px !important;padding-bottom: 113px !important;}&#8221;][vc_column][\/vc_column][\/vc_row]","og_url":"https:\/\/www.mimikastudio.com\/en\/press\/","og_site_name":"Mimika Studio Odzie\u017c sk\u00f3rzana","article_publisher":"https:\/\/www.facebook.com\/mimikaleather","article_modified_time":"2025-12-08T08:49:44+00:00","twitter_card":"summary_large_image","twitter_misc":{"Est. reading time":"1 minute"},"schema":{"@context":"https:\/\/schema.org","@graph":[{"@type":"WebPage","@id":"https:\/\/www.mimikastudio.com\/en\/press\/","url":"https:\/\/www.mimikastudio.com\/en\/press\/","name":"Collab - Mimika Studio Odzie\u017c sk\u00f3rzana","isPartOf":{"@id":"https:\/\/www.mimikastudio.com\/#website"},"datePublished":"2018-03-12T14:28:14+00:00","dateModified":"2025-12-08T08:49:44+00:00","breadcrumb":{"@id":"https:\/\/www.mimikastudio.com\/en\/press\/#breadcrumb"},"inLanguage":"en-US","potentialAction":[{"@type":"ReadAction","target":["https:\/\/www.mimikastudio.com\/en\/press\/"]}]},{"@type":"BreadcrumbList","@id":"https:\/\/www.mimikastudio.com\/en\/press\/#breadcrumb","itemListElement":[{"@type":"ListItem","position":1,"name":"Home","item":"https:\/\/www.mimikastudio.com\/en\/"},{"@type":"ListItem","position":2,"name":"Collab"}]},{"@type":"WebSite","@id":"https:\/\/www.mimikastudio.com\/#website","url":"https:\/\/www.mimikastudio.com\/","name":"Mimika Studio Odzie\u017c sk\u00f3rzana","description":"Mimika Studio Odzie\u017c sk\u00f3rzana","potentialAction":[{"@type":"SearchAction","target":{"@type":"EntryPoint","urlTemplate":"https:\/\/www.mimikastudio.com\/?s={search_term_string}"},"query-input":"required name=search_term_string"}],"inLanguage":"en-US"}]}},"_links":{"self":[{"href":"https:\/\/www.mimikastudio.com\/en\/wp-json\/wp\/v2\/pages\/3911\/"}],"collection":[{"href":"https:\/\/www.mimikastudio.com\/en\/wp-json\/wp\/v2\/pages\/"}],"about":[{"href":"https:\/\/www.mimikastudio.com\/en\/wp-json\/wp\/v2\/types\/page\/"}],"author":[{"embeddable":true,"href":"https:\/\/www.mimikastudio.com\/en\/wp-json\/wp\/v2\/users\/1\/"}],"replies":[{"embeddable":true,"href":"https:\/\/www.mimikastudio.com\/en\/wp-json\/wp\/v2\/comments\/?post=3911"}],"version-history":[{"count":2,"href":"https:\/\/www.mimikastudio.com\/en\/wp-json\/wp\/v2\/pages\/3911\/revisions\/"}],"predecessor-version":[{"id":9521,"href":"https:\/\/www.mimikastudio.com\/en\/wp-json\/wp\/v2\/pages\/3911\/revisions\/9521\/"}],"wp:attachment":[{"href":"https:\/\/www.mimikastudio.com\/en\/wp-json\/wp\/v2\/media\/?parent=3911"}],"curies":[{"name":"wp","href":"https:\/\/api.w.org\/{rel}","templated":true}]}}