{"id":3918,"date":"2018-02-28T12:33:05","date_gmt":"2018-02-28T12:33:05","guid":{"rendered":"https:\/\/www.mimikastudio.com\/kontakt\/"},"modified":"2020-07-07T10:48:13","modified_gmt":"2020-07-07T09:48:13","slug":"contact","status":"publish","type":"page","link":"https:\/\/www.mimikastudio.com\/en\/contact\/","title":{"rendered":"Contact"},"content":{"rendered":"<p>[vc_row row_content_width=&#8221;grid&#8221; css=&#8221;.vc_custom_1535492950784{padding-top: 100px !important;padding-bottom: 120px !important;}&#8221;][vc_column width=&#8221;1\/4&#8243;][vc_single_image image=&#8221;3437&#8243; img_size=&#8221;full&#8221;][vc_column_text]<strong>CONTACT<\/strong><\/p>\n<p>+48 511 961 917<br \/>\n+48 506 908 664<\/p>\n<p><strong>ATELIER<\/strong><br \/>\n<strong>RABKA-ZDR\u00d3J<\/strong><br \/>\n<strong>PODHALA\u0143SKA 18 C<\/strong><\/p>\n<p>hola@mimikastudio.com[\/vc_column_text][vc_empty_space height=&#8221;8px&#8221;]    <span class=\"qodef-icon-shortcode qodef-normal   \"  data-hover-color=\"#d5eefd\" data-color=\"#0a0a0a\">\n                    <a itemprop=\"url\" class=\"\" href=\"http:\/\/www.instagram.com\/mimika_leather\" target=\"_blank\">\n                    <span aria-hidden=\"true\" class=\"qodef-icon-font-elegant social_instagram qodef-icon-element\" style=\"color: #0a0a0a\" ><\/span>                    <\/a>\n            <\/span>\n    <span class=\"qodef-icon-shortcode qodef-normal   \"  data-hover-color=\"#d5eefd\" data-color=\"#0a0a0a\">\n                    <a itemprop=\"url\" class=\"\" href=\"http:\/\/www.facebook.com\/mimikaleather\" target=\"_blank\">\n                    <span aria-hidden=\"true\" class=\"qodef-icon-font-elegant social_facebook qodef-icon-element\" style=\"color: #0a0a0a\" ><\/span>                    <\/a>\n            <\/span>\n[\/vc_column][vc_column width=&#8221;3\/4&#8243;]<div class=\"qodef-elements-holder   qodef-one-column  qodef-responsive-mode-768 \" ><div class=\"qodef-eh-item    \"  data-item-class=\"qodef-eh-custom-3739\" data-768-1024=\"0px\" data-680-768=\"0px\" data-680=\"0px\">\n\t<div class=\"qodef-eh-item-inner\">\n\t\t<div class=\"qodef-eh-item-content qodef-eh-custom-3739\" style=\"padding: 0px 47px\">\n\t\t\t<div class=\"qodef-section-title-holder  qodef-st-standard qodef-st-title-left qodef-st-normal-space \" style=\"text-align: left\">\n\t<div class=\"qodef-st-inner\">\n\t\t\t\t\t<h1 class=\"qodef-st-title\" >\n\t\t\t\tContact form\t\t\t<\/h1>\n\t\t                    <div class=\"qodef-separator-holder clearfix  qodef-separator-left \">\n\t<div class=\"qodef-separator\" style=\"width: 48px\"><\/div>\n<\/div>\n        \t\t\t<\/div>\n<\/div>[vc_empty_space height=&#8221;28px&#8221;]\n<div class=\"wpcf7 no-js\" id=\"wpcf7-f3920-o1\" lang=\"pl-PL\" dir=\"ltr\">\n<div class=\"screen-reader-response\"><p role=\"status\" aria-live=\"polite\" aria-atomic=\"true\"><\/p> <ul><\/ul><\/div>\n<form action=\"\/en\/wp-json\/wp\/v2\/pages\/3918\/#wpcf7-f3920-o1\" method=\"post\" class=\"wpcf7-form init cf7_custom_style_2\" aria-label=\"Formularz kontaktowy\" novalidate=\"novalidate\" data-status=\"init\">\n<div style=\"display: none;\">\n<input type=\"hidden\" name=\"_wpcf7\" value=\"3920\" \/>\n<input type=\"hidden\" name=\"_wpcf7_version\" value=\"5.9\" \/>\n<input type=\"hidden\" name=\"_wpcf7_locale\" value=\"pl_PL\" \/>\n<input type=\"hidden\" name=\"_wpcf7_unit_tag\" value=\"wpcf7-f3920-o1\" \/>\n<input type=\"hidden\" name=\"_wpcf7_container_post\" value=\"0\" \/>\n<input type=\"hidden\" name=\"_wpcf7_posted_data_hash\" value=\"\" \/>\n<\/div>\n<p><label> Name<br \/>\n<span class=\"wpcf7-form-control-wrap\" data-name=\"your-name\"><input size=\"40\" class=\"wpcf7-form-control wpcf7-text wpcf7-validates-as-required\" aria-required=\"true\" aria-invalid=\"false\" value=\"\" type=\"text\" name=\"your-name\" \/><\/span> <\/label>\n<\/p>\n<p><label> E-mail<br \/>\n<span class=\"wpcf7-form-control-wrap\" data-name=\"your-email\"><input size=\"40\" class=\"wpcf7-form-control wpcf7-email wpcf7-validates-as-required wpcf7-text wpcf7-validates-as-email\" aria-required=\"true\" aria-invalid=\"false\" value=\"\" type=\"email\" name=\"your-email\" \/><\/span> <\/label>\n<\/p>\n<p><label> Subject<br \/>\n<span class=\"wpcf7-form-control-wrap\" data-name=\"your-subject\"><input size=\"40\" class=\"wpcf7-form-control wpcf7-text\" aria-invalid=\"false\" value=\"\" type=\"text\" name=\"your-subject\" \/><\/span> <\/label>\n<\/p>\n<p><label> Message<br \/>\n<span class=\"wpcf7-form-control-wrap\" data-name=\"your-message\"><textarea cols=\"40\" rows=\"10\" class=\"wpcf7-form-control wpcf7-textarea\" aria-invalid=\"false\" name=\"your-message\"><\/textarea><\/span> <\/label>\n<\/p>\n<p><input class=\"wpcf7-form-control wpcf7-submit has-spinner\" type=\"submit\" value=\"Send\" \/>\n<\/p><div class=\"wpcf7-response-output\" aria-hidden=\"true\"><\/div>\n<\/form>\n<\/div>\n\t\t<\/div>\n\t<\/div>\n<\/div><\/div>[\/vc_column][\/vc_row][vc_row][vc_column][vc_raw_html]JTNDaWZyYW1lJTIwc3JjJTNEJTIyaHR0cHMlM0ElMkYlMkZ3d3cuZ29vZ2xlLmNvbSUyRm1hcHMlMkZlbWJlZCUzRnBiJTNEJTIxMW0xOCUyMTFtMTIlMjExbTMlMjExZDU1NjgxNy41NTk4MDQxODc5JTIxMmQxOS42NDA0MjU3NTk2MDI1MjIlMjEzZDQ5LjU4MjY1NTcyMzY3MzYlMjEybTMlMjExZjAlMjEyZjAlMjEzZjAlMjEzbTIlMjExaTEwMjQlMjEyaTc2OCUyMTRmMTMuMSUyMTNtMyUyMTFtMiUyMTFzMHg0NzE1ZTAyN2UwOGFiZTQ5JTI1M0EweGJlOGZiYTA2NDQ5ZDNmYjklMjEyc1BvZGhhbGElMjVDNSUyNTg0c2thJTJCMThDJTI1MkMlMkIzNC03MDAlMkJSYWJrYS1aZHIlMjVDMyUyNUIzaiUyMTVlMCUyMTNtMiUyMTFzcGwlMjEyc3BsJTIxNHYxNTM1NDkyMzE0MTUxJTIyJTIwd2lkdGglM0QlMjIxMDAlMjUlMjIlMjBoZWlnaHQlM0QlMjI1NTAlMjIlMjBmcmFtZWJvcmRlciUzRCUyMjAlMjIlMjBzdHlsZSUzRCUyMmJvcmRlciUzQTAlMjIlMjBhbGxvd2Z1bGxzY3JlZW4lM0UlM0MlMkZpZnJhbWUlM0U=[\/vc_raw_html][\/vc_column][\/vc_row]<\/p>\n","protected":false},"excerpt":{"rendered":"<p>[vc_row row_content_width=&#8221;grid&#8221; css=&#8221;.vc_custom_1535492950784{padding-top: 100px !important;padding-bottom: 120px !important;}&#8221;][vc_column width=&#8221;1\/4&#8243;][vc_single_image image=&#8221;3437&#8243; img_size=&#8221;full&#8221;][vc_column_text]CONTACT +48 511 961 917 +48 506 908 664 ATELIER RABKA-ZDR\u00d3J PODHALA\u0143SKA 18 C hola@mimikastudio.com[\/vc_column_text][vc_empty_space height=&#8221;8px&#8221;][\/vc_column][vc_column width=&#8221;3\/4&#8243;][\/vc_column][\/vc_row][vc_row][vc_column][vc_raw_html]JTNDaWZyYW1lJTIwc3JjJTNEJTIyaHR0cHMlM0ElMkYlMkZ3d3cuZ29vZ2xlLmNvbSUyRm1hcHMlMkZlbWJlZCUzRnBiJTNEJTIxMW0xOCUyMTFtMTIlMjExbTMlMjExZDU1NjgxNy41NTk4MDQxODc5JTIxMmQxOS42NDA0MjU3NTk2MDI1MjIlMjEzZDQ5LjU4MjY1NTcyMzY3MzYlMjEybTMlMjExZjAlMjEyZjAlMjEzZjAlMjEzbTIlMjExaTEwMjQlMjEyaTc2OCUyMTRmMTMuMSUyMTNtMyUyMTFtMiUyMTFzMHg0NzE1ZTAyN2UwOGFiZTQ5JTI1M0EweGJlOGZiYTA2NDQ5ZDNmYjklMjEyc1BvZGhhbGElMjVDNSUyNTg0c2thJTJCMThDJTI1MkMlMkIzNC03MDAlMkJSYWJrYS1aZHIlMjVDMyUyNUIzaiUyMTVlMCUyMTNtMiUyMTFzcGwlMjEyc3BsJTIxNHYxNTM1NDkyMzE0MTUxJTIyJTIwd2lkdGglM0QlMjIxMDAlMjUlMjIlMjBoZWlnaHQlM0QlMjI1NTAlMjIlMjBmcmFtZWJvcmRlciUzRCUyMjAlMjIlMjBzdHlsZSUzRCUyMmJvcmRlciUzQTAlMjIlMjBhbGxvd2Z1bGxzY3JlZW4lM0UlM0MlMkZpZnJhbWUlM0U=[\/vc_raw_html][\/vc_column][\/vc_row]<\/p>\n","protected":false},"author":1,"featured_media":0,"parent":0,"menu_order":0,"comment_status":"closed","ping_status":"closed","template":"full-width.php","meta":{"footnotes":""},"yoast_head":"<!-- This site is optimized with the Yoast SEO plugin v22.2 - https:\/\/yoast.com\/wordpress\/plugins\/seo\/ -->\n<title>Contact - Mimika Studio Odzie\u017c sk\u00f3rzana<\/title>\n<meta name=\"robots\" content=\"index, follow, max-snippet:-1, max-image-preview:large, max-video-preview:-1\" \/>\n<link rel=\"canonical\" href=\"https:\/\/www.mimikastudio.com\/contact\/\" \/>\n<meta property=\"og:locale\" content=\"en_US\" \/>\n<meta property=\"og:type\" content=\"article\" \/>\n<meta property=\"og:title\" content=\"Contact - Mimika Studio Odzie\u017c sk\u00f3rzana\" \/>\n<meta property=\"og:description\" content=\"[vc_row row_content_width=&#8221;grid&#8221; css=&#8221;.vc_custom_1535492950784{padding-top: 100px !important;padding-bottom: 120px !important;}&#8221;][vc_column width=&#8221;1\/4&#8243;][vc_single_image image=&#8221;3437&#8243; img_size=&#8221;full&#8221;][vc_column_text]CONTACT +48 511 961 917 +48 506 908 664 ATELIER RABKA-ZDR\u00d3J PODHALA\u0143SKA 18 C hola@mimikastudio.com[\/vc_column_text][vc_empty_space height=&#8221;8px&#8221;][\/vc_column][vc_column width=&#8221;3\/4&#8243;][\/vc_column][\/vc_row][vc_row][vc_column][vc_raw_html]JTNDaWZyYW1lJTIwc3JjJTNEJTIyaHR0cHMlM0ElMkYlMkZ3d3cuZ29vZ2xlLmNvbSUyRm1hcHMlMkZlbWJlZCUzRnBiJTNEJTIxMW0xOCUyMTFtMTIlMjExbTMlMjExZDU1NjgxNy41NTk4MDQxODc5JTIxMmQxOS42NDA0MjU3NTk2MDI1MjIlMjEzZDQ5LjU4MjY1NTcyMzY3MzYlMjEybTMlMjExZjAlMjEyZjAlMjEzZjAlMjEzbTIlMjExaTEwMjQlMjEyaTc2OCUyMTRmMTMuMSUyMTNtMyUyMTFtMiUyMTFzMHg0NzE1ZTAyN2UwOGFiZTQ5JTI1M0EweGJlOGZiYTA2NDQ5ZDNmYjklMjEyc1BvZGhhbGElMjVDNSUyNTg0c2thJTJCMThDJTI1MkMlMkIzNC03MDAlMkJSYWJrYS1aZHIlMjVDMyUyNUIzaiUyMTVlMCUyMTNtMiUyMTFzcGwlMjEyc3BsJTIxNHYxNTM1NDkyMzE0MTUxJTIyJTIwd2lkdGglM0QlMjIxMDAlMjUlMjIlMjBoZWlnaHQlM0QlMjI1NTAlMjIlMjBmcmFtZWJvcmRlciUzRCUyMjAlMjIlMjBzdHlsZSUzRCUyMmJvcmRlciUzQTAlMjIlMjBhbGxvd2Z1bGxzY3JlZW4lM0UlM0MlMkZpZnJhbWUlM0U=[\/vc_raw_html][\/vc_column][\/vc_row]\" \/>\n<meta property=\"og:url\" content=\"https:\/\/www.mimikastudio.com\/contact\/\" \/>\n<meta property=\"og:site_name\" content=\"Mimika Studio Odzie\u017c sk\u00f3rzana\" \/>\n<meta property=\"article:publisher\" content=\"https:\/\/www.facebook.com\/mimikaleather\" \/>\n<meta property=\"article:modified_time\" content=\"2020-07-07T09:48:13+00:00\" \/>\n<meta name=\"twitter:card\" content=\"summary_large_image\" \/>\n<meta name=\"twitter:label1\" content=\"Est. reading time\" \/>\n\t<meta name=\"twitter:data1\" content=\"1 minute\" \/>\n<script type=\"application\/ld+json\" class=\"yoast-schema-graph\">{\"@context\":\"https:\/\/schema.org\",\"@graph\":[{\"@type\":\"WebPage\",\"@id\":\"https:\/\/www.mimikastudio.com\/contact\/\",\"url\":\"https:\/\/www.mimikastudio.com\/contact\/\",\"name\":\"Contact - Mimika Studio Odzie\u017c sk\u00f3rzana\",\"isPartOf\":{\"@id\":\"https:\/\/www.mimikastudio.com\/#website\"},\"datePublished\":\"2018-02-28T12:33:05+00:00\",\"dateModified\":\"2020-07-07T09:48:13+00:00\",\"breadcrumb\":{\"@id\":\"https:\/\/www.mimikastudio.com\/contact\/#breadcrumb\"},\"inLanguage\":\"en-US\",\"potentialAction\":[{\"@type\":\"ReadAction\",\"target\":[\"https:\/\/www.mimikastudio.com\/contact\/\"]}]},{\"@type\":\"BreadcrumbList\",\"@id\":\"https:\/\/www.mimikastudio.com\/contact\/#breadcrumb\",\"itemListElement\":[{\"@type\":\"ListItem\",\"position\":1,\"name\":\"Home\",\"item\":\"https:\/\/www.mimikastudio.com\/en\/\"},{\"@type\":\"ListItem\",\"position\":2,\"name\":\"Contact\"}]},{\"@type\":\"WebSite\",\"@id\":\"https:\/\/www.mimikastudio.com\/#website\",\"url\":\"https:\/\/www.mimikastudio.com\/\",\"name\":\"Mimika Studio Odzie\u017c sk\u00f3rzana\",\"description\":\"Mimika Studio Odzie\u017c sk\u00f3rzana\",\"potentialAction\":[{\"@type\":\"SearchAction\",\"target\":{\"@type\":\"EntryPoint\",\"urlTemplate\":\"https:\/\/www.mimikastudio.com\/?s={search_term_string}\"},\"query-input\":\"required name=search_term_string\"}],\"inLanguage\":\"en-US\"}]}<\/script>\n<!-- \/ Yoast SEO plugin. -->","yoast_head_json":{"title":"Contact - Mimika Studio Odzie\u017c sk\u00f3rzana","robots":{"index":"index","follow":"follow","max-snippet":"max-snippet:-1","max-image-preview":"max-image-preview:large","max-video-preview":"max-video-preview:-1"},"canonical":"https:\/\/www.mimikastudio.com\/contact\/","og_locale":"en_US","og_type":"article","og_title":"Contact - Mimika Studio Odzie\u017c sk\u00f3rzana","og_description":"[vc_row row_content_width=&#8221;grid&#8221; css=&#8221;.vc_custom_1535492950784{padding-top: 100px !important;padding-bottom: 120px !important;}&#8221;][vc_column width=&#8221;1\/4&#8243;][vc_single_image image=&#8221;3437&#8243; img_size=&#8221;full&#8221;][vc_column_text]CONTACT +48 511 961 917 +48 506 908 664 ATELIER RABKA-ZDR\u00d3J PODHALA\u0143SKA 18 C hola@mimikastudio.com[\/vc_column_text][vc_empty_space height=&#8221;8px&#8221;][\/vc_column][vc_column width=&#8221;3\/4&#8243;][\/vc_column][\/vc_row][vc_row][vc_column][vc_raw_html]JTNDaWZyYW1lJTIwc3JjJTNEJTIyaHR0cHMlM0ElMkYlMkZ3d3cuZ29vZ2xlLmNvbSUyRm1hcHMlMkZlbWJlZCUzRnBiJTNEJTIxMW0xOCUyMTFtMTIlMjExbTMlMjExZDU1NjgxNy41NTk4MDQxODc5JTIxMmQxOS42NDA0MjU3NTk2MDI1MjIlMjEzZDQ5LjU4MjY1NTcyMzY3MzYlMjEybTMlMjExZjAlMjEyZjAlMjEzZjAlMjEzbTIlMjExaTEwMjQlMjEyaTc2OCUyMTRmMTMuMSUyMTNtMyUyMTFtMiUyMTFzMHg0NzE1ZTAyN2UwOGFiZTQ5JTI1M0EweGJlOGZiYTA2NDQ5ZDNmYjklMjEyc1BvZGhhbGElMjVDNSUyNTg0c2thJTJCMThDJTI1MkMlMkIzNC03MDAlMkJSYWJrYS1aZHIlMjVDMyUyNUIzaiUyMTVlMCUyMTNtMiUyMTFzcGwlMjEyc3BsJTIxNHYxNTM1NDkyMzE0MTUxJTIyJTIwd2lkdGglM0QlMjIxMDAlMjUlMjIlMjBoZWlnaHQlM0QlMjI1NTAlMjIlMjBmcmFtZWJvcmRlciUzRCUyMjAlMjIlMjBzdHlsZSUzRCUyMmJvcmRlciUzQTAlMjIlMjBhbGxvd2Z1bGxzY3JlZW4lM0UlM0MlMkZpZnJhbWUlM0U=[\/vc_raw_html][\/vc_column][\/vc_row]","og_url":"https:\/\/www.mimikastudio.com\/contact\/","og_site_name":"Mimika Studio Odzie\u017c sk\u00f3rzana","article_publisher":"https:\/\/www.facebook.com\/mimikaleather","article_modified_time":"2020-07-07T09:48:13+00:00","twitter_card":"summary_large_image","twitter_misc":{"Est. reading time":"1 minute"},"schema":{"@context":"https:\/\/schema.org","@graph":[{"@type":"WebPage","@id":"https:\/\/www.mimikastudio.com\/contact\/","url":"https:\/\/www.mimikastudio.com\/contact\/","name":"Contact - Mimika Studio Odzie\u017c sk\u00f3rzana","isPartOf":{"@id":"https:\/\/www.mimikastudio.com\/#website"},"datePublished":"2018-02-28T12:33:05+00:00","dateModified":"2020-07-07T09:48:13+00:00","breadcrumb":{"@id":"https:\/\/www.mimikastudio.com\/contact\/#breadcrumb"},"inLanguage":"en-US","potentialAction":[{"@type":"ReadAction","target":["https:\/\/www.mimikastudio.com\/contact\/"]}]},{"@type":"BreadcrumbList","@id":"https:\/\/www.mimikastudio.com\/contact\/#breadcrumb","itemListElement":[{"@type":"ListItem","position":1,"name":"Home","item":"https:\/\/www.mimikastudio.com\/en\/"},{"@type":"ListItem","position":2,"name":"Contact"}]},{"@type":"WebSite","@id":"https:\/\/www.mimikastudio.com\/#website","url":"https:\/\/www.mimikastudio.com\/","name":"Mimika Studio Odzie\u017c sk\u00f3rzana","description":"Mimika Studio Odzie\u017c sk\u00f3rzana","potentialAction":[{"@type":"SearchAction","target":{"@type":"EntryPoint","urlTemplate":"https:\/\/www.mimikastudio.com\/?s={search_term_string}"},"query-input":"required name=search_term_string"}],"inLanguage":"en-US"}]}},"_links":{"self":[{"href":"https:\/\/www.mimikastudio.com\/en\/wp-json\/wp\/v2\/pages\/3918\/"}],"collection":[{"href":"https:\/\/www.mimikastudio.com\/en\/wp-json\/wp\/v2\/pages\/"}],"about":[{"href":"https:\/\/www.mimikastudio.com\/en\/wp-json\/wp\/v2\/types\/page\/"}],"author":[{"embeddable":true,"href":"https:\/\/www.mimikastudio.com\/en\/wp-json\/wp\/v2\/users\/1\/"}],"replies":[{"embeddable":true,"href":"https:\/\/www.mimikastudio.com\/en\/wp-json\/wp\/v2\/comments\/?post=3918"}],"version-history":[{"count":6,"href":"https:\/\/www.mimikastudio.com\/en\/wp-json\/wp\/v2\/pages\/3918\/revisions\/"}],"predecessor-version":[{"id":7127,"href":"https:\/\/www.mimikastudio.com\/en\/wp-json\/wp\/v2\/pages\/3918\/revisions\/7127\/"}],"wp:attachment":[{"href":"https:\/\/www.mimikastudio.com\/en\/wp-json\/wp\/v2\/media\/?parent=3918"}],"curies":[{"name":"wp","href":"https:\/\/api.w.org\/{rel}","templated":true}]}}