{"id":4313,"date":"2019-08-07T08:48:34","date_gmt":"2019-08-07T07:48:34","guid":{"rendered":"https:\/\/www.mimikastudio.com\/?page_id=4313"},"modified":"2025-04-24T10:18:41","modified_gmt":"2025-04-24T09:18:41","slug":"faq","status":"publish","type":"page","link":"https:\/\/www.mimikastudio.com\/en\/faq\/","title":{"rendered":"FAQ"},"content":{"rendered":"<p><strong>Frequently asked questions:<\/strong><\/p>\n<ol>\n<li><strong>Can I make an exchange or a return of the goods I bought?<\/strong><\/li>\n<\/ol>\n<p>Yes, all our products can be returned or exchanged as long as they remain unused up to 14 days after the delivery date. Before you send us back the goods, please contact us on <a href=\"mailto:hola@mimikastudio.com\">hola@mimikastudio.com<\/a>. We will send you the form which you will have to fill in.<\/p>\n<p>&nbsp;<\/p>\n<ol start=\"2\">\n<li><strong>Can I report a complaint about your products?<\/strong><\/li>\n<\/ol>\n<p>Yes, we take and investigate complaints.<\/p>\n<p>We accept complaints if:<\/p>\n<ol>\n<li>The zipper is broken<\/li>\n<li>The lining is damaged<\/li>\n<li>If the studs\/crystals\/press studs fall off, we will be glad to reattach them<\/li>\n<li>Leather chafing which is the producer&#8217;s fault<\/li>\n<\/ol>\n<p>We do not accept complaints if the product is damaged by improper use.<\/p>\n<p>&nbsp;<\/p>\n<ol start=\"3\">\n<li><strong>Do you ship internationally?<\/strong><\/li>\n<\/ol>\n<p>Yes, we do. For international shipping, contact us on <a href=\"mailto:hola@mimikastudio.com\">hola@mimikastudio.com<\/a> and tell us the address so we can price it and tell you the cost.<\/p>\n<p>&nbsp;<\/p>\n<ol start=\"4\">\n<li><strong>What are the delivery options in Poland?<\/strong><\/li>\n<\/ol>\n<p>By courier service: 20 PLN<\/p>\n<p>COD: 25 PLN<\/p>\n<p>&nbsp;<\/p>\n<ol start=\"5\">\n<li><strong>What are the payment methods?<\/strong><\/li>\n<\/ol>\n<p>PayPal, bank transfer, cash on delivery<\/p>\n<p><strong>\u00a0<\/strong><\/p>\n<ol start=\"6\">\n<li><strong>Do you do tailor made sewing? <\/strong><\/li>\n<\/ol>\n<p>Of course! We love it. If you are interested, please drop us a line on <a href=\"mailto:hola@mimikastudio.com\">hola@mimikastudio.com<\/a> .<\/p>\n<p>Rules for tailor made items:<\/p>\n<ol>\n<li>We do not accept returns for tailor made items.<\/li>\n<li>We can make some alterations, but only if the fault is ours.<\/li>\n<li>The alterations are made in up to 14 days after we get your package.<\/li>\n<li>The delivery time is 14-60 days, depending on how complex our work is.<\/li>\n<\/ol>\n<p>Best possible quality and customer satisfaction guaranteed!<\/p>\n<p>&nbsp;<\/p>\n<p><strong>\u00a0 \u00a0 \u00a07. How do you acquire your leather?<\/strong><\/p>\n<p>The leather we use for our collections comes from Italy, Spain, Poland, and Ecuador. We design some of our leather patterns ourselves.<\/p>\n<p>&nbsp;<\/p>\n<p><strong>\u00a0 \u00a0 \u00a08. Where do you sew your clothes?<\/strong><\/p>\n<p>We are based in Rabka-Zdr\u00f3j in Poland.<\/p>\n<p><strong>\u00a0<\/strong><\/p>\n<p><strong>\u00a0 \u00a0 9. How do I care for your products?<\/strong><\/p>\n<p>A perfect product to preserve natural leather is beeswax. Leather must not be washed nor ironed. You should also avoid rainy weather whenever possible.<\/p>\n<p><strong>\u00a0<\/strong><\/p>\n<p><strong>\u00a0 \u00a0 10. Which size should I choose?<\/strong><\/p>\n<p>You will tell us your size in the order form. What is more, we will ask you some extra questions concerning your height, bust, waist, and hip measurements as well as sleeve length and your biceps to make extra sure that your order is the best possible fit.<\/p>\n<p>&nbsp;<\/p>\n<p>Got another question? Feel free to drop us a line at hola@mimikastudio.com<\/p>\n","protected":false},"excerpt":{"rendered":"<p>Frequently asked questions: Can I make an exchange or a return of the goods I bought? Yes, all our products can be returned or exchanged as long as they remain unused up to 14 days after the delivery date. Before [&hellip;]<\/p>\n","protected":false},"author":1,"featured_media":0,"parent":0,"menu_order":0,"comment_status":"closed","ping_status":"closed","template":"","meta":{"footnotes":""},"yoast_head":"<!-- This site is optimized with the Yoast SEO plugin v22.2 - https:\/\/yoast.com\/wordpress\/plugins\/seo\/ -->\n<title>FAQ - Mimika Studio Odzie\u017c sk\u00f3rzana<\/title>\n<meta name=\"robots\" content=\"index, follow, max-snippet:-1, max-image-preview:large, max-video-preview:-1\" \/>\n<link rel=\"canonical\" href=\"https:\/\/www.mimikastudio.com\/en\/faq\/\" \/>\n<meta property=\"og:locale\" content=\"en_US\" \/>\n<meta property=\"og:type\" content=\"article\" \/>\n<meta property=\"og:title\" content=\"FAQ - Mimika Studio Odzie\u017c sk\u00f3rzana\" \/>\n<meta property=\"og:description\" content=\"Frequently asked questions: Can I make an exchange or a return of the goods I bought? Yes, all our products can be returned or exchanged as long as they remain unused up to 14 days after the delivery date. Before [&hellip;]\" \/>\n<meta property=\"og:url\" content=\"https:\/\/www.mimikastudio.com\/en\/faq\/\" \/>\n<meta property=\"og:site_name\" content=\"Mimika Studio Odzie\u017c sk\u00f3rzana\" \/>\n<meta property=\"article:publisher\" content=\"https:\/\/www.facebook.com\/mimikaleather\" \/>\n<meta property=\"article:modified_time\" content=\"2025-04-24T09:18:41+00:00\" \/>\n<meta name=\"twitter:card\" content=\"summary_large_image\" \/>\n<meta name=\"twitter:label1\" content=\"Est. reading time\" \/>\n\t<meta name=\"twitter:data1\" content=\"4 minutes\" \/>\n<script type=\"application\/ld+json\" class=\"yoast-schema-graph\">{\"@context\":\"https:\/\/schema.org\",\"@graph\":[{\"@type\":\"WebPage\",\"@id\":\"https:\/\/www.mimikastudio.com\/en\/faq\/\",\"url\":\"https:\/\/www.mimikastudio.com\/en\/faq\/\",\"name\":\"FAQ - Mimika Studio Odzie\u017c sk\u00f3rzana\",\"isPartOf\":{\"@id\":\"https:\/\/www.mimikastudio.com\/#website\"},\"datePublished\":\"2019-08-07T07:48:34+00:00\",\"dateModified\":\"2025-04-24T09:18:41+00:00\",\"breadcrumb\":{\"@id\":\"https:\/\/www.mimikastudio.com\/en\/faq\/#breadcrumb\"},\"inLanguage\":\"en-US\",\"potentialAction\":[{\"@type\":\"ReadAction\",\"target\":[\"https:\/\/www.mimikastudio.com\/en\/faq\/\"]}]},{\"@type\":\"BreadcrumbList\",\"@id\":\"https:\/\/www.mimikastudio.com\/en\/faq\/#breadcrumb\",\"itemListElement\":[{\"@type\":\"ListItem\",\"position\":1,\"name\":\"Home\",\"item\":\"https:\/\/www.mimikastudio.com\/en\/\"},{\"@type\":\"ListItem\",\"position\":2,\"name\":\"FAQ\"}]},{\"@type\":\"WebSite\",\"@id\":\"https:\/\/www.mimikastudio.com\/#website\",\"url\":\"https:\/\/www.mimikastudio.com\/\",\"name\":\"Mimika Studio Odzie\u017c sk\u00f3rzana\",\"description\":\"Mimika Studio Odzie\u017c sk\u00f3rzana\",\"potentialAction\":[{\"@type\":\"SearchAction\",\"target\":{\"@type\":\"EntryPoint\",\"urlTemplate\":\"https:\/\/www.mimikastudio.com\/?s={search_term_string}\"},\"query-input\":\"required name=search_term_string\"}],\"inLanguage\":\"en-US\"}]}<\/script>\n<!-- \/ Yoast SEO plugin. -->","yoast_head_json":{"title":"FAQ - Mimika Studio Odzie\u017c sk\u00f3rzana","robots":{"index":"index","follow":"follow","max-snippet":"max-snippet:-1","max-image-preview":"max-image-preview:large","max-video-preview":"max-video-preview:-1"},"canonical":"https:\/\/www.mimikastudio.com\/en\/faq\/","og_locale":"en_US","og_type":"article","og_title":"FAQ - Mimika Studio Odzie\u017c sk\u00f3rzana","og_description":"Frequently asked questions: Can I make an exchange or a return of the goods I bought? Yes, all our products can be returned or exchanged as long as they remain unused up to 14 days after the delivery date. Before [&hellip;]","og_url":"https:\/\/www.mimikastudio.com\/en\/faq\/","og_site_name":"Mimika Studio Odzie\u017c sk\u00f3rzana","article_publisher":"https:\/\/www.facebook.com\/mimikaleather","article_modified_time":"2025-04-24T09:18:41+00:00","twitter_card":"summary_large_image","twitter_misc":{"Est. reading time":"4 minutes"},"schema":{"@context":"https:\/\/schema.org","@graph":[{"@type":"WebPage","@id":"https:\/\/www.mimikastudio.com\/en\/faq\/","url":"https:\/\/www.mimikastudio.com\/en\/faq\/","name":"FAQ - Mimika Studio Odzie\u017c sk\u00f3rzana","isPartOf":{"@id":"https:\/\/www.mimikastudio.com\/#website"},"datePublished":"2019-08-07T07:48:34+00:00","dateModified":"2025-04-24T09:18:41+00:00","breadcrumb":{"@id":"https:\/\/www.mimikastudio.com\/en\/faq\/#breadcrumb"},"inLanguage":"en-US","potentialAction":[{"@type":"ReadAction","target":["https:\/\/www.mimikastudio.com\/en\/faq\/"]}]},{"@type":"BreadcrumbList","@id":"https:\/\/www.mimikastudio.com\/en\/faq\/#breadcrumb","itemListElement":[{"@type":"ListItem","position":1,"name":"Home","item":"https:\/\/www.mimikastudio.com\/en\/"},{"@type":"ListItem","position":2,"name":"FAQ"}]},{"@type":"WebSite","@id":"https:\/\/www.mimikastudio.com\/#website","url":"https:\/\/www.mimikastudio.com\/","name":"Mimika Studio Odzie\u017c sk\u00f3rzana","description":"Mimika Studio Odzie\u017c sk\u00f3rzana","potentialAction":[{"@type":"SearchAction","target":{"@type":"EntryPoint","urlTemplate":"https:\/\/www.mimikastudio.com\/?s={search_term_string}"},"query-input":"required name=search_term_string"}],"inLanguage":"en-US"}]}},"_links":{"self":[{"href":"https:\/\/www.mimikastudio.com\/en\/wp-json\/wp\/v2\/pages\/4313\/"}],"collection":[{"href":"https:\/\/www.mimikastudio.com\/en\/wp-json\/wp\/v2\/pages\/"}],"about":[{"href":"https:\/\/www.mimikastudio.com\/en\/wp-json\/wp\/v2\/types\/page\/"}],"author":[{"embeddable":true,"href":"https:\/\/www.mimikastudio.com\/en\/wp-json\/wp\/v2\/users\/1\/"}],"replies":[{"embeddable":true,"href":"https:\/\/www.mimikastudio.com\/en\/wp-json\/wp\/v2\/comments\/?post=4313"}],"version-history":[{"count":5,"href":"https:\/\/www.mimikastudio.com\/en\/wp-json\/wp\/v2\/pages\/4313\/revisions\/"}],"predecessor-version":[{"id":9416,"href":"https:\/\/www.mimikastudio.com\/en\/wp-json\/wp\/v2\/pages\/4313\/revisions\/9416\/"}],"wp:attachment":[{"href":"https:\/\/www.mimikastudio.com\/en\/wp-json\/wp\/v2\/media\/?parent=4313"}],"curies":[{"name":"wp","href":"https:\/\/api.w.org\/{rel}","templated":true}]}}