{"id":4320,"date":"2019-08-07T08:57:39","date_gmt":"2019-08-07T07:57:39","guid":{"rendered":"https:\/\/www.mimikastudio.com\/?page_id=4320"},"modified":"2022-06-04T09:31:27","modified_gmt":"2022-06-04T08:31:27","slug":"privacy-policy","status":"publish","type":"page","link":"https:\/\/www.mimikastudio.com\/en\/privacy-policy\/","title":{"rendered":"Privacy Policy"},"content":{"rendered":"<p><strong>Privacy Policy and the Use of Cookies by the Online Shop mimikastudio.com<\/strong><\/p>\n<p><strong>The owner and administrator<\/strong> of the Shop is Ewelina Jurzec, who runs business under the company name \u201ePersonalizowana Odzie\u017c Sk\u00f3rzana Ewelina Jurzec\u201d with its registered office in Rabka-Zdr\u00f3j (34-700), ul. Podhala\u0144ska 18c, registered in Central Registration and Information on Business of the Republic of Poland, holding tax identification number 7352834222. Contact details: <a href=\"mailto:hola@mimikastudio.com\">hola@mimikastudio.com<\/a>, phone number +48\u00a0511\u00a0961\u00a0917.<\/p>\n<p><strong>Shop &#8211; <\/strong>with internet service available at <a href=\"https:\/\/www.mimikastudio.com\/\">www.mimikastudio.com<\/a><\/p>\n<p><strong>User<\/strong>&#8211; any person using the Shop<\/p>\n<p><strong>Personal Data<\/strong><\/p>\n<p>While performing the account\u2019s registration or placing the Order, the Buyer expresses the consent for the processing of data (including personal data) included in the entire registration form and order by the Seller in the scope of the granted authorisation, especially within the scope of the execution of the order placed in the Shop and provision of services by electronic means performed by the Seller. Personal data administrator is the Seller, who ensures complete data confidentiality and data protection from unauthorized access.\u00a0 Each User has the right to access and update his personal data, as well as the right to correct them and request the deletion of data. (items 16 \u2013 21 RODO regulations).<\/p>\n<p>Users&#8217; data may be transferred to the following entities:<\/p>\n<ol>\n<li>Printsoft Maciej Chorz\u0119pa, Rynek 12a, 34-700 Rabka-Zdr\u00f3j, tax identification number 735-256-68-79, for the purposes of hosting the webpage<\/li>\n<li>Sendit, Wagonowa 2 B, 53-609 Wroc\u0142aw, tax identification number 779-24-28-503, for providing delivery service to Users placing orders in the Shop<\/li>\n<li>4K, Skawa 722, 34-713 Skawa, tax identification number 735-285-82-92, for providing external accounting services<\/li>\n<\/ol>\n<p><strong>Invoices<\/strong><\/p>\n<p>If an invoice is required by the User, the Administrator shall process personal data to the extent necessary to issue the invoice.<\/p>\n<p>Email contact\/Facebook\/Instagram<\/p>\n<p>Personal data is processed to the extent necessary to answer the User&#8217;s question.<\/p>\n<p><strong>Cookies<\/strong><\/p>\n<p>The administrator may store &#8216;cookies&#8217; on Users&#8217; computers and access that information for statistical and marketing purposes as well as in order to ensure the proper functioning of the Online Shop.<\/p>\n<p>&nbsp;<\/p>\n<p>&nbsp;<\/p>\n","protected":false},"excerpt":{"rendered":"<p>Privacy Policy and the Use of Cookies by the Online Shop mimikastudio.com The owner and administrator of the Shop is Ewelina Jurzec, who runs business under the company name \u201ePersonalizowana Odzie\u017c Sk\u00f3rzana Ewelina Jurzec\u201d with its registered office in Rabka-Zdr\u00f3j [&hellip;]<\/p>\n","protected":false},"author":1,"featured_media":0,"parent":0,"menu_order":0,"comment_status":"closed","ping_status":"closed","template":"","meta":{"footnotes":""},"yoast_head":"<!-- This site is optimized with the Yoast SEO plugin v22.2 - https:\/\/yoast.com\/wordpress\/plugins\/seo\/ -->\n<title>Privacy Policy - Mimika Studio Odzie\u017c sk\u00f3rzana<\/title>\n<meta name=\"robots\" content=\"index, follow, max-snippet:-1, max-image-preview:large, max-video-preview:-1\" \/>\n<link rel=\"canonical\" href=\"https:\/\/www.mimikastudio.com\/privacy-policy\/\" \/>\n<meta property=\"og:locale\" content=\"en_US\" \/>\n<meta property=\"og:type\" content=\"article\" \/>\n<meta property=\"og:title\" content=\"Privacy Policy - Mimika Studio Odzie\u017c sk\u00f3rzana\" \/>\n<meta property=\"og:description\" content=\"Privacy Policy and the Use of Cookies by the Online Shop mimikastudio.com The owner and administrator of the Shop is Ewelina Jurzec, who runs business under the company name \u201ePersonalizowana Odzie\u017c Sk\u00f3rzana Ewelina Jurzec\u201d with its registered office in Rabka-Zdr\u00f3j [&hellip;]\" \/>\n<meta property=\"og:url\" content=\"https:\/\/www.mimikastudio.com\/privacy-policy\/\" \/>\n<meta property=\"og:site_name\" content=\"Mimika Studio Odzie\u017c sk\u00f3rzana\" \/>\n<meta property=\"article:publisher\" content=\"https:\/\/www.facebook.com\/mimikaleather\" \/>\n<meta property=\"article:modified_time\" content=\"2022-06-04T08:31:27+00:00\" \/>\n<meta name=\"twitter:card\" content=\"summary_large_image\" \/>\n<meta name=\"twitter:label1\" content=\"Est. reading time\" \/>\n\t<meta name=\"twitter:data1\" content=\"2 minutes\" \/>\n<script type=\"application\/ld+json\" class=\"yoast-schema-graph\">{\"@context\":\"https:\/\/schema.org\",\"@graph\":[{\"@type\":\"WebPage\",\"@id\":\"https:\/\/www.mimikastudio.com\/privacy-policy\/\",\"url\":\"https:\/\/www.mimikastudio.com\/privacy-policy\/\",\"name\":\"Privacy Policy - Mimika Studio Odzie\u017c sk\u00f3rzana\",\"isPartOf\":{\"@id\":\"https:\/\/www.mimikastudio.com\/#website\"},\"datePublished\":\"2019-08-07T07:57:39+00:00\",\"dateModified\":\"2022-06-04T08:31:27+00:00\",\"breadcrumb\":{\"@id\":\"https:\/\/www.mimikastudio.com\/privacy-policy\/#breadcrumb\"},\"inLanguage\":\"en-US\",\"potentialAction\":[{\"@type\":\"ReadAction\",\"target\":[\"https:\/\/www.mimikastudio.com\/privacy-policy\/\"]}]},{\"@type\":\"BreadcrumbList\",\"@id\":\"https:\/\/www.mimikastudio.com\/privacy-policy\/#breadcrumb\",\"itemListElement\":[{\"@type\":\"ListItem\",\"position\":1,\"name\":\"Home\",\"item\":\"https:\/\/www.mimikastudio.com\/en\/\"},{\"@type\":\"ListItem\",\"position\":2,\"name\":\"Privacy Policy\"}]},{\"@type\":\"WebSite\",\"@id\":\"https:\/\/www.mimikastudio.com\/#website\",\"url\":\"https:\/\/www.mimikastudio.com\/\",\"name\":\"Mimika Studio Odzie\u017c sk\u00f3rzana\",\"description\":\"Mimika Studio Odzie\u017c sk\u00f3rzana\",\"potentialAction\":[{\"@type\":\"SearchAction\",\"target\":{\"@type\":\"EntryPoint\",\"urlTemplate\":\"https:\/\/www.mimikastudio.com\/?s={search_term_string}\"},\"query-input\":\"required name=search_term_string\"}],\"inLanguage\":\"en-US\"}]}<\/script>\n<!-- \/ Yoast SEO plugin. -->","yoast_head_json":{"title":"Privacy Policy - Mimika Studio Odzie\u017c sk\u00f3rzana","robots":{"index":"index","follow":"follow","max-snippet":"max-snippet:-1","max-image-preview":"max-image-preview:large","max-video-preview":"max-video-preview:-1"},"canonical":"https:\/\/www.mimikastudio.com\/privacy-policy\/","og_locale":"en_US","og_type":"article","og_title":"Privacy Policy - Mimika Studio Odzie\u017c sk\u00f3rzana","og_description":"Privacy Policy and the Use of Cookies by the Online Shop mimikastudio.com The owner and administrator of the Shop is Ewelina Jurzec, who runs business under the company name \u201ePersonalizowana Odzie\u017c Sk\u00f3rzana Ewelina Jurzec\u201d with its registered office in Rabka-Zdr\u00f3j [&hellip;]","og_url":"https:\/\/www.mimikastudio.com\/privacy-policy\/","og_site_name":"Mimika Studio Odzie\u017c sk\u00f3rzana","article_publisher":"https:\/\/www.facebook.com\/mimikaleather","article_modified_time":"2022-06-04T08:31:27+00:00","twitter_card":"summary_large_image","twitter_misc":{"Est. reading time":"2 minutes"},"schema":{"@context":"https:\/\/schema.org","@graph":[{"@type":"WebPage","@id":"https:\/\/www.mimikastudio.com\/privacy-policy\/","url":"https:\/\/www.mimikastudio.com\/privacy-policy\/","name":"Privacy Policy - Mimika Studio Odzie\u017c sk\u00f3rzana","isPartOf":{"@id":"https:\/\/www.mimikastudio.com\/#website"},"datePublished":"2019-08-07T07:57:39+00:00","dateModified":"2022-06-04T08:31:27+00:00","breadcrumb":{"@id":"https:\/\/www.mimikastudio.com\/privacy-policy\/#breadcrumb"},"inLanguage":"en-US","potentialAction":[{"@type":"ReadAction","target":["https:\/\/www.mimikastudio.com\/privacy-policy\/"]}]},{"@type":"BreadcrumbList","@id":"https:\/\/www.mimikastudio.com\/privacy-policy\/#breadcrumb","itemListElement":[{"@type":"ListItem","position":1,"name":"Home","item":"https:\/\/www.mimikastudio.com\/en\/"},{"@type":"ListItem","position":2,"name":"Privacy Policy"}]},{"@type":"WebSite","@id":"https:\/\/www.mimikastudio.com\/#website","url":"https:\/\/www.mimikastudio.com\/","name":"Mimika Studio Odzie\u017c sk\u00f3rzana","description":"Mimika Studio Odzie\u017c sk\u00f3rzana","potentialAction":[{"@type":"SearchAction","target":{"@type":"EntryPoint","urlTemplate":"https:\/\/www.mimikastudio.com\/?s={search_term_string}"},"query-input":"required name=search_term_string"}],"inLanguage":"en-US"}]}},"_links":{"self":[{"href":"https:\/\/www.mimikastudio.com\/en\/wp-json\/wp\/v2\/pages\/4320\/"}],"collection":[{"href":"https:\/\/www.mimikastudio.com\/en\/wp-json\/wp\/v2\/pages\/"}],"about":[{"href":"https:\/\/www.mimikastudio.com\/en\/wp-json\/wp\/v2\/types\/page\/"}],"author":[{"embeddable":true,"href":"https:\/\/www.mimikastudio.com\/en\/wp-json\/wp\/v2\/users\/1\/"}],"replies":[{"embeddable":true,"href":"https:\/\/www.mimikastudio.com\/en\/wp-json\/wp\/v2\/comments\/?post=4320"}],"version-history":[{"count":3,"href":"https:\/\/www.mimikastudio.com\/en\/wp-json\/wp\/v2\/pages\/4320\/revisions\/"}],"predecessor-version":[{"id":6812,"href":"https:\/\/www.mimikastudio.com\/en\/wp-json\/wp\/v2\/pages\/4320\/revisions\/6812\/"}],"wp:attachment":[{"href":"https:\/\/www.mimikastudio.com\/en\/wp-json\/wp\/v2\/media\/?parent=4320"}],"curies":[{"name":"wp","href":"https:\/\/api.w.org\/{rel}","templated":true}]}}