{"id":5499,"date":"2019-08-28T17:52:08","date_gmt":"2019-08-28T16:52:08","guid":{"rendered":"https:\/\/www.mimikastudio.com\/yo-minoria-absoluta\/"},"modified":"2025-02-13T16:23:43","modified_gmt":"2025-02-13T15:23:43","slug":"yo-minoria-absoluta","status":"publish","type":"page","link":"https:\/\/www.mimikastudio.com\/en\/yo-minoria-absoluta\/","title":{"rendered":"Yo Minoria Absoluta"},"content":{"rendered":"<p>[vc_row row_content_width=&#8221;grid&#8221; content_text_aligment=&#8221;center&#8221; css=&#8221;.vc_custom_1520424506203{padding-top: 85px !important;padding-bottom: 80px !important;}&#8221;][vc_column]<div class=\"qodef-elements-holder   qodef-one-column  qodef-responsive-mode-768 \" ><div class=\"qodef-eh-item   qodef-horizontal-alignment-center \"  data-item-class=\"qodef-eh-custom-3151\" data-1280-1600=\"0 28%\" data-1024-1280=\"0 26%\" data-768-1024=\"0 16%\" data-680-768=\"0 6%\" data-680=\"0%\">\n\t<div class=\"qodef-eh-item-inner\">\n\t\t<div class=\"qodef-eh-item-content qodef-eh-custom-3151\" style=\"padding: 0 30%\">\n\t\t\t\t\t<\/div>\n\t<\/div>\n<\/div><\/div>[\/vc_column][\/vc_row][vc_row css=&#8221;.vc_custom_1520424218151{padding-right: 10px !important;padding-bottom: 0px !important;padding-left: 10px !important;}&#8221;][vc_column css=&#8221;.vc_custom_1520424268779{padding-bottom: 0px !important;}&#8221;]<div class=\"qodef-image-gallery  qodef-ig-masonry-type qodef-normal-space qodef-has-shadow \">\n\t<div class=\"qodef-ig-inner qodef-outer-space qodef-ig-masonry qodef-ig-four-columns\">\n\t\t<div class=\"qodef-ig-grid-sizer\"><\/div>\n\t\t<div class=\"qodef-ig-grid-gutter\"><\/div>\n\t\t\t\t\t\t\t\t<div class=\"qodef-ig-image qodef-item-space \">\n\t\t\t\t<div class=\"qodef-ig-image-inner\">\n\t\t\t\t\t\t\t\t\t\t\t<img loading=\"lazy\" decoding=\"async\" width=\"2048\" height=\"1428\" src=\"https:\/\/www.mimikastudio.com\/wp-content\/uploads\/2025\/02\/Zdjecie-WhatsApp-2025-02-13-o-15.28.40_321b4102.jpg\" class=\"attachment-full size-full\" alt=\"\" srcset=\"https:\/\/www.mimikastudio.com\/wp-content\/uploads\/2025\/02\/Zdjecie-WhatsApp-2025-02-13-o-15.28.40_321b4102.jpg 2048w, https:\/\/www.mimikastudio.com\/wp-content\/uploads\/2025\/02\/Zdjecie-WhatsApp-2025-02-13-o-15.28.40_321b4102-500x349.jpg 500w, https:\/\/www.mimikastudio.com\/wp-content\/uploads\/2025\/02\/Zdjecie-WhatsApp-2025-02-13-o-15.28.40_321b4102-1024x714.jpg 1024w, https:\/\/www.mimikastudio.com\/wp-content\/uploads\/2025\/02\/Zdjecie-WhatsApp-2025-02-13-o-15.28.40_321b4102-768x536.jpg 768w, https:\/\/www.mimikastudio.com\/wp-content\/uploads\/2025\/02\/Zdjecie-WhatsApp-2025-02-13-o-15.28.40_321b4102-1536x1071.jpg 1536w, https:\/\/www.mimikastudio.com\/wp-content\/uploads\/2025\/02\/Zdjecie-WhatsApp-2025-02-13-o-15.28.40_321b4102-600x418.jpg 600w\" sizes=\"(max-width: 2048px) 100vw, 2048px\" \/>\t\t\t\t\t\t\t\t\t<\/div>\n\t\t\t<\/div>\n\t\t\t\t\t\t\t\t<div class=\"qodef-ig-image qodef-item-space \">\n\t\t\t\t<div class=\"qodef-ig-image-inner\">\n\t\t\t\t\t\t\t\t\t\t\t<img loading=\"lazy\" decoding=\"async\" width=\"2048\" height=\"1365\" src=\"https:\/\/www.mimikastudio.com\/wp-content\/uploads\/2025\/02\/Zdjecie-WhatsApp-2025-02-13-o-15.28.40_e8cec125.jpg\" class=\"attachment-full size-full\" alt=\"\" srcset=\"https:\/\/www.mimikastudio.com\/wp-content\/uploads\/2025\/02\/Zdjecie-WhatsApp-2025-02-13-o-15.28.40_e8cec125.jpg 2048w, https:\/\/www.mimikastudio.com\/wp-content\/uploads\/2025\/02\/Zdjecie-WhatsApp-2025-02-13-o-15.28.40_e8cec125-500x333.jpg 500w, https:\/\/www.mimikastudio.com\/wp-content\/uploads\/2025\/02\/Zdjecie-WhatsApp-2025-02-13-o-15.28.40_e8cec125-1024x683.jpg 1024w, https:\/\/www.mimikastudio.com\/wp-content\/uploads\/2025\/02\/Zdjecie-WhatsApp-2025-02-13-o-15.28.40_e8cec125-768x512.jpg 768w, https:\/\/www.mimikastudio.com\/wp-content\/uploads\/2025\/02\/Zdjecie-WhatsApp-2025-02-13-o-15.28.40_e8cec125-1536x1024.jpg 1536w, https:\/\/www.mimikastudio.com\/wp-content\/uploads\/2025\/02\/Zdjecie-WhatsApp-2025-02-13-o-15.28.40_e8cec125-600x400.jpg 600w\" sizes=\"(max-width: 2048px) 100vw, 2048px\" \/>\t\t\t\t\t\t\t\t\t<\/div>\n\t\t\t<\/div>\n\t\t\t\t\t\t\t\t<div class=\"qodef-ig-image qodef-item-space \">\n\t\t\t\t<div class=\"qodef-ig-image-inner\">\n\t\t\t\t\t\t\t\t\t\t\t<img loading=\"lazy\" decoding=\"async\" width=\"1365\" height=\"2048\" src=\"https:\/\/www.mimikastudio.com\/wp-content\/uploads\/2025\/02\/Zdjecie-WhatsApp-2025-02-13-o-15.28.40_6db01aa3.jpg\" class=\"attachment-full size-full\" alt=\"\" srcset=\"https:\/\/www.mimikastudio.com\/wp-content\/uploads\/2025\/02\/Zdjecie-WhatsApp-2025-02-13-o-15.28.40_6db01aa3.jpg 1365w, https:\/\/www.mimikastudio.com\/wp-content\/uploads\/2025\/02\/Zdjecie-WhatsApp-2025-02-13-o-15.28.40_6db01aa3-333x500.jpg 333w, https:\/\/www.mimikastudio.com\/wp-content\/uploads\/2025\/02\/Zdjecie-WhatsApp-2025-02-13-o-15.28.40_6db01aa3-683x1024.jpg 683w, https:\/\/www.mimikastudio.com\/wp-content\/uploads\/2025\/02\/Zdjecie-WhatsApp-2025-02-13-o-15.28.40_6db01aa3-768x1152.jpg 768w, https:\/\/www.mimikastudio.com\/wp-content\/uploads\/2025\/02\/Zdjecie-WhatsApp-2025-02-13-o-15.28.40_6db01aa3-1024x1536.jpg 1024w, https:\/\/www.mimikastudio.com\/wp-content\/uploads\/2025\/02\/Zdjecie-WhatsApp-2025-02-13-o-15.28.40_6db01aa3-500x750.jpg 500w, https:\/\/www.mimikastudio.com\/wp-content\/uploads\/2025\/02\/Zdjecie-WhatsApp-2025-02-13-o-15.28.40_6db01aa3-600x900.jpg 600w\" sizes=\"(max-width: 1365px) 100vw, 1365px\" \/>\t\t\t\t\t\t\t\t\t<\/div>\n\t\t\t<\/div>\n\t\t\t\t\t\t\t\t<div class=\"qodef-ig-image qodef-item-space \">\n\t\t\t\t<div class=\"qodef-ig-image-inner\">\n\t\t\t\t\t\t\t\t\t\t\t<img loading=\"lazy\" decoding=\"async\" width=\"1365\" height=\"2048\" src=\"https:\/\/www.mimikastudio.com\/wp-content\/uploads\/2025\/02\/Zdjecie-WhatsApp-2025-02-13-o-15.28.40_da91be95.jpg\" class=\"attachment-full size-full\" alt=\"\" srcset=\"https:\/\/www.mimikastudio.com\/wp-content\/uploads\/2025\/02\/Zdjecie-WhatsApp-2025-02-13-o-15.28.40_da91be95.jpg 1365w, https:\/\/www.mimikastudio.com\/wp-content\/uploads\/2025\/02\/Zdjecie-WhatsApp-2025-02-13-o-15.28.40_da91be95-333x500.jpg 333w, https:\/\/www.mimikastudio.com\/wp-content\/uploads\/2025\/02\/Zdjecie-WhatsApp-2025-02-13-o-15.28.40_da91be95-683x1024.jpg 683w, https:\/\/www.mimikastudio.com\/wp-content\/uploads\/2025\/02\/Zdjecie-WhatsApp-2025-02-13-o-15.28.40_da91be95-768x1152.jpg 768w, https:\/\/www.mimikastudio.com\/wp-content\/uploads\/2025\/02\/Zdjecie-WhatsApp-2025-02-13-o-15.28.40_da91be95-1024x1536.jpg 1024w, https:\/\/www.mimikastudio.com\/wp-content\/uploads\/2025\/02\/Zdjecie-WhatsApp-2025-02-13-o-15.28.40_da91be95-500x750.jpg 500w, https:\/\/www.mimikastudio.com\/wp-content\/uploads\/2025\/02\/Zdjecie-WhatsApp-2025-02-13-o-15.28.40_da91be95-600x900.jpg 600w\" sizes=\"(max-width: 1365px) 100vw, 1365px\" \/>\t\t\t\t\t\t\t\t\t<\/div>\n\t\t\t<\/div>\n\t\t\t\t\t\t\t\t<div class=\"qodef-ig-image qodef-item-space \">\n\t\t\t\t<div class=\"qodef-ig-image-inner\">\n\t\t\t\t\t\t\t\t\t\t\t<img loading=\"lazy\" decoding=\"async\" width=\"1365\" height=\"2048\" src=\"https:\/\/www.mimikastudio.com\/wp-content\/uploads\/2025\/02\/Zdjecie-WhatsApp-2025-02-13-o-15.28.40_c794b81b.jpg\" class=\"attachment-full size-full\" alt=\"\" srcset=\"https:\/\/www.mimikastudio.com\/wp-content\/uploads\/2025\/02\/Zdjecie-WhatsApp-2025-02-13-o-15.28.40_c794b81b.jpg 1365w, https:\/\/www.mimikastudio.com\/wp-content\/uploads\/2025\/02\/Zdjecie-WhatsApp-2025-02-13-o-15.28.40_c794b81b-333x500.jpg 333w, https:\/\/www.mimikastudio.com\/wp-content\/uploads\/2025\/02\/Zdjecie-WhatsApp-2025-02-13-o-15.28.40_c794b81b-683x1024.jpg 683w, https:\/\/www.mimikastudio.com\/wp-content\/uploads\/2025\/02\/Zdjecie-WhatsApp-2025-02-13-o-15.28.40_c794b81b-768x1152.jpg 768w, https:\/\/www.mimikastudio.com\/wp-content\/uploads\/2025\/02\/Zdjecie-WhatsApp-2025-02-13-o-15.28.40_c794b81b-1024x1536.jpg 1024w, https:\/\/www.mimikastudio.com\/wp-content\/uploads\/2025\/02\/Zdjecie-WhatsApp-2025-02-13-o-15.28.40_c794b81b-500x750.jpg 500w, https:\/\/www.mimikastudio.com\/wp-content\/uploads\/2025\/02\/Zdjecie-WhatsApp-2025-02-13-o-15.28.40_c794b81b-600x900.jpg 600w\" sizes=\"(max-width: 1365px) 100vw, 1365px\" \/>\t\t\t\t\t\t\t\t\t<\/div>\n\t\t\t<\/div>\n\t\t\t\t\t\t\t\t<div class=\"qodef-ig-image qodef-item-space \">\n\t\t\t\t<div class=\"qodef-ig-image-inner\">\n\t\t\t\t\t\t\t\t\t\t\t<img loading=\"lazy\" decoding=\"async\" width=\"1365\" height=\"2048\" src=\"https:\/\/www.mimikastudio.com\/wp-content\/uploads\/2025\/02\/Zdjecie-WhatsApp-2025-02-13-o-15.27.50_05915d5b.jpg\" class=\"attachment-full size-full\" alt=\"\" srcset=\"https:\/\/www.mimikastudio.com\/wp-content\/uploads\/2025\/02\/Zdjecie-WhatsApp-2025-02-13-o-15.27.50_05915d5b.jpg 1365w, https:\/\/www.mimikastudio.com\/wp-content\/uploads\/2025\/02\/Zdjecie-WhatsApp-2025-02-13-o-15.27.50_05915d5b-333x500.jpg 333w, https:\/\/www.mimikastudio.com\/wp-content\/uploads\/2025\/02\/Zdjecie-WhatsApp-2025-02-13-o-15.27.50_05915d5b-683x1024.jpg 683w, https:\/\/www.mimikastudio.com\/wp-content\/uploads\/2025\/02\/Zdjecie-WhatsApp-2025-02-13-o-15.27.50_05915d5b-768x1152.jpg 768w, https:\/\/www.mimikastudio.com\/wp-content\/uploads\/2025\/02\/Zdjecie-WhatsApp-2025-02-13-o-15.27.50_05915d5b-1024x1536.jpg 1024w, https:\/\/www.mimikastudio.com\/wp-content\/uploads\/2025\/02\/Zdjecie-WhatsApp-2025-02-13-o-15.27.50_05915d5b-500x750.jpg 500w, https:\/\/www.mimikastudio.com\/wp-content\/uploads\/2025\/02\/Zdjecie-WhatsApp-2025-02-13-o-15.27.50_05915d5b-600x900.jpg 600w\" sizes=\"(max-width: 1365px) 100vw, 1365px\" \/>\t\t\t\t\t\t\t\t\t<\/div>\n\t\t\t<\/div>\n\t\t\t\t\t\t\t\t<div class=\"qodef-ig-image qodef-item-space \">\n\t\t\t\t<div class=\"qodef-ig-image-inner\">\n\t\t\t\t\t\t\t\t\t\t\t<img loading=\"lazy\" decoding=\"async\" width=\"1345\" height=\"2048\" src=\"https:\/\/www.mimikastudio.com\/wp-content\/uploads\/2025\/02\/Zdjecie-WhatsApp-2025-02-13-o-15.27.47_88c107ad.jpg\" class=\"attachment-full size-full\" alt=\"\" srcset=\"https:\/\/www.mimikastudio.com\/wp-content\/uploads\/2025\/02\/Zdjecie-WhatsApp-2025-02-13-o-15.27.47_88c107ad.jpg 1345w, https:\/\/www.mimikastudio.com\/wp-content\/uploads\/2025\/02\/Zdjecie-WhatsApp-2025-02-13-o-15.27.47_88c107ad-328x500.jpg 328w, https:\/\/www.mimikastudio.com\/wp-content\/uploads\/2025\/02\/Zdjecie-WhatsApp-2025-02-13-o-15.27.47_88c107ad-673x1024.jpg 673w, https:\/\/www.mimikastudio.com\/wp-content\/uploads\/2025\/02\/Zdjecie-WhatsApp-2025-02-13-o-15.27.47_88c107ad-768x1169.jpg 768w, https:\/\/www.mimikastudio.com\/wp-content\/uploads\/2025\/02\/Zdjecie-WhatsApp-2025-02-13-o-15.27.47_88c107ad-1009x1536.jpg 1009w, https:\/\/www.mimikastudio.com\/wp-content\/uploads\/2025\/02\/Zdjecie-WhatsApp-2025-02-13-o-15.27.47_88c107ad-600x914.jpg 600w\" sizes=\"(max-width: 1345px) 100vw, 1345px\" \/>\t\t\t\t\t\t\t\t\t<\/div>\n\t\t\t<\/div>\n\t\t\t\t\t\t\t\t<div class=\"qodef-ig-image qodef-item-space \">\n\t\t\t\t<div class=\"qodef-ig-image-inner\">\n\t\t\t\t\t\t\t\t\t\t\t<img loading=\"lazy\" decoding=\"async\" width=\"1365\" height=\"2048\" src=\"https:\/\/www.mimikastudio.com\/wp-content\/uploads\/2025\/02\/Zdjecie-WhatsApp-2025-02-13-o-15.27.47_f2878e49.jpg\" class=\"attachment-full size-full\" alt=\"\" srcset=\"https:\/\/www.mimikastudio.com\/wp-content\/uploads\/2025\/02\/Zdjecie-WhatsApp-2025-02-13-o-15.27.47_f2878e49.jpg 1365w, https:\/\/www.mimikastudio.com\/wp-content\/uploads\/2025\/02\/Zdjecie-WhatsApp-2025-02-13-o-15.27.47_f2878e49-333x500.jpg 333w, https:\/\/www.mimikastudio.com\/wp-content\/uploads\/2025\/02\/Zdjecie-WhatsApp-2025-02-13-o-15.27.47_f2878e49-683x1024.jpg 683w, https:\/\/www.mimikastudio.com\/wp-content\/uploads\/2025\/02\/Zdjecie-WhatsApp-2025-02-13-o-15.27.47_f2878e49-768x1152.jpg 768w, https:\/\/www.mimikastudio.com\/wp-content\/uploads\/2025\/02\/Zdjecie-WhatsApp-2025-02-13-o-15.27.47_f2878e49-1024x1536.jpg 1024w, https:\/\/www.mimikastudio.com\/wp-content\/uploads\/2025\/02\/Zdjecie-WhatsApp-2025-02-13-o-15.27.47_f2878e49-500x750.jpg 500w, https:\/\/www.mimikastudio.com\/wp-content\/uploads\/2025\/02\/Zdjecie-WhatsApp-2025-02-13-o-15.27.47_f2878e49-600x900.jpg 600w\" sizes=\"(max-width: 1365px) 100vw, 1365px\" \/>\t\t\t\t\t\t\t\t\t<\/div>\n\t\t\t<\/div>\n\t\t\t\t\t\t\t\t<div class=\"qodef-ig-image qodef-item-space \">\n\t\t\t\t<div class=\"qodef-ig-image-inner\">\n\t\t\t\t\t\t\t\t\t\t\t<img loading=\"lazy\" decoding=\"async\" width=\"2048\" height=\"1365\" src=\"https:\/\/www.mimikastudio.com\/wp-content\/uploads\/2025\/02\/Zdjecie-WhatsApp-2025-02-13-o-15.27.46_905c096c.jpg\" class=\"attachment-full size-full\" alt=\"\" srcset=\"https:\/\/www.mimikastudio.com\/wp-content\/uploads\/2025\/02\/Zdjecie-WhatsApp-2025-02-13-o-15.27.46_905c096c.jpg 2048w, https:\/\/www.mimikastudio.com\/wp-content\/uploads\/2025\/02\/Zdjecie-WhatsApp-2025-02-13-o-15.27.46_905c096c-500x333.jpg 500w, https:\/\/www.mimikastudio.com\/wp-content\/uploads\/2025\/02\/Zdjecie-WhatsApp-2025-02-13-o-15.27.46_905c096c-1024x683.jpg 1024w, https:\/\/www.mimikastudio.com\/wp-content\/uploads\/2025\/02\/Zdjecie-WhatsApp-2025-02-13-o-15.27.46_905c096c-768x512.jpg 768w, https:\/\/www.mimikastudio.com\/wp-content\/uploads\/2025\/02\/Zdjecie-WhatsApp-2025-02-13-o-15.27.46_905c096c-1536x1024.jpg 1536w, https:\/\/www.mimikastudio.com\/wp-content\/uploads\/2025\/02\/Zdjecie-WhatsApp-2025-02-13-o-15.27.46_905c096c-600x400.jpg 600w\" sizes=\"(max-width: 2048px) 100vw, 2048px\" \/>\t\t\t\t\t\t\t\t\t<\/div>\n\t\t\t<\/div>\n\t\t\t\t\t\t\t\t<div class=\"qodef-ig-image qodef-item-space \">\n\t\t\t\t<div class=\"qodef-ig-image-inner\">\n\t\t\t\t\t\t\t\t\t\t\t<img loading=\"lazy\" decoding=\"async\" width=\"1365\" height=\"2048\" src=\"https:\/\/www.mimikastudio.com\/wp-content\/uploads\/2025\/02\/Zdjecie-WhatsApp-2025-02-13-o-15.27.46_1d6fbe2b.jpg\" class=\"attachment-full size-full\" alt=\"\" srcset=\"https:\/\/www.mimikastudio.com\/wp-content\/uploads\/2025\/02\/Zdjecie-WhatsApp-2025-02-13-o-15.27.46_1d6fbe2b.jpg 1365w, https:\/\/www.mimikastudio.com\/wp-content\/uploads\/2025\/02\/Zdjecie-WhatsApp-2025-02-13-o-15.27.46_1d6fbe2b-333x500.jpg 333w, https:\/\/www.mimikastudio.com\/wp-content\/uploads\/2025\/02\/Zdjecie-WhatsApp-2025-02-13-o-15.27.46_1d6fbe2b-683x1024.jpg 683w, https:\/\/www.mimikastudio.com\/wp-content\/uploads\/2025\/02\/Zdjecie-WhatsApp-2025-02-13-o-15.27.46_1d6fbe2b-768x1152.jpg 768w, https:\/\/www.mimikastudio.com\/wp-content\/uploads\/2025\/02\/Zdjecie-WhatsApp-2025-02-13-o-15.27.46_1d6fbe2b-1024x1536.jpg 1024w, https:\/\/www.mimikastudio.com\/wp-content\/uploads\/2025\/02\/Zdjecie-WhatsApp-2025-02-13-o-15.27.46_1d6fbe2b-500x750.jpg 500w, https:\/\/www.mimikastudio.com\/wp-content\/uploads\/2025\/02\/Zdjecie-WhatsApp-2025-02-13-o-15.27.46_1d6fbe2b-600x900.jpg 600w\" sizes=\"(max-width: 1365px) 100vw, 1365px\" \/>\t\t\t\t\t\t\t\t\t<\/div>\n\t\t\t<\/div>\n\t\t\t\t\t\t\t\t<div class=\"qodef-ig-image qodef-item-space \">\n\t\t\t\t<div class=\"qodef-ig-image-inner\">\n\t\t\t\t\t\t\t\t\t\t\t<img loading=\"lazy\" decoding=\"async\" width=\"1365\" height=\"2048\" src=\"https:\/\/www.mimikastudio.com\/wp-content\/uploads\/2025\/02\/Zdjecie-WhatsApp-2025-02-13-o-15.27.44_042f5e4e.jpg\" class=\"attachment-full size-full\" alt=\"\" srcset=\"https:\/\/www.mimikastudio.com\/wp-content\/uploads\/2025\/02\/Zdjecie-WhatsApp-2025-02-13-o-15.27.44_042f5e4e.jpg 1365w, https:\/\/www.mimikastudio.com\/wp-content\/uploads\/2025\/02\/Zdjecie-WhatsApp-2025-02-13-o-15.27.44_042f5e4e-333x500.jpg 333w, https:\/\/www.mimikastudio.com\/wp-content\/uploads\/2025\/02\/Zdjecie-WhatsApp-2025-02-13-o-15.27.44_042f5e4e-683x1024.jpg 683w, https:\/\/www.mimikastudio.com\/wp-content\/uploads\/2025\/02\/Zdjecie-WhatsApp-2025-02-13-o-15.27.44_042f5e4e-768x1152.jpg 768w, https:\/\/www.mimikastudio.com\/wp-content\/uploads\/2025\/02\/Zdjecie-WhatsApp-2025-02-13-o-15.27.44_042f5e4e-1024x1536.jpg 1024w, https:\/\/www.mimikastudio.com\/wp-content\/uploads\/2025\/02\/Zdjecie-WhatsApp-2025-02-13-o-15.27.44_042f5e4e-500x750.jpg 500w, https:\/\/www.mimikastudio.com\/wp-content\/uploads\/2025\/02\/Zdjecie-WhatsApp-2025-02-13-o-15.27.44_042f5e4e-600x900.jpg 600w\" sizes=\"(max-width: 1365px) 100vw, 1365px\" \/>\t\t\t\t\t\t\t\t\t<\/div>\n\t\t\t<\/div>\n\t\t\t\t\t\t\t\t<div class=\"qodef-ig-image qodef-item-space \">\n\t\t\t\t<div class=\"qodef-ig-image-inner\">\n\t\t\t\t\t\t\t\t\t\t\t<img loading=\"lazy\" decoding=\"async\" width=\"1365\" height=\"2048\" src=\"https:\/\/www.mimikastudio.com\/wp-content\/uploads\/2025\/02\/Zdjecie-WhatsApp-2025-02-13-o-15.26.08_8a847267.jpg\" class=\"attachment-full size-full\" alt=\"\" srcset=\"https:\/\/www.mimikastudio.com\/wp-content\/uploads\/2025\/02\/Zdjecie-WhatsApp-2025-02-13-o-15.26.08_8a847267.jpg 1365w, https:\/\/www.mimikastudio.com\/wp-content\/uploads\/2025\/02\/Zdjecie-WhatsApp-2025-02-13-o-15.26.08_8a847267-333x500.jpg 333w, https:\/\/www.mimikastudio.com\/wp-content\/uploads\/2025\/02\/Zdjecie-WhatsApp-2025-02-13-o-15.26.08_8a847267-683x1024.jpg 683w, https:\/\/www.mimikastudio.com\/wp-content\/uploads\/2025\/02\/Zdjecie-WhatsApp-2025-02-13-o-15.26.08_8a847267-768x1152.jpg 768w, https:\/\/www.mimikastudio.com\/wp-content\/uploads\/2025\/02\/Zdjecie-WhatsApp-2025-02-13-o-15.26.08_8a847267-1024x1536.jpg 1024w, https:\/\/www.mimikastudio.com\/wp-content\/uploads\/2025\/02\/Zdjecie-WhatsApp-2025-02-13-o-15.26.08_8a847267-500x750.jpg 500w, https:\/\/www.mimikastudio.com\/wp-content\/uploads\/2025\/02\/Zdjecie-WhatsApp-2025-02-13-o-15.26.08_8a847267-600x900.jpg 600w\" sizes=\"(max-width: 1365px) 100vw, 1365px\" \/>\t\t\t\t\t\t\t\t\t<\/div>\n\t\t\t<\/div>\n\t\t\t\t\t\t\t\t<div class=\"qodef-ig-image qodef-item-space \">\n\t\t\t\t<div class=\"qodef-ig-image-inner\">\n\t\t\t\t\t\t\t\t\t\t\t<img loading=\"lazy\" decoding=\"async\" width=\"1365\" height=\"2048\" src=\"https:\/\/www.mimikastudio.com\/wp-content\/uploads\/2025\/02\/Zdjecie-WhatsApp-2025-02-13-o-15.26.08_963ec14f.jpg\" class=\"attachment-full size-full\" alt=\"\" srcset=\"https:\/\/www.mimikastudio.com\/wp-content\/uploads\/2025\/02\/Zdjecie-WhatsApp-2025-02-13-o-15.26.08_963ec14f.jpg 1365w, https:\/\/www.mimikastudio.com\/wp-content\/uploads\/2025\/02\/Zdjecie-WhatsApp-2025-02-13-o-15.26.08_963ec14f-333x500.jpg 333w, https:\/\/www.mimikastudio.com\/wp-content\/uploads\/2025\/02\/Zdjecie-WhatsApp-2025-02-13-o-15.26.08_963ec14f-683x1024.jpg 683w, https:\/\/www.mimikastudio.com\/wp-content\/uploads\/2025\/02\/Zdjecie-WhatsApp-2025-02-13-o-15.26.08_963ec14f-768x1152.jpg 768w, https:\/\/www.mimikastudio.com\/wp-content\/uploads\/2025\/02\/Zdjecie-WhatsApp-2025-02-13-o-15.26.08_963ec14f-1024x1536.jpg 1024w, https:\/\/www.mimikastudio.com\/wp-content\/uploads\/2025\/02\/Zdjecie-WhatsApp-2025-02-13-o-15.26.08_963ec14f-500x750.jpg 500w, https:\/\/www.mimikastudio.com\/wp-content\/uploads\/2025\/02\/Zdjecie-WhatsApp-2025-02-13-o-15.26.08_963ec14f-600x900.jpg 600w\" sizes=\"(max-width: 1365px) 100vw, 1365px\" \/>\t\t\t\t\t\t\t\t\t<\/div>\n\t\t\t<\/div>\n\t\t\t\t\t\t\t\t<div class=\"qodef-ig-image qodef-item-space \">\n\t\t\t\t<div class=\"qodef-ig-image-inner\">\n\t\t\t\t\t\t\t\t\t\t\t<img loading=\"lazy\" decoding=\"async\" width=\"1365\" height=\"2048\" src=\"https:\/\/www.mimikastudio.com\/wp-content\/uploads\/2025\/02\/Zdjecie-WhatsApp-2025-02-13-o-15.28.36_978ea9b7-2.jpg\" class=\"attachment-full size-full\" alt=\"\" srcset=\"https:\/\/www.mimikastudio.com\/wp-content\/uploads\/2025\/02\/Zdjecie-WhatsApp-2025-02-13-o-15.28.36_978ea9b7-2.jpg 1365w, https:\/\/www.mimikastudio.com\/wp-content\/uploads\/2025\/02\/Zdjecie-WhatsApp-2025-02-13-o-15.28.36_978ea9b7-2-333x500.jpg 333w, https:\/\/www.mimikastudio.com\/wp-content\/uploads\/2025\/02\/Zdjecie-WhatsApp-2025-02-13-o-15.28.36_978ea9b7-2-683x1024.jpg 683w, https:\/\/www.mimikastudio.com\/wp-content\/uploads\/2025\/02\/Zdjecie-WhatsApp-2025-02-13-o-15.28.36_978ea9b7-2-768x1152.jpg 768w, https:\/\/www.mimikastudio.com\/wp-content\/uploads\/2025\/02\/Zdjecie-WhatsApp-2025-02-13-o-15.28.36_978ea9b7-2-1024x1536.jpg 1024w, https:\/\/www.mimikastudio.com\/wp-content\/uploads\/2025\/02\/Zdjecie-WhatsApp-2025-02-13-o-15.28.36_978ea9b7-2-500x750.jpg 500w, https:\/\/www.mimikastudio.com\/wp-content\/uploads\/2025\/02\/Zdjecie-WhatsApp-2025-02-13-o-15.28.36_978ea9b7-2-600x900.jpg 600w\" sizes=\"(max-width: 1365px) 100vw, 1365px\" \/>\t\t\t\t\t\t\t\t\t<\/div>\n\t\t\t<\/div>\n\t\t\t<\/div>\n<\/div>[\/vc_column][\/vc_row]<\/p>\n","protected":false},"excerpt":{"rendered":"<p>[vc_row row_content_width=&#8221;grid&#8221; content_text_aligment=&#8221;center&#8221; css=&#8221;.vc_custom_1520424506203{padding-top: 85px !important;padding-bottom: 80px !important;}&#8221;][vc_column][\/vc_column][\/vc_row][vc_row css=&#8221;.vc_custom_1520424218151{padding-right: 10px !important;padding-bottom: 0px !important;padding-left: 10px !important;}&#8221;][vc_column css=&#8221;.vc_custom_1520424268779{padding-bottom: 0px !important;}&#8221;][\/vc_column][\/vc_row]<\/p>\n","protected":false},"author":2,"featured_media":0,"parent":0,"menu_order":0,"comment_status":"closed","ping_status":"closed","template":"full-width.php","meta":{"footnotes":""},"yoast_head":"<!-- This site is optimized with the Yoast SEO plugin v22.2 - https:\/\/yoast.com\/wordpress\/plugins\/seo\/ -->\n<title>Yo Minoria Absoluta - Mimika Studio Odzie\u017c sk\u00f3rzana<\/title>\n<meta name=\"robots\" content=\"index, follow, max-snippet:-1, max-image-preview:large, max-video-preview:-1\" \/>\n<link rel=\"canonical\" href=\"https:\/\/www.mimikastudio.com\/yo-minoria-absoluta\/\" \/>\n<meta property=\"og:locale\" content=\"en_US\" \/>\n<meta property=\"og:type\" content=\"article\" \/>\n<meta property=\"og:title\" content=\"Yo Minoria Absoluta - Mimika Studio Odzie\u017c sk\u00f3rzana\" \/>\n<meta property=\"og:description\" content=\"[vc_row row_content_width=&#8221;grid&#8221; content_text_aligment=&#8221;center&#8221; css=&#8221;.vc_custom_1520424506203{padding-top: 85px !important;padding-bottom: 80px !important;}&#8221;][vc_column][\/vc_column][\/vc_row][vc_row css=&#8221;.vc_custom_1520424218151{padding-right: 10px !important;padding-bottom: 0px !important;padding-left: 10px !important;}&#8221;][vc_column css=&#8221;.vc_custom_1520424268779{padding-bottom: 0px !important;}&#8221;][\/vc_column][\/vc_row]\" \/>\n<meta property=\"og:url\" content=\"https:\/\/www.mimikastudio.com\/yo-minoria-absoluta\/\" \/>\n<meta property=\"og:site_name\" content=\"Mimika Studio Odzie\u017c sk\u00f3rzana\" \/>\n<meta property=\"article:publisher\" content=\"https:\/\/www.facebook.com\/mimikaleather\" \/>\n<meta property=\"article:modified_time\" content=\"2025-02-13T15:23:43+00:00\" \/>\n<meta name=\"twitter:card\" content=\"summary_large_image\" \/>\n<meta name=\"twitter:label1\" content=\"Est. reading time\" \/>\n\t<meta name=\"twitter:data1\" content=\"1 minute\" \/>\n<script type=\"application\/ld+json\" class=\"yoast-schema-graph\">{\"@context\":\"https:\/\/schema.org\",\"@graph\":[{\"@type\":\"WebPage\",\"@id\":\"https:\/\/www.mimikastudio.com\/yo-minoria-absoluta\/\",\"url\":\"https:\/\/www.mimikastudio.com\/yo-minoria-absoluta\/\",\"name\":\"Yo Minoria Absoluta - Mimika Studio Odzie\u017c sk\u00f3rzana\",\"isPartOf\":{\"@id\":\"https:\/\/www.mimikastudio.com\/#website\"},\"datePublished\":\"2019-08-28T16:52:08+00:00\",\"dateModified\":\"2025-02-13T15:23:43+00:00\",\"breadcrumb\":{\"@id\":\"https:\/\/www.mimikastudio.com\/yo-minoria-absoluta\/#breadcrumb\"},\"inLanguage\":\"en-US\",\"potentialAction\":[{\"@type\":\"ReadAction\",\"target\":[\"https:\/\/www.mimikastudio.com\/yo-minoria-absoluta\/\"]}]},{\"@type\":\"BreadcrumbList\",\"@id\":\"https:\/\/www.mimikastudio.com\/yo-minoria-absoluta\/#breadcrumb\",\"itemListElement\":[{\"@type\":\"ListItem\",\"position\":1,\"name\":\"Home\",\"item\":\"https:\/\/www.mimikastudio.com\/en\/\"},{\"@type\":\"ListItem\",\"position\":2,\"name\":\"Yo Minoria Absoluta\"}]},{\"@type\":\"WebSite\",\"@id\":\"https:\/\/www.mimikastudio.com\/#website\",\"url\":\"https:\/\/www.mimikastudio.com\/\",\"name\":\"Mimika Studio Odzie\u017c sk\u00f3rzana\",\"description\":\"Mimika Studio Odzie\u017c sk\u00f3rzana\",\"potentialAction\":[{\"@type\":\"SearchAction\",\"target\":{\"@type\":\"EntryPoint\",\"urlTemplate\":\"https:\/\/www.mimikastudio.com\/?s={search_term_string}\"},\"query-input\":\"required name=search_term_string\"}],\"inLanguage\":\"en-US\"}]}<\/script>\n<!-- \/ Yoast SEO plugin. -->","yoast_head_json":{"title":"Yo Minoria Absoluta - Mimika Studio Odzie\u017c sk\u00f3rzana","robots":{"index":"index","follow":"follow","max-snippet":"max-snippet:-1","max-image-preview":"max-image-preview:large","max-video-preview":"max-video-preview:-1"},"canonical":"https:\/\/www.mimikastudio.com\/yo-minoria-absoluta\/","og_locale":"en_US","og_type":"article","og_title":"Yo Minoria Absoluta - Mimika Studio Odzie\u017c sk\u00f3rzana","og_description":"[vc_row row_content_width=&#8221;grid&#8221; content_text_aligment=&#8221;center&#8221; css=&#8221;.vc_custom_1520424506203{padding-top: 85px !important;padding-bottom: 80px !important;}&#8221;][vc_column][\/vc_column][\/vc_row][vc_row css=&#8221;.vc_custom_1520424218151{padding-right: 10px !important;padding-bottom: 0px !important;padding-left: 10px !important;}&#8221;][vc_column css=&#8221;.vc_custom_1520424268779{padding-bottom: 0px !important;}&#8221;][\/vc_column][\/vc_row]","og_url":"https:\/\/www.mimikastudio.com\/yo-minoria-absoluta\/","og_site_name":"Mimika Studio Odzie\u017c sk\u00f3rzana","article_publisher":"https:\/\/www.facebook.com\/mimikaleather","article_modified_time":"2025-02-13T15:23:43+00:00","twitter_card":"summary_large_image","twitter_misc":{"Est. reading time":"1 minute"},"schema":{"@context":"https:\/\/schema.org","@graph":[{"@type":"WebPage","@id":"https:\/\/www.mimikastudio.com\/yo-minoria-absoluta\/","url":"https:\/\/www.mimikastudio.com\/yo-minoria-absoluta\/","name":"Yo Minoria Absoluta - Mimika Studio Odzie\u017c sk\u00f3rzana","isPartOf":{"@id":"https:\/\/www.mimikastudio.com\/#website"},"datePublished":"2019-08-28T16:52:08+00:00","dateModified":"2025-02-13T15:23:43+00:00","breadcrumb":{"@id":"https:\/\/www.mimikastudio.com\/yo-minoria-absoluta\/#breadcrumb"},"inLanguage":"en-US","potentialAction":[{"@type":"ReadAction","target":["https:\/\/www.mimikastudio.com\/yo-minoria-absoluta\/"]}]},{"@type":"BreadcrumbList","@id":"https:\/\/www.mimikastudio.com\/yo-minoria-absoluta\/#breadcrumb","itemListElement":[{"@type":"ListItem","position":1,"name":"Home","item":"https:\/\/www.mimikastudio.com\/en\/"},{"@type":"ListItem","position":2,"name":"Yo Minoria Absoluta"}]},{"@type":"WebSite","@id":"https:\/\/www.mimikastudio.com\/#website","url":"https:\/\/www.mimikastudio.com\/","name":"Mimika Studio Odzie\u017c sk\u00f3rzana","description":"Mimika Studio Odzie\u017c sk\u00f3rzana","potentialAction":[{"@type":"SearchAction","target":{"@type":"EntryPoint","urlTemplate":"https:\/\/www.mimikastudio.com\/?s={search_term_string}"},"query-input":"required name=search_term_string"}],"inLanguage":"en-US"}]}},"_links":{"self":[{"href":"https:\/\/www.mimikastudio.com\/en\/wp-json\/wp\/v2\/pages\/5499\/"}],"collection":[{"href":"https:\/\/www.mimikastudio.com\/en\/wp-json\/wp\/v2\/pages\/"}],"about":[{"href":"https:\/\/www.mimikastudio.com\/en\/wp-json\/wp\/v2\/types\/page\/"}],"author":[{"embeddable":true,"href":"https:\/\/www.mimikastudio.com\/en\/wp-json\/wp\/v2\/users\/2\/"}],"replies":[{"embeddable":true,"href":"https:\/\/www.mimikastudio.com\/en\/wp-json\/wp\/v2\/comments\/?post=5499"}],"version-history":[{"count":4,"href":"https:\/\/www.mimikastudio.com\/en\/wp-json\/wp\/v2\/pages\/5499\/revisions\/"}],"predecessor-version":[{"id":9288,"href":"https:\/\/www.mimikastudio.com\/en\/wp-json\/wp\/v2\/pages\/5499\/revisions\/9288\/"}],"wp:attachment":[{"href":"https:\/\/www.mimikastudio.com\/en\/wp-json\/wp\/v2\/media\/?parent=5499"}],"curies":[{"name":"wp","href":"https:\/\/api.w.org\/{rel}","templated":true}]}}