{"id":5592,"date":"2019-01-07T11:30:49","date_gmt":"2019-01-07T10:30:49","guid":{"rendered":"https:\/\/www.mimikastudio.com\/dostawa-i-platnosci\/"},"modified":"2025-04-24T10:14:40","modified_gmt":"2025-04-24T09:14:40","slug":"dostawa-i-platnosci","status":"publish","type":"page","link":"https:\/\/www.mimikastudio.com\/en\/dostawa-i-platnosci\/","title":{"rendered":"Delivery and Payment"},"content":{"rendered":"<p>[vc_row][vc_column][vc_column_text]Poland:<\/p>\n<p>Courier delivery: 20 PLN<\/p>\n<p>COD courier delivery: 25 PLN<\/p>\n<p>International:<\/p>\n<p>For international shipping, contact us on hola@mimikastudio.com and tell us the address so we can price it and tell you the cost.<\/p>\n<p>Standard shipment cost for a single product: 100 pln<\/p>\n<p>Payment options:<\/p>\n<p>PayPal, bank transfer, cash on delivery<\/p>\n<p>Transfer details:<\/p>\n<p>Mimika Ewelina Jurzec<\/p>\n<p>Ul. Podhala\u0144ska 18c<\/p>\n<p>34-700 Rabka-Zdr\u00f3j<\/p>\n<p>Account number:<\/p>\n<p>47 1240 5149 1111 0010 8407 5883 (paying in Polish zloty)<\/p>\n<p>PL46 1240 5149 1978 0010 8407 6880 (paying in Euro)<\/p>\n<p>Transfer description: product name and the customer&#8217;s details (name and surname)[\/vc_column_text][\/vc_column][\/vc_row]<\/p>\n","protected":false},"excerpt":{"rendered":"<p>[vc_row][vc_column][vc_column_text]Poland: Courier delivery: 20 PLN COD courier delivery: 25 PLN International: For international shipping, contact us on hola@mimikastudio.com and tell us the address so we can price it and tell you the cost. Standard shipment cost for a single product: [&hellip;]<\/p>\n","protected":false},"author":1,"featured_media":0,"parent":0,"menu_order":0,"comment_status":"closed","ping_status":"closed","template":"","meta":{"footnotes":""},"yoast_head":"<!-- This site is optimized with the Yoast SEO plugin v22.2 - https:\/\/yoast.com\/wordpress\/plugins\/seo\/ -->\n<title>Delivery and Payment - Mimika Studio Odzie\u017c sk\u00f3rzana<\/title>\n<meta name=\"robots\" content=\"index, follow, max-snippet:-1, max-image-preview:large, max-video-preview:-1\" \/>\n<link rel=\"canonical\" href=\"https:\/\/www.mimikastudio.com\/en\/dostawa-i-platnosci\/\" \/>\n<meta property=\"og:locale\" content=\"en_US\" \/>\n<meta property=\"og:type\" content=\"article\" \/>\n<meta property=\"og:title\" content=\"Delivery and Payment - Mimika Studio Odzie\u017c sk\u00f3rzana\" \/>\n<meta property=\"og:description\" content=\"[vc_row][vc_column][vc_column_text]Poland: Courier delivery: 20 PLN COD courier delivery: 25 PLN International: For international shipping, contact us on hola@mimikastudio.com and tell us the address so we can price it and tell you the cost. Standard shipment cost for a single product: [&hellip;]\" \/>\n<meta property=\"og:url\" content=\"https:\/\/www.mimikastudio.com\/en\/dostawa-i-platnosci\/\" \/>\n<meta property=\"og:site_name\" content=\"Mimika Studio Odzie\u017c sk\u00f3rzana\" \/>\n<meta property=\"article:publisher\" content=\"https:\/\/www.facebook.com\/mimikaleather\" \/>\n<meta property=\"article:modified_time\" content=\"2025-04-24T09:14:40+00:00\" \/>\n<meta name=\"twitter:card\" content=\"summary_large_image\" \/>\n<meta name=\"twitter:label1\" content=\"Est. reading time\" \/>\n\t<meta name=\"twitter:data1\" content=\"1 minute\" \/>\n<script type=\"application\/ld+json\" class=\"yoast-schema-graph\">{\"@context\":\"https:\/\/schema.org\",\"@graph\":[{\"@type\":\"WebPage\",\"@id\":\"https:\/\/www.mimikastudio.com\/en\/dostawa-i-platnosci\/\",\"url\":\"https:\/\/www.mimikastudio.com\/en\/dostawa-i-platnosci\/\",\"name\":\"Delivery and Payment - Mimika Studio Odzie\u017c sk\u00f3rzana\",\"isPartOf\":{\"@id\":\"https:\/\/www.mimikastudio.com\/#website\"},\"datePublished\":\"2019-01-07T10:30:49+00:00\",\"dateModified\":\"2025-04-24T09:14:40+00:00\",\"breadcrumb\":{\"@id\":\"https:\/\/www.mimikastudio.com\/en\/dostawa-i-platnosci\/#breadcrumb\"},\"inLanguage\":\"en-US\",\"potentialAction\":[{\"@type\":\"ReadAction\",\"target\":[\"https:\/\/www.mimikastudio.com\/en\/dostawa-i-platnosci\/\"]}]},{\"@type\":\"BreadcrumbList\",\"@id\":\"https:\/\/www.mimikastudio.com\/en\/dostawa-i-platnosci\/#breadcrumb\",\"itemListElement\":[{\"@type\":\"ListItem\",\"position\":1,\"name\":\"Home\",\"item\":\"https:\/\/www.mimikastudio.com\/en\/\"},{\"@type\":\"ListItem\",\"position\":2,\"name\":\"Delivery and Payment\"}]},{\"@type\":\"WebSite\",\"@id\":\"https:\/\/www.mimikastudio.com\/#website\",\"url\":\"https:\/\/www.mimikastudio.com\/\",\"name\":\"Mimika Studio Odzie\u017c sk\u00f3rzana\",\"description\":\"Mimika Studio Odzie\u017c sk\u00f3rzana\",\"potentialAction\":[{\"@type\":\"SearchAction\",\"target\":{\"@type\":\"EntryPoint\",\"urlTemplate\":\"https:\/\/www.mimikastudio.com\/?s={search_term_string}\"},\"query-input\":\"required name=search_term_string\"}],\"inLanguage\":\"en-US\"}]}<\/script>\n<!-- \/ Yoast SEO plugin. -->","yoast_head_json":{"title":"Delivery and Payment - Mimika Studio Odzie\u017c sk\u00f3rzana","robots":{"index":"index","follow":"follow","max-snippet":"max-snippet:-1","max-image-preview":"max-image-preview:large","max-video-preview":"max-video-preview:-1"},"canonical":"https:\/\/www.mimikastudio.com\/en\/dostawa-i-platnosci\/","og_locale":"en_US","og_type":"article","og_title":"Delivery and Payment - Mimika Studio Odzie\u017c sk\u00f3rzana","og_description":"[vc_row][vc_column][vc_column_text]Poland: Courier delivery: 20 PLN COD courier delivery: 25 PLN International: For international shipping, contact us on hola@mimikastudio.com and tell us the address so we can price it and tell you the cost. Standard shipment cost for a single product: [&hellip;]","og_url":"https:\/\/www.mimikastudio.com\/en\/dostawa-i-platnosci\/","og_site_name":"Mimika Studio Odzie\u017c sk\u00f3rzana","article_publisher":"https:\/\/www.facebook.com\/mimikaleather","article_modified_time":"2025-04-24T09:14:40+00:00","twitter_card":"summary_large_image","twitter_misc":{"Est. reading time":"1 minute"},"schema":{"@context":"https:\/\/schema.org","@graph":[{"@type":"WebPage","@id":"https:\/\/www.mimikastudio.com\/en\/dostawa-i-platnosci\/","url":"https:\/\/www.mimikastudio.com\/en\/dostawa-i-platnosci\/","name":"Delivery and Payment - Mimika Studio Odzie\u017c sk\u00f3rzana","isPartOf":{"@id":"https:\/\/www.mimikastudio.com\/#website"},"datePublished":"2019-01-07T10:30:49+00:00","dateModified":"2025-04-24T09:14:40+00:00","breadcrumb":{"@id":"https:\/\/www.mimikastudio.com\/en\/dostawa-i-platnosci\/#breadcrumb"},"inLanguage":"en-US","potentialAction":[{"@type":"ReadAction","target":["https:\/\/www.mimikastudio.com\/en\/dostawa-i-platnosci\/"]}]},{"@type":"BreadcrumbList","@id":"https:\/\/www.mimikastudio.com\/en\/dostawa-i-platnosci\/#breadcrumb","itemListElement":[{"@type":"ListItem","position":1,"name":"Home","item":"https:\/\/www.mimikastudio.com\/en\/"},{"@type":"ListItem","position":2,"name":"Delivery and Payment"}]},{"@type":"WebSite","@id":"https:\/\/www.mimikastudio.com\/#website","url":"https:\/\/www.mimikastudio.com\/","name":"Mimika Studio Odzie\u017c sk\u00f3rzana","description":"Mimika Studio Odzie\u017c sk\u00f3rzana","potentialAction":[{"@type":"SearchAction","target":{"@type":"EntryPoint","urlTemplate":"https:\/\/www.mimikastudio.com\/?s={search_term_string}"},"query-input":"required name=search_term_string"}],"inLanguage":"en-US"}]}},"_links":{"self":[{"href":"https:\/\/www.mimikastudio.com\/en\/wp-json\/wp\/v2\/pages\/5592\/"}],"collection":[{"href":"https:\/\/www.mimikastudio.com\/en\/wp-json\/wp\/v2\/pages\/"}],"about":[{"href":"https:\/\/www.mimikastudio.com\/en\/wp-json\/wp\/v2\/types\/page\/"}],"author":[{"embeddable":true,"href":"https:\/\/www.mimikastudio.com\/en\/wp-json\/wp\/v2\/users\/1\/"}],"replies":[{"embeddable":true,"href":"https:\/\/www.mimikastudio.com\/en\/wp-json\/wp\/v2\/comments\/?post=5592"}],"version-history":[{"count":5,"href":"https:\/\/www.mimikastudio.com\/en\/wp-json\/wp\/v2\/pages\/5592\/revisions\/"}],"predecessor-version":[{"id":9413,"href":"https:\/\/www.mimikastudio.com\/en\/wp-json\/wp\/v2\/pages\/5592\/revisions\/9413\/"}],"wp:attachment":[{"href":"https:\/\/www.mimikastudio.com\/en\/wp-json\/wp\/v2\/media\/?parent=5592"}],"curies":[{"name":"wp","href":"https:\/\/api.w.org\/{rel}","templated":true}]}}