{"id":4783,"date":"2018-09-20T19:36:49","date_gmt":"2018-09-20T19:36:49","guid":{"rendered":"https:\/\/www.mimikastudio.com\/product\/empire-fringe\/"},"modified":"2026-01-28T17:12:22","modified_gmt":"2026-01-28T16:12:22","slug":"empire-basic-biker-jacket-with-detachable-fringes","status":"publish","type":"product","link":"https:\/\/www.mimikastudio.com\/en\/product\/empire-basic-biker-jacket-with-detachable-fringes\/","title":{"rendered":"Empire Basic biker jacket with detachable fringes"},"content":{"rendered":"<p><span style=\"font-weight: 400;\">We love fringes! A hard-rock take on the timeless biker jacket, improved with detachable fringes to make it really stylish. Fringes can be removed and attached \u2013 depending on your mood and the type of outfit you have in mind.<\/span><\/p>\n","protected":false},"excerpt":{"rendered":"<p>We love fringes! A hard-rock take on the timeless biker jacket, improved with detachable fringes to make it really stylish. Fringes can be removed and attached \u2013 depending on your mood and the type of outfit you have in mind.<\/p>\n","protected":false},"featured_media":9950,"comment_status":"open","ping_status":"closed","template":"","meta":[],"product_cat":[264],"product_tag":[],"yoast_head":"<!-- This site is optimized with the Yoast SEO plugin v22.2 - https:\/\/yoast.com\/wordpress\/plugins\/seo\/ -->\n<title>Empire Basic biker jacket with detachable fringes - Mimika Studio Odzie\u017c sk\u00f3rzana<\/title>\n<meta name=\"robots\" content=\"index, follow, max-snippet:-1, max-image-preview:large, max-video-preview:-1\" \/>\n<link rel=\"canonical\" href=\"https:\/\/www.mimikastudio.com\/en\/product\/empire-basic-biker-jacket-with-detachable-fringes\/\" \/>\n<meta property=\"og:locale\" content=\"en_US\" \/>\n<meta property=\"og:type\" content=\"article\" \/>\n<meta property=\"og:title\" content=\"Empire Basic biker jacket with detachable fringes - Mimika Studio Odzie\u017c sk\u00f3rzana\" \/>\n<meta property=\"og:description\" content=\"We love fringes! A hard-rock take on the timeless biker jacket, improved with detachable fringes to make it really stylish. Fringes can be removed and attached \u2013 depending on your mood and the type of outfit you have in mind.\" \/>\n<meta property=\"og:url\" content=\"https:\/\/www.mimikastudio.com\/en\/product\/empire-basic-biker-jacket-with-detachable-fringes\/\" \/>\n<meta property=\"og:site_name\" content=\"Mimika Studio Odzie\u017c sk\u00f3rzana\" \/>\n<meta property=\"article:publisher\" content=\"https:\/\/www.facebook.com\/mimikaleather\" \/>\n<meta property=\"article:modified_time\" content=\"2026-01-28T16:12:22+00:00\" \/>\n<meta property=\"og:image\" content=\"https:\/\/www.mimikastudio.com\/wp-content\/uploads\/2018\/09\/dysk-75440-1.jpg\" \/>\n\t<meta property=\"og:image:width\" content=\"1707\" \/>\n\t<meta property=\"og:image:height\" content=\"2560\" \/>\n\t<meta property=\"og:image:type\" content=\"image\/jpeg\" \/>\n<meta name=\"twitter:card\" content=\"summary_large_image\" \/>\n<meta name=\"twitter:label1\" content=\"Est. reading time\" \/>\n\t<meta name=\"twitter:data1\" content=\"1 minute\" \/>\n<script type=\"application\/ld+json\" class=\"yoast-schema-graph\">{\"@context\":\"https:\/\/schema.org\",\"@graph\":[{\"@type\":\"WebPage\",\"@id\":\"https:\/\/www.mimikastudio.com\/en\/product\/empire-basic-biker-jacket-with-detachable-fringes\/\",\"url\":\"https:\/\/www.mimikastudio.com\/en\/product\/empire-basic-biker-jacket-with-detachable-fringes\/\",\"name\":\"Empire Basic biker jacket with detachable fringes - Mimika Studio Odzie\u017c sk\u00f3rzana\",\"isPartOf\":{\"@id\":\"https:\/\/www.mimikastudio.com\/#website\"},\"primaryImageOfPage\":{\"@id\":\"https:\/\/www.mimikastudio.com\/en\/product\/empire-basic-biker-jacket-with-detachable-fringes\/#primaryimage\"},\"image\":{\"@id\":\"https:\/\/www.mimikastudio.com\/en\/product\/empire-basic-biker-jacket-with-detachable-fringes\/#primaryimage\"},\"thumbnailUrl\":\"https:\/\/www.mimikastudio.com\/wp-content\/uploads\/2018\/09\/dysk-75440-1.jpg\",\"datePublished\":\"2018-09-20T19:36:49+00:00\",\"dateModified\":\"2026-01-28T16:12:22+00:00\",\"breadcrumb\":{\"@id\":\"https:\/\/www.mimikastudio.com\/en\/product\/empire-basic-biker-jacket-with-detachable-fringes\/#breadcrumb\"},\"inLanguage\":\"en-US\",\"potentialAction\":[{\"@type\":\"ReadAction\",\"target\":[\"https:\/\/www.mimikastudio.com\/en\/product\/empire-basic-biker-jacket-with-detachable-fringes\/\"]}]},{\"@type\":\"ImageObject\",\"inLanguage\":\"en-US\",\"@id\":\"https:\/\/www.mimikastudio.com\/en\/product\/empire-basic-biker-jacket-with-detachable-fringes\/#primaryimage\",\"url\":\"https:\/\/www.mimikastudio.com\/wp-content\/uploads\/2018\/09\/dysk-75440-1.jpg\",\"contentUrl\":\"https:\/\/www.mimikastudio.com\/wp-content\/uploads\/2018\/09\/dysk-75440-1.jpg\",\"width\":1707,\"height\":2560},{\"@type\":\"BreadcrumbList\",\"@id\":\"https:\/\/www.mimikastudio.com\/en\/product\/empire-basic-biker-jacket-with-detachable-fringes\/#breadcrumb\",\"itemListElement\":[{\"@type\":\"ListItem\",\"position\":1,\"name\":\"Home\",\"item\":\"https:\/\/www.mimikastudio.com\/en\/\"},{\"@type\":\"ListItem\",\"position\":2,\"name\":\"Shop Online\",\"item\":\"https:\/\/www.mimikastudio.com\/shop-online\/\"},{\"@type\":\"ListItem\",\"position\":3,\"name\":\"Empire Basic biker jacket with detachable fringes\"}]},{\"@type\":\"WebSite\",\"@id\":\"https:\/\/www.mimikastudio.com\/#website\",\"url\":\"https:\/\/www.mimikastudio.com\/\",\"name\":\"Mimika Studio Odzie\u017c sk\u00f3rzana\",\"description\":\"Mimika Studio Odzie\u017c sk\u00f3rzana\",\"potentialAction\":[{\"@type\":\"SearchAction\",\"target\":{\"@type\":\"EntryPoint\",\"urlTemplate\":\"https:\/\/www.mimikastudio.com\/?s={search_term_string}\"},\"query-input\":\"required name=search_term_string\"}],\"inLanguage\":\"en-US\"}]}<\/script>\n<!-- \/ Yoast SEO plugin. -->","yoast_head_json":{"title":"Empire Basic biker jacket with detachable fringes - Mimika Studio Odzie\u017c sk\u00f3rzana","robots":{"index":"index","follow":"follow","max-snippet":"max-snippet:-1","max-image-preview":"max-image-preview:large","max-video-preview":"max-video-preview:-1"},"canonical":"https:\/\/www.mimikastudio.com\/en\/product\/empire-basic-biker-jacket-with-detachable-fringes\/","og_locale":"en_US","og_type":"article","og_title":"Empire Basic biker jacket with detachable fringes - Mimika Studio Odzie\u017c sk\u00f3rzana","og_description":"We love fringes! A hard-rock take on the timeless biker jacket, improved with detachable fringes to make it really stylish. Fringes can be removed and attached \u2013 depending on your mood and the type of outfit you have in mind.","og_url":"https:\/\/www.mimikastudio.com\/en\/product\/empire-basic-biker-jacket-with-detachable-fringes\/","og_site_name":"Mimika Studio Odzie\u017c sk\u00f3rzana","article_publisher":"https:\/\/www.facebook.com\/mimikaleather","article_modified_time":"2026-01-28T16:12:22+00:00","og_image":[{"width":1707,"height":2560,"url":"https:\/\/www.mimikastudio.com\/wp-content\/uploads\/2018\/09\/dysk-75440-1.jpg","type":"image\/jpeg"}],"twitter_card":"summary_large_image","twitter_misc":{"Est. reading time":"1 minute"},"schema":{"@context":"https:\/\/schema.org","@graph":[{"@type":"WebPage","@id":"https:\/\/www.mimikastudio.com\/en\/product\/empire-basic-biker-jacket-with-detachable-fringes\/","url":"https:\/\/www.mimikastudio.com\/en\/product\/empire-basic-biker-jacket-with-detachable-fringes\/","name":"Empire Basic biker jacket with detachable fringes - Mimika Studio Odzie\u017c sk\u00f3rzana","isPartOf":{"@id":"https:\/\/www.mimikastudio.com\/#website"},"primaryImageOfPage":{"@id":"https:\/\/www.mimikastudio.com\/en\/product\/empire-basic-biker-jacket-with-detachable-fringes\/#primaryimage"},"image":{"@id":"https:\/\/www.mimikastudio.com\/en\/product\/empire-basic-biker-jacket-with-detachable-fringes\/#primaryimage"},"thumbnailUrl":"https:\/\/www.mimikastudio.com\/wp-content\/uploads\/2018\/09\/dysk-75440-1.jpg","datePublished":"2018-09-20T19:36:49+00:00","dateModified":"2026-01-28T16:12:22+00:00","breadcrumb":{"@id":"https:\/\/www.mimikastudio.com\/en\/product\/empire-basic-biker-jacket-with-detachable-fringes\/#breadcrumb"},"inLanguage":"en-US","potentialAction":[{"@type":"ReadAction","target":["https:\/\/www.mimikastudio.com\/en\/product\/empire-basic-biker-jacket-with-detachable-fringes\/"]}]},{"@type":"ImageObject","inLanguage":"en-US","@id":"https:\/\/www.mimikastudio.com\/en\/product\/empire-basic-biker-jacket-with-detachable-fringes\/#primaryimage","url":"https:\/\/www.mimikastudio.com\/wp-content\/uploads\/2018\/09\/dysk-75440-1.jpg","contentUrl":"https:\/\/www.mimikastudio.com\/wp-content\/uploads\/2018\/09\/dysk-75440-1.jpg","width":1707,"height":2560},{"@type":"BreadcrumbList","@id":"https:\/\/www.mimikastudio.com\/en\/product\/empire-basic-biker-jacket-with-detachable-fringes\/#breadcrumb","itemListElement":[{"@type":"ListItem","position":1,"name":"Home","item":"https:\/\/www.mimikastudio.com\/en\/"},{"@type":"ListItem","position":2,"name":"Shop Online","item":"https:\/\/www.mimikastudio.com\/shop-online\/"},{"@type":"ListItem","position":3,"name":"Empire Basic biker jacket with detachable fringes"}]},{"@type":"WebSite","@id":"https:\/\/www.mimikastudio.com\/#website","url":"https:\/\/www.mimikastudio.com\/","name":"Mimika Studio Odzie\u017c sk\u00f3rzana","description":"Mimika Studio Odzie\u017c sk\u00f3rzana","potentialAction":[{"@type":"SearchAction","target":{"@type":"EntryPoint","urlTemplate":"https:\/\/www.mimikastudio.com\/?s={search_term_string}"},"query-input":"required name=search_term_string"}],"inLanguage":"en-US"}]}},"_links":{"self":[{"href":"https:\/\/www.mimikastudio.com\/en\/wp-json\/wp\/v2\/product\/4783\/"}],"collection":[{"href":"https:\/\/www.mimikastudio.com\/en\/wp-json\/wp\/v2\/product\/"}],"about":[{"href":"https:\/\/www.mimikastudio.com\/en\/wp-json\/wp\/v2\/types\/product\/"}],"replies":[{"embeddable":true,"href":"https:\/\/www.mimikastudio.com\/en\/wp-json\/wp\/v2\/comments\/?post=4783"}],"wp:featuredmedia":[{"embeddable":true,"href":"https:\/\/www.mimikastudio.com\/en\/wp-json\/wp\/v2\/media\/9950\/"}],"wp:attachment":[{"href":"https:\/\/www.mimikastudio.com\/en\/wp-json\/wp\/v2\/media\/?parent=4783"}],"wp:term":[{"taxonomy":"product_cat","embeddable":true,"href":"https:\/\/www.mimikastudio.com\/en\/wp-json\/wp\/v2\/product_cat\/?post=4783"},{"taxonomy":"product_tag","embeddable":true,"href":"https:\/\/www.mimikastudio.com\/en\/wp-json\/wp\/v2\/product_tag\/?post=4783"}],"curies":[{"name":"wp","href":"https:\/\/api.w.org\/{rel}","templated":true}]}}