{"id":8474,"date":"2024-08-27T16:13:41","date_gmt":"2024-08-27T15:13:41","guid":{"rendered":"https:\/\/www.mimikastudio.com\/?post_type=product&#038;p=8474"},"modified":"2025-09-09T12:33:23","modified_gmt":"2025-09-09T11:33:23","slug":"rumor-bomber-n2-with-draped-sleeves","status":"publish","type":"product","link":"https:\/\/www.mimikastudio.com\/en\/product\/rumor-bomber-n2-with-draped-sleeves\/","title":{"rendered":"Rumor Bomber N^2 with draped sleeves"},"content":{"rendered":"","protected":false},"excerpt":{"rendered":"","protected":false},"featured_media":8423,"comment_status":"open","ping_status":"closed","template":"","meta":[],"product_cat":[264],"product_tag":[],"yoast_head":"<!-- This site is optimized with the Yoast SEO plugin v22.2 - https:\/\/yoast.com\/wordpress\/plugins\/seo\/ -->\n<title>Rumor Bomber N^2 with draped sleeves - Mimika Studio Odzie\u017c sk\u00f3rzana<\/title>\n<meta name=\"robots\" content=\"index, follow, max-snippet:-1, max-image-preview:large, max-video-preview:-1\" \/>\n<link rel=\"canonical\" href=\"https:\/\/www.mimikastudio.com\/en\/product\/rumor-bomber-n2-with-draped-sleeves\/\" \/>\n<meta property=\"og:locale\" content=\"en_US\" \/>\n<meta property=\"og:type\" content=\"article\" \/>\n<meta property=\"og:title\" content=\"Rumor Bomber N^2 with draped sleeves - Mimika Studio Odzie\u017c sk\u00f3rzana\" \/>\n<meta property=\"og:url\" content=\"https:\/\/www.mimikastudio.com\/en\/product\/rumor-bomber-n2-with-draped-sleeves\/\" \/>\n<meta property=\"og:site_name\" content=\"Mimika Studio Odzie\u017c sk\u00f3rzana\" \/>\n<meta property=\"article:publisher\" content=\"https:\/\/www.facebook.com\/mimikaleather\" \/>\n<meta property=\"article:modified_time\" content=\"2025-09-09T11:33:23+00:00\" \/>\n<meta property=\"og:image\" content=\"https:\/\/www.mimikastudio.com\/wp-content\/uploads\/2024\/08\/KURS-2x3_insta_8.jpg\" \/>\n\t<meta property=\"og:image:width\" content=\"1707\" \/>\n\t<meta property=\"og:image:height\" content=\"2560\" \/>\n\t<meta property=\"og:image:type\" content=\"image\/jpeg\" \/>\n<meta name=\"twitter:card\" content=\"summary_large_image\" \/>\n<meta name=\"twitter:label1\" content=\"Est. reading time\" \/>\n\t<meta name=\"twitter:data1\" content=\"1 minute\" \/>\n<script type=\"application\/ld+json\" class=\"yoast-schema-graph\">{\"@context\":\"https:\/\/schema.org\",\"@graph\":[{\"@type\":\"WebPage\",\"@id\":\"https:\/\/www.mimikastudio.com\/en\/product\/rumor-bomber-n2-with-draped-sleeves\/\",\"url\":\"https:\/\/www.mimikastudio.com\/en\/product\/rumor-bomber-n2-with-draped-sleeves\/\",\"name\":\"Rumor Bomber N^2 with draped sleeves - Mimika Studio Odzie\u017c sk\u00f3rzana\",\"isPartOf\":{\"@id\":\"https:\/\/www.mimikastudio.com\/#website\"},\"primaryImageOfPage\":{\"@id\":\"https:\/\/www.mimikastudio.com\/en\/product\/rumor-bomber-n2-with-draped-sleeves\/#primaryimage\"},\"image\":{\"@id\":\"https:\/\/www.mimikastudio.com\/en\/product\/rumor-bomber-n2-with-draped-sleeves\/#primaryimage\"},\"thumbnailUrl\":\"https:\/\/www.mimikastudio.com\/wp-content\/uploads\/2024\/08\/KURS-2x3_insta_8.jpg\",\"datePublished\":\"2024-08-27T15:13:41+00:00\",\"dateModified\":\"2025-09-09T11:33:23+00:00\",\"breadcrumb\":{\"@id\":\"https:\/\/www.mimikastudio.com\/en\/product\/rumor-bomber-n2-with-draped-sleeves\/#breadcrumb\"},\"inLanguage\":\"en-US\",\"potentialAction\":[{\"@type\":\"ReadAction\",\"target\":[\"https:\/\/www.mimikastudio.com\/en\/product\/rumor-bomber-n2-with-draped-sleeves\/\"]}]},{\"@type\":\"ImageObject\",\"inLanguage\":\"en-US\",\"@id\":\"https:\/\/www.mimikastudio.com\/en\/product\/rumor-bomber-n2-with-draped-sleeves\/#primaryimage\",\"url\":\"https:\/\/www.mimikastudio.com\/wp-content\/uploads\/2024\/08\/KURS-2x3_insta_8.jpg\",\"contentUrl\":\"https:\/\/www.mimikastudio.com\/wp-content\/uploads\/2024\/08\/KURS-2x3_insta_8.jpg\",\"width\":1707,\"height\":2560,\"caption\":\"Evoto\"},{\"@type\":\"BreadcrumbList\",\"@id\":\"https:\/\/www.mimikastudio.com\/en\/product\/rumor-bomber-n2-with-draped-sleeves\/#breadcrumb\",\"itemListElement\":[{\"@type\":\"ListItem\",\"position\":1,\"name\":\"Home\",\"item\":\"https:\/\/www.mimikastudio.com\/en\/\"},{\"@type\":\"ListItem\",\"position\":2,\"name\":\"Shop Online\",\"item\":\"https:\/\/www.mimikastudio.com\/shop-online\/\"},{\"@type\":\"ListItem\",\"position\":3,\"name\":\"Rumor Bomber N^2 with draped sleeves\"}]},{\"@type\":\"WebSite\",\"@id\":\"https:\/\/www.mimikastudio.com\/#website\",\"url\":\"https:\/\/www.mimikastudio.com\/\",\"name\":\"Mimika Studio Odzie\u017c sk\u00f3rzana\",\"description\":\"Mimika Studio Odzie\u017c sk\u00f3rzana\",\"potentialAction\":[{\"@type\":\"SearchAction\",\"target\":{\"@type\":\"EntryPoint\",\"urlTemplate\":\"https:\/\/www.mimikastudio.com\/?s={search_term_string}\"},\"query-input\":\"required name=search_term_string\"}],\"inLanguage\":\"en-US\"}]}<\/script>\n<!-- \/ Yoast SEO plugin. -->","yoast_head_json":{"title":"Rumor Bomber N^2 with draped sleeves - Mimika Studio Odzie\u017c sk\u00f3rzana","robots":{"index":"index","follow":"follow","max-snippet":"max-snippet:-1","max-image-preview":"max-image-preview:large","max-video-preview":"max-video-preview:-1"},"canonical":"https:\/\/www.mimikastudio.com\/en\/product\/rumor-bomber-n2-with-draped-sleeves\/","og_locale":"en_US","og_type":"article","og_title":"Rumor Bomber N^2 with draped sleeves - Mimika Studio Odzie\u017c sk\u00f3rzana","og_url":"https:\/\/www.mimikastudio.com\/en\/product\/rumor-bomber-n2-with-draped-sleeves\/","og_site_name":"Mimika Studio Odzie\u017c sk\u00f3rzana","article_publisher":"https:\/\/www.facebook.com\/mimikaleather","article_modified_time":"2025-09-09T11:33:23+00:00","og_image":[{"width":1707,"height":2560,"url":"https:\/\/www.mimikastudio.com\/wp-content\/uploads\/2024\/08\/KURS-2x3_insta_8.jpg","type":"image\/jpeg"}],"twitter_card":"summary_large_image","twitter_misc":{"Est. reading time":"1 minute"},"schema":{"@context":"https:\/\/schema.org","@graph":[{"@type":"WebPage","@id":"https:\/\/www.mimikastudio.com\/en\/product\/rumor-bomber-n2-with-draped-sleeves\/","url":"https:\/\/www.mimikastudio.com\/en\/product\/rumor-bomber-n2-with-draped-sleeves\/","name":"Rumor Bomber N^2 with draped sleeves - Mimika Studio Odzie\u017c sk\u00f3rzana","isPartOf":{"@id":"https:\/\/www.mimikastudio.com\/#website"},"primaryImageOfPage":{"@id":"https:\/\/www.mimikastudio.com\/en\/product\/rumor-bomber-n2-with-draped-sleeves\/#primaryimage"},"image":{"@id":"https:\/\/www.mimikastudio.com\/en\/product\/rumor-bomber-n2-with-draped-sleeves\/#primaryimage"},"thumbnailUrl":"https:\/\/www.mimikastudio.com\/wp-content\/uploads\/2024\/08\/KURS-2x3_insta_8.jpg","datePublished":"2024-08-27T15:13:41+00:00","dateModified":"2025-09-09T11:33:23+00:00","breadcrumb":{"@id":"https:\/\/www.mimikastudio.com\/en\/product\/rumor-bomber-n2-with-draped-sleeves\/#breadcrumb"},"inLanguage":"en-US","potentialAction":[{"@type":"ReadAction","target":["https:\/\/www.mimikastudio.com\/en\/product\/rumor-bomber-n2-with-draped-sleeves\/"]}]},{"@type":"ImageObject","inLanguage":"en-US","@id":"https:\/\/www.mimikastudio.com\/en\/product\/rumor-bomber-n2-with-draped-sleeves\/#primaryimage","url":"https:\/\/www.mimikastudio.com\/wp-content\/uploads\/2024\/08\/KURS-2x3_insta_8.jpg","contentUrl":"https:\/\/www.mimikastudio.com\/wp-content\/uploads\/2024\/08\/KURS-2x3_insta_8.jpg","width":1707,"height":2560,"caption":"Evoto"},{"@type":"BreadcrumbList","@id":"https:\/\/www.mimikastudio.com\/en\/product\/rumor-bomber-n2-with-draped-sleeves\/#breadcrumb","itemListElement":[{"@type":"ListItem","position":1,"name":"Home","item":"https:\/\/www.mimikastudio.com\/en\/"},{"@type":"ListItem","position":2,"name":"Shop Online","item":"https:\/\/www.mimikastudio.com\/shop-online\/"},{"@type":"ListItem","position":3,"name":"Rumor Bomber N^2 with draped sleeves"}]},{"@type":"WebSite","@id":"https:\/\/www.mimikastudio.com\/#website","url":"https:\/\/www.mimikastudio.com\/","name":"Mimika Studio Odzie\u017c sk\u00f3rzana","description":"Mimika Studio Odzie\u017c sk\u00f3rzana","potentialAction":[{"@type":"SearchAction","target":{"@type":"EntryPoint","urlTemplate":"https:\/\/www.mimikastudio.com\/?s={search_term_string}"},"query-input":"required name=search_term_string"}],"inLanguage":"en-US"}]}},"_links":{"self":[{"href":"https:\/\/www.mimikastudio.com\/en\/wp-json\/wp\/v2\/product\/8474\/"}],"collection":[{"href":"https:\/\/www.mimikastudio.com\/en\/wp-json\/wp\/v2\/product\/"}],"about":[{"href":"https:\/\/www.mimikastudio.com\/en\/wp-json\/wp\/v2\/types\/product\/"}],"replies":[{"embeddable":true,"href":"https:\/\/www.mimikastudio.com\/en\/wp-json\/wp\/v2\/comments\/?post=8474"}],"wp:featuredmedia":[{"embeddable":true,"href":"https:\/\/www.mimikastudio.com\/en\/wp-json\/wp\/v2\/media\/8423\/"}],"wp:attachment":[{"href":"https:\/\/www.mimikastudio.com\/en\/wp-json\/wp\/v2\/media\/?parent=8474"}],"wp:term":[{"taxonomy":"product_cat","embeddable":true,"href":"https:\/\/www.mimikastudio.com\/en\/wp-json\/wp\/v2\/product_cat\/?post=8474"},{"taxonomy":"product_tag","embeddable":true,"href":"https:\/\/www.mimikastudio.com\/en\/wp-json\/wp\/v2\/product_tag\/?post=8474"}],"curies":[{"name":"wp","href":"https:\/\/api.w.org\/{rel}","templated":true}]}}