{"id":9613,"date":"2026-01-27T09:54:36","date_gmt":"2026-01-27T08:54:36","guid":{"rendered":"https:\/\/www.mimikastudio.com\/?post_type=product&#038;p=9613"},"modified":"2026-01-27T11:27:37","modified_gmt":"2026-01-27T10:27:37","slug":"bossanova-trench-cafe","status":"publish","type":"product","link":"https:\/\/www.mimikastudio.com\/en\/product\/bossanova-trench-cafe\/","title":{"rendered":"Bossanova Trench Cafe"},"content":{"rendered":"","protected":false},"excerpt":{"rendered":"","protected":false},"featured_media":9583,"comment_status":"open","ping_status":"closed","template":"","meta":[],"product_cat":[266],"product_tag":[],"yoast_head":"<!-- This site is optimized with the Yoast SEO plugin v22.2 - https:\/\/yoast.com\/wordpress\/plugins\/seo\/ -->\n<title>Bossanova Trench Cafe - Mimika Studio Odzie\u017c sk\u00f3rzana<\/title>\n<meta name=\"robots\" content=\"index, follow, max-snippet:-1, max-image-preview:large, max-video-preview:-1\" \/>\n<link rel=\"canonical\" href=\"https:\/\/www.mimikastudio.com\/en\/product\/bossanova-trench-cafe\/\" \/>\n<meta property=\"og:locale\" content=\"en_US\" \/>\n<meta property=\"og:type\" content=\"article\" \/>\n<meta property=\"og:title\" content=\"Bossanova Trench Cafe - Mimika Studio Odzie\u017c sk\u00f3rzana\" \/>\n<meta property=\"og:url\" content=\"https:\/\/www.mimikastudio.com\/en\/product\/bossanova-trench-cafe\/\" \/>\n<meta property=\"og:site_name\" content=\"Mimika Studio Odzie\u017c sk\u00f3rzana\" \/>\n<meta property=\"article:publisher\" content=\"https:\/\/www.facebook.com\/mimikaleather\" \/>\n<meta property=\"article:modified_time\" content=\"2026-01-27T10:27:37+00:00\" \/>\n<meta property=\"og:image\" content=\"https:\/\/www.mimikastudio.com\/wp-content\/uploads\/2026\/01\/Sesja-bez-nazwy0165-1.jpg\" \/>\n\t<meta property=\"og:image:width\" content=\"1707\" \/>\n\t<meta property=\"og:image:height\" content=\"2560\" \/>\n\t<meta property=\"og:image:type\" content=\"image\/jpeg\" \/>\n<meta name=\"twitter:card\" content=\"summary_large_image\" \/>\n<meta name=\"twitter:label1\" content=\"Est. reading time\" \/>\n\t<meta name=\"twitter:data1\" content=\"1 minute\" \/>\n<script type=\"application\/ld+json\" class=\"yoast-schema-graph\">{\"@context\":\"https:\/\/schema.org\",\"@graph\":[{\"@type\":\"WebPage\",\"@id\":\"https:\/\/www.mimikastudio.com\/en\/product\/bossanova-trench-cafe\/\",\"url\":\"https:\/\/www.mimikastudio.com\/en\/product\/bossanova-trench-cafe\/\",\"name\":\"Bossanova Trench Cafe - Mimika Studio Odzie\u017c sk\u00f3rzana\",\"isPartOf\":{\"@id\":\"https:\/\/www.mimikastudio.com\/#website\"},\"primaryImageOfPage\":{\"@id\":\"https:\/\/www.mimikastudio.com\/en\/product\/bossanova-trench-cafe\/#primaryimage\"},\"image\":{\"@id\":\"https:\/\/www.mimikastudio.com\/en\/product\/bossanova-trench-cafe\/#primaryimage\"},\"thumbnailUrl\":\"https:\/\/www.mimikastudio.com\/wp-content\/uploads\/2026\/01\/Sesja-bez-nazwy0165-1.jpg\",\"datePublished\":\"2026-01-27T08:54:36+00:00\",\"dateModified\":\"2026-01-27T10:27:37+00:00\",\"breadcrumb\":{\"@id\":\"https:\/\/www.mimikastudio.com\/en\/product\/bossanova-trench-cafe\/#breadcrumb\"},\"inLanguage\":\"en-US\",\"potentialAction\":[{\"@type\":\"ReadAction\",\"target\":[\"https:\/\/www.mimikastudio.com\/en\/product\/bossanova-trench-cafe\/\"]}]},{\"@type\":\"ImageObject\",\"inLanguage\":\"en-US\",\"@id\":\"https:\/\/www.mimikastudio.com\/en\/product\/bossanova-trench-cafe\/#primaryimage\",\"url\":\"https:\/\/www.mimikastudio.com\/wp-content\/uploads\/2026\/01\/Sesja-bez-nazwy0165-1.jpg\",\"contentUrl\":\"https:\/\/www.mimikastudio.com\/wp-content\/uploads\/2026\/01\/Sesja-bez-nazwy0165-1.jpg\",\"width\":1707,\"height\":2560},{\"@type\":\"BreadcrumbList\",\"@id\":\"https:\/\/www.mimikastudio.com\/en\/product\/bossanova-trench-cafe\/#breadcrumb\",\"itemListElement\":[{\"@type\":\"ListItem\",\"position\":1,\"name\":\"Home\",\"item\":\"https:\/\/www.mimikastudio.com\/en\/\"},{\"@type\":\"ListItem\",\"position\":2,\"name\":\"Shop Online\",\"item\":\"https:\/\/www.mimikastudio.com\/shop-online\/\"},{\"@type\":\"ListItem\",\"position\":3,\"name\":\"Bossanova Trench Cafe\"}]},{\"@type\":\"WebSite\",\"@id\":\"https:\/\/www.mimikastudio.com\/#website\",\"url\":\"https:\/\/www.mimikastudio.com\/\",\"name\":\"Mimika Studio Odzie\u017c sk\u00f3rzana\",\"description\":\"Mimika Studio Odzie\u017c sk\u00f3rzana\",\"potentialAction\":[{\"@type\":\"SearchAction\",\"target\":{\"@type\":\"EntryPoint\",\"urlTemplate\":\"https:\/\/www.mimikastudio.com\/?s={search_term_string}\"},\"query-input\":\"required name=search_term_string\"}],\"inLanguage\":\"en-US\"}]}<\/script>\n<!-- \/ Yoast SEO plugin. -->","yoast_head_json":{"title":"Bossanova Trench Cafe - Mimika Studio Odzie\u017c sk\u00f3rzana","robots":{"index":"index","follow":"follow","max-snippet":"max-snippet:-1","max-image-preview":"max-image-preview:large","max-video-preview":"max-video-preview:-1"},"canonical":"https:\/\/www.mimikastudio.com\/en\/product\/bossanova-trench-cafe\/","og_locale":"en_US","og_type":"article","og_title":"Bossanova Trench Cafe - Mimika Studio Odzie\u017c sk\u00f3rzana","og_url":"https:\/\/www.mimikastudio.com\/en\/product\/bossanova-trench-cafe\/","og_site_name":"Mimika Studio Odzie\u017c sk\u00f3rzana","article_publisher":"https:\/\/www.facebook.com\/mimikaleather","article_modified_time":"2026-01-27T10:27:37+00:00","og_image":[{"width":1707,"height":2560,"url":"https:\/\/www.mimikastudio.com\/wp-content\/uploads\/2026\/01\/Sesja-bez-nazwy0165-1.jpg","type":"image\/jpeg"}],"twitter_card":"summary_large_image","twitter_misc":{"Est. reading time":"1 minute"},"schema":{"@context":"https:\/\/schema.org","@graph":[{"@type":"WebPage","@id":"https:\/\/www.mimikastudio.com\/en\/product\/bossanova-trench-cafe\/","url":"https:\/\/www.mimikastudio.com\/en\/product\/bossanova-trench-cafe\/","name":"Bossanova Trench Cafe - Mimika Studio Odzie\u017c sk\u00f3rzana","isPartOf":{"@id":"https:\/\/www.mimikastudio.com\/#website"},"primaryImageOfPage":{"@id":"https:\/\/www.mimikastudio.com\/en\/product\/bossanova-trench-cafe\/#primaryimage"},"image":{"@id":"https:\/\/www.mimikastudio.com\/en\/product\/bossanova-trench-cafe\/#primaryimage"},"thumbnailUrl":"https:\/\/www.mimikastudio.com\/wp-content\/uploads\/2026\/01\/Sesja-bez-nazwy0165-1.jpg","datePublished":"2026-01-27T08:54:36+00:00","dateModified":"2026-01-27T10:27:37+00:00","breadcrumb":{"@id":"https:\/\/www.mimikastudio.com\/en\/product\/bossanova-trench-cafe\/#breadcrumb"},"inLanguage":"en-US","potentialAction":[{"@type":"ReadAction","target":["https:\/\/www.mimikastudio.com\/en\/product\/bossanova-trench-cafe\/"]}]},{"@type":"ImageObject","inLanguage":"en-US","@id":"https:\/\/www.mimikastudio.com\/en\/product\/bossanova-trench-cafe\/#primaryimage","url":"https:\/\/www.mimikastudio.com\/wp-content\/uploads\/2026\/01\/Sesja-bez-nazwy0165-1.jpg","contentUrl":"https:\/\/www.mimikastudio.com\/wp-content\/uploads\/2026\/01\/Sesja-bez-nazwy0165-1.jpg","width":1707,"height":2560},{"@type":"BreadcrumbList","@id":"https:\/\/www.mimikastudio.com\/en\/product\/bossanova-trench-cafe\/#breadcrumb","itemListElement":[{"@type":"ListItem","position":1,"name":"Home","item":"https:\/\/www.mimikastudio.com\/en\/"},{"@type":"ListItem","position":2,"name":"Shop Online","item":"https:\/\/www.mimikastudio.com\/shop-online\/"},{"@type":"ListItem","position":3,"name":"Bossanova Trench Cafe"}]},{"@type":"WebSite","@id":"https:\/\/www.mimikastudio.com\/#website","url":"https:\/\/www.mimikastudio.com\/","name":"Mimika Studio Odzie\u017c sk\u00f3rzana","description":"Mimika Studio Odzie\u017c sk\u00f3rzana","potentialAction":[{"@type":"SearchAction","target":{"@type":"EntryPoint","urlTemplate":"https:\/\/www.mimikastudio.com\/?s={search_term_string}"},"query-input":"required name=search_term_string"}],"inLanguage":"en-US"}]}},"_links":{"self":[{"href":"https:\/\/www.mimikastudio.com\/en\/wp-json\/wp\/v2\/product\/9613\/"}],"collection":[{"href":"https:\/\/www.mimikastudio.com\/en\/wp-json\/wp\/v2\/product\/"}],"about":[{"href":"https:\/\/www.mimikastudio.com\/en\/wp-json\/wp\/v2\/types\/product\/"}],"replies":[{"embeddable":true,"href":"https:\/\/www.mimikastudio.com\/en\/wp-json\/wp\/v2\/comments\/?post=9613"}],"wp:featuredmedia":[{"embeddable":true,"href":"https:\/\/www.mimikastudio.com\/en\/wp-json\/wp\/v2\/media\/9583\/"}],"wp:attachment":[{"href":"https:\/\/www.mimikastudio.com\/en\/wp-json\/wp\/v2\/media\/?parent=9613"}],"wp:term":[{"taxonomy":"product_cat","embeddable":true,"href":"https:\/\/www.mimikastudio.com\/en\/wp-json\/wp\/v2\/product_cat\/?post=9613"},{"taxonomy":"product_tag","embeddable":true,"href":"https:\/\/www.mimikastudio.com\/en\/wp-json\/wp\/v2\/product_tag\/?post=9613"}],"curies":[{"name":"wp","href":"https:\/\/api.w.org\/{rel}","templated":true}]}}