{"id":9977,"date":"2026-01-28T16:58:15","date_gmt":"2026-01-28T15:58:15","guid":{"rendered":"https:\/\/www.mimikastudio.com\/?post_type=product&#038;p=9977"},"modified":"2026-01-28T16:58:15","modified_gmt":"2026-01-28T15:58:15","slug":"bomber-n7-cafe-textured-leather","status":"publish","type":"product","link":"https:\/\/www.mimikastudio.com\/en\/product\/bomber-n7-cafe-textured-leather\/","title":{"rendered":"BOMBER n^7 cafe textured leather"},"content":{"rendered":"","protected":false},"excerpt":{"rendered":"","protected":false},"featured_media":9765,"comment_status":"open","ping_status":"closed","template":"","meta":[],"product_cat":[264],"product_tag":[],"yoast_head":"<!-- This site is optimized with the Yoast SEO plugin v22.2 - https:\/\/yoast.com\/wordpress\/plugins\/seo\/ -->\n<title>BOMBER n^7 cafe textured leather - Mimika Studio Odzie\u017c sk\u00f3rzana<\/title>\n<meta name=\"robots\" content=\"index, follow, max-snippet:-1, max-image-preview:large, max-video-preview:-1\" \/>\n<link rel=\"canonical\" href=\"https:\/\/www.mimikastudio.com\/en\/product\/bomber-n7-cafe-textured-leather\/\" \/>\n<meta property=\"og:locale\" content=\"en_US\" \/>\n<meta property=\"og:type\" content=\"article\" \/>\n<meta property=\"og:title\" content=\"BOMBER n^7 cafe textured leather - Mimika Studio Odzie\u017c sk\u00f3rzana\" \/>\n<meta property=\"og:url\" content=\"https:\/\/www.mimikastudio.com\/en\/product\/bomber-n7-cafe-textured-leather\/\" \/>\n<meta property=\"og:site_name\" content=\"Mimika Studio Odzie\u017c sk\u00f3rzana\" \/>\n<meta property=\"article:publisher\" content=\"https:\/\/www.facebook.com\/mimikaleather\" \/>\n<meta property=\"og:image\" content=\"https:\/\/www.mimikastudio.com\/wp-content\/uploads\/2026\/01\/Sesja-bez-nazwy0927.jpg\" \/>\n\t<meta property=\"og:image:width\" content=\"1707\" \/>\n\t<meta property=\"og:image:height\" content=\"2560\" \/>\n\t<meta property=\"og:image:type\" content=\"image\/jpeg\" \/>\n<meta name=\"twitter:card\" content=\"summary_large_image\" \/>\n<script type=\"application\/ld+json\" class=\"yoast-schema-graph\">{\"@context\":\"https:\/\/schema.org\",\"@graph\":[{\"@type\":\"WebPage\",\"@id\":\"https:\/\/www.mimikastudio.com\/en\/product\/bomber-n7-cafe-textured-leather\/\",\"url\":\"https:\/\/www.mimikastudio.com\/en\/product\/bomber-n7-cafe-textured-leather\/\",\"name\":\"BOMBER n^7 cafe textured leather - Mimika Studio Odzie\u017c sk\u00f3rzana\",\"isPartOf\":{\"@id\":\"https:\/\/www.mimikastudio.com\/#website\"},\"primaryImageOfPage\":{\"@id\":\"https:\/\/www.mimikastudio.com\/en\/product\/bomber-n7-cafe-textured-leather\/#primaryimage\"},\"image\":{\"@id\":\"https:\/\/www.mimikastudio.com\/en\/product\/bomber-n7-cafe-textured-leather\/#primaryimage\"},\"thumbnailUrl\":\"https:\/\/www.mimikastudio.com\/wp-content\/uploads\/2026\/01\/Sesja-bez-nazwy0927.jpg\",\"datePublished\":\"2026-01-28T15:58:15+00:00\",\"dateModified\":\"2026-01-28T15:58:15+00:00\",\"breadcrumb\":{\"@id\":\"https:\/\/www.mimikastudio.com\/en\/product\/bomber-n7-cafe-textured-leather\/#breadcrumb\"},\"inLanguage\":\"en-US\",\"potentialAction\":[{\"@type\":\"ReadAction\",\"target\":[\"https:\/\/www.mimikastudio.com\/en\/product\/bomber-n7-cafe-textured-leather\/\"]}]},{\"@type\":\"ImageObject\",\"inLanguage\":\"en-US\",\"@id\":\"https:\/\/www.mimikastudio.com\/en\/product\/bomber-n7-cafe-textured-leather\/#primaryimage\",\"url\":\"https:\/\/www.mimikastudio.com\/wp-content\/uploads\/2026\/01\/Sesja-bez-nazwy0927.jpg\",\"contentUrl\":\"https:\/\/www.mimikastudio.com\/wp-content\/uploads\/2026\/01\/Sesja-bez-nazwy0927.jpg\",\"width\":1707,\"height\":2560},{\"@type\":\"BreadcrumbList\",\"@id\":\"https:\/\/www.mimikastudio.com\/en\/product\/bomber-n7-cafe-textured-leather\/#breadcrumb\",\"itemListElement\":[{\"@type\":\"ListItem\",\"position\":1,\"name\":\"Home\",\"item\":\"https:\/\/www.mimikastudio.com\/en\/\"},{\"@type\":\"ListItem\",\"position\":2,\"name\":\"Shop Online\",\"item\":\"https:\/\/www.mimikastudio.com\/shop-online\/\"},{\"@type\":\"ListItem\",\"position\":3,\"name\":\"BOMBER n^7 cafe textured leather\"}]},{\"@type\":\"WebSite\",\"@id\":\"https:\/\/www.mimikastudio.com\/#website\",\"url\":\"https:\/\/www.mimikastudio.com\/\",\"name\":\"Mimika Studio Odzie\u017c sk\u00f3rzana\",\"description\":\"Mimika Studio Odzie\u017c sk\u00f3rzana\",\"potentialAction\":[{\"@type\":\"SearchAction\",\"target\":{\"@type\":\"EntryPoint\",\"urlTemplate\":\"https:\/\/www.mimikastudio.com\/?s={search_term_string}\"},\"query-input\":\"required name=search_term_string\"}],\"inLanguage\":\"en-US\"}]}<\/script>\n<!-- \/ Yoast SEO plugin. -->","yoast_head_json":{"title":"BOMBER n^7 cafe textured leather - Mimika Studio Odzie\u017c sk\u00f3rzana","robots":{"index":"index","follow":"follow","max-snippet":"max-snippet:-1","max-image-preview":"max-image-preview:large","max-video-preview":"max-video-preview:-1"},"canonical":"https:\/\/www.mimikastudio.com\/en\/product\/bomber-n7-cafe-textured-leather\/","og_locale":"en_US","og_type":"article","og_title":"BOMBER n^7 cafe textured leather - Mimika Studio Odzie\u017c sk\u00f3rzana","og_url":"https:\/\/www.mimikastudio.com\/en\/product\/bomber-n7-cafe-textured-leather\/","og_site_name":"Mimika Studio Odzie\u017c sk\u00f3rzana","article_publisher":"https:\/\/www.facebook.com\/mimikaleather","og_image":[{"width":1707,"height":2560,"url":"https:\/\/www.mimikastudio.com\/wp-content\/uploads\/2026\/01\/Sesja-bez-nazwy0927.jpg","type":"image\/jpeg"}],"twitter_card":"summary_large_image","schema":{"@context":"https:\/\/schema.org","@graph":[{"@type":"WebPage","@id":"https:\/\/www.mimikastudio.com\/en\/product\/bomber-n7-cafe-textured-leather\/","url":"https:\/\/www.mimikastudio.com\/en\/product\/bomber-n7-cafe-textured-leather\/","name":"BOMBER n^7 cafe textured leather - Mimika Studio Odzie\u017c sk\u00f3rzana","isPartOf":{"@id":"https:\/\/www.mimikastudio.com\/#website"},"primaryImageOfPage":{"@id":"https:\/\/www.mimikastudio.com\/en\/product\/bomber-n7-cafe-textured-leather\/#primaryimage"},"image":{"@id":"https:\/\/www.mimikastudio.com\/en\/product\/bomber-n7-cafe-textured-leather\/#primaryimage"},"thumbnailUrl":"https:\/\/www.mimikastudio.com\/wp-content\/uploads\/2026\/01\/Sesja-bez-nazwy0927.jpg","datePublished":"2026-01-28T15:58:15+00:00","dateModified":"2026-01-28T15:58:15+00:00","breadcrumb":{"@id":"https:\/\/www.mimikastudio.com\/en\/product\/bomber-n7-cafe-textured-leather\/#breadcrumb"},"inLanguage":"en-US","potentialAction":[{"@type":"ReadAction","target":["https:\/\/www.mimikastudio.com\/en\/product\/bomber-n7-cafe-textured-leather\/"]}]},{"@type":"ImageObject","inLanguage":"en-US","@id":"https:\/\/www.mimikastudio.com\/en\/product\/bomber-n7-cafe-textured-leather\/#primaryimage","url":"https:\/\/www.mimikastudio.com\/wp-content\/uploads\/2026\/01\/Sesja-bez-nazwy0927.jpg","contentUrl":"https:\/\/www.mimikastudio.com\/wp-content\/uploads\/2026\/01\/Sesja-bez-nazwy0927.jpg","width":1707,"height":2560},{"@type":"BreadcrumbList","@id":"https:\/\/www.mimikastudio.com\/en\/product\/bomber-n7-cafe-textured-leather\/#breadcrumb","itemListElement":[{"@type":"ListItem","position":1,"name":"Home","item":"https:\/\/www.mimikastudio.com\/en\/"},{"@type":"ListItem","position":2,"name":"Shop Online","item":"https:\/\/www.mimikastudio.com\/shop-online\/"},{"@type":"ListItem","position":3,"name":"BOMBER n^7 cafe textured leather"}]},{"@type":"WebSite","@id":"https:\/\/www.mimikastudio.com\/#website","url":"https:\/\/www.mimikastudio.com\/","name":"Mimika Studio Odzie\u017c sk\u00f3rzana","description":"Mimika Studio Odzie\u017c sk\u00f3rzana","potentialAction":[{"@type":"SearchAction","target":{"@type":"EntryPoint","urlTemplate":"https:\/\/www.mimikastudio.com\/?s={search_term_string}"},"query-input":"required name=search_term_string"}],"inLanguage":"en-US"}]}},"_links":{"self":[{"href":"https:\/\/www.mimikastudio.com\/en\/wp-json\/wp\/v2\/product\/9977\/"}],"collection":[{"href":"https:\/\/www.mimikastudio.com\/en\/wp-json\/wp\/v2\/product\/"}],"about":[{"href":"https:\/\/www.mimikastudio.com\/en\/wp-json\/wp\/v2\/types\/product\/"}],"replies":[{"embeddable":true,"href":"https:\/\/www.mimikastudio.com\/en\/wp-json\/wp\/v2\/comments\/?post=9977"}],"wp:featuredmedia":[{"embeddable":true,"href":"https:\/\/www.mimikastudio.com\/en\/wp-json\/wp\/v2\/media\/9765\/"}],"wp:attachment":[{"href":"https:\/\/www.mimikastudio.com\/en\/wp-json\/wp\/v2\/media\/?parent=9977"}],"wp:term":[{"taxonomy":"product_cat","embeddable":true,"href":"https:\/\/www.mimikastudio.com\/en\/wp-json\/wp\/v2\/product_cat\/?post=9977"},{"taxonomy":"product_tag","embeddable":true,"href":"https:\/\/www.mimikastudio.com\/en\/wp-json\/wp\/v2\/product_tag\/?post=9977"}],"curies":[{"name":"wp","href":"https:\/\/api.w.org\/{rel}","templated":true}]}}